{"id":15770,"date":"2024-06-20T10:53:29","date_gmt":"2024-06-20T08:53:29","guid":{"rendered":"https:\/\/molalalana.es\/tienda\/?page_id=15770"},"modified":"2024-06-20T10:53:31","modified_gmt":"2024-06-20T08:53:31","slug":"formas-de-pago","status":"publish","type":"page","link":"https:\/\/molalalana.es\/tienda\/formas-de-pago\/","title":{"rendered":"Formas de pago"},"content":{"rendered":"\n<p class=\"has-large-font-size\">Formas de pago aceptadas:<\/p>\n\n\n\n<p><strong>Tarjeta de Cr\u00e9dito:<\/strong><\/p>\n\n\n\n<p>Puede pagar con su tarjeta de cr\u00e9dito los productos que adquiera en nuestra web. Si escoge esta forma de pago saldr\u00e1 de nuestra web y todo el proceso de pago se realizar\u00e1 desde el TPV Virtual de nuestro Banco. Este se comunicar\u00e1 con los sistemas de su banco. <\/p>\n\n\n\n<p>No guardamos ning\u00fan dato del su tarjeta ni de su cuenta. Toda la informaci\u00f3n se gestiona entre nuestro banco y el suyo. Puede ser que su bando le solicite claves extras para poder confirmar el pago. <\/p>\n\n\n\n<p><strong>Transferencia Bancaria:<\/strong><\/p>\n\n\n\n<p>Si escoge esta forma de pago le proporcionaremos el IBAN de una cuenta donde puede enviarnos la transferencia por el importe. Si usa esta forma de pago le agradecer\u00edamos que nos enviase un justificante del pago para agilizar su pedido.<\/p>\n\n\n\n<p><strong>Contra-reembolso:<\/strong><\/p>\n\n\n\n<p>Si lo desea puede pagar su pedido al transportista cuando \u00e9ste vaya a entregarle su pedido.<\/p>\n\n\n\n<p><strong>Pagar en Tienda:<\/strong><\/p>\n\n\n\n<p>Si escoge recogida en tienda, puede pagarnos el pedido cuando venga a recogerlo a nuestra tienda f\u00edsica. <\/p>\n","protected":false},"excerpt":{"rendered":"<p>Formas de pago aceptadas: Tarjeta de Cr\u00e9dito: Puede pagar con su tarjeta de cr\u00e9dito los productos que adquiera en nuestra web. Si escoge esta forma de pago saldr\u00e1 de nuestra web y todo el proceso de pago se realizar\u00e1 desde el TPV Virtual de nuestro Banco. Este se comunicar\u00e1 con los sistemas de su banco. [&hellip;]<\/p>\n","protected":false},"author":1,"featured_media":0,"parent":0,"menu_order":0,"comment_status":"closed","ping_status":"closed","template":"","meta":{"footnotes":""},"class_list":["post-15770","page","type-page","status-publish","hentry"],"_links":{"self":[{"href":"https:\/\/molalalana.es\/tienda\/wp-json\/wp\/v2\/pages\/15770","targetHints":{"allow":["GET"]}}],"collection":[{"href":"https:\/\/molalalana.es\/tienda\/wp-json\/wp\/v2\/pages"}],"about":[{"href":"https:\/\/molalalana.es\/tienda\/wp-json\/wp\/v2\/types\/page"}],"author":[{"embeddable":true,"href":"https:\/\/molalalana.es\/tienda\/wp-json\/wp\/v2\/users\/1"}],"replies":[{"embeddable":true,"href":"https:\/\/molalalana.es\/tienda\/wp-json\/wp\/v2\/comments?post=15770"}],"version-history":[{"count":1,"href":"https:\/\/molalalana.es\/tienda\/wp-json\/wp\/v2\/pages\/15770\/revisions"}],"predecessor-version":[{"id":15771,"href":"https:\/\/molalalana.es\/tienda\/wp-json\/wp\/v2\/pages\/15770\/revisions\/15771"}],"wp:attachment":[{"href":"https:\/\/molalalana.es\/tienda\/wp-json\/wp\/v2\/media?parent=15770"}],"curies":[{"name":"wp","href":"https:\/\/api.w.org\/{rel}","templated":true}]}}