{"id":10194,"date":"2022-05-02T16:11:13","date_gmt":"2022-05-02T16:11:13","guid":{"rendered":"https:\/\/molalalana.es\/tienda\/producto\/aguja-tricotar-60-cm\/"},"modified":"2024-03-16T20:15:50","modified_gmt":"2024-03-16T18:15:50","slug":"aguja-tricotar-60-cm","status":"publish","type":"product","link":"https:\/\/molalalana.es\/tienda\/tienda\/aguja-tricotar-60-cm\/","title":{"rendered":"AGUJA TRICOTAR 60 CM"},"content":{"rendered":"\n<p><strong>Agujas para tricotar de 60 cm<\/strong>, son  agujas para tejer a punto labores de gran tama\u00f1o. Gracias su largo de 60 cm se pueden tejer con comodidad mantas, ponchos, colchas y m\u00e1s labores grandes.<\/p>\n\n\n\n<p>Con su longitud de 60 cm te ofrece mayor comodidad al tejer creaciones de gran tama\u00f1o, debido a que podr\u00e1s montar una infinidad de puntos en la aguja y tejer m\u00e1s r\u00e1pidamente.<\/p>\n\n\n\n<p>Est\u00e1n disponibles en 12 grosores distintos para que puedas tejer con todo tipo de hilos y lanas. Desde el grosor 3 mm hasta 6 mm est\u00e1n fabricadas en aluminio y desde el grosor 6\u00bd hasta 10 mm est\u00e1n fabricadas en pl\u00e1stico ABS. En la siguiente lista puedes ver cada medida disponible y el material del que est\u00e1 compuesta:<\/p>\n","protected":false},"excerpt":{"rendered":"<p>Agujas para tricotar de 60 cm, son  agujas para tejer a punto labores de gran tama\u00f1o. Gracias su largo de 60 cm se pueden tejer con comodidad mantas, ponchos, colchas y m\u00e1s labores grandes.<\/p>\n","protected":false},"featured_media":10375,"comment_status":"open","ping_status":"closed","template":"","meta":[],"product_brand":[],"product_cat":[2095,1699],"product_tag":[],"class_list":{"0":"post-10194","1":"product","2":"type-product","3":"status-publish","4":"has-post-thumbnail","6":"product_cat-aguja-tricotar","7":"product_cat-agujas","8":"pa_medida-10-mm","9":"pa_medida-3-mm","10":"pa_medida-3-5-mm","11":"pa_medida-4-mm","12":"pa_medida-4-5-mm","13":"pa_medida-5-mm","14":"pa_medida-6-mm","15":"pa_medida-7-mm","17":"first","18":"instock","19":"taxable","20":"shipping-taxable","21":"purchasable","22":"product-type-variable","23":"has-default-attributes"},"_links":{"self":[{"href":"https:\/\/molalalana.es\/tienda\/wp-json\/wp\/v2\/product\/10194","targetHints":{"allow":["GET"]}}],"collection":[{"href":"https:\/\/molalalana.es\/tienda\/wp-json\/wp\/v2\/product"}],"about":[{"href":"https:\/\/molalalana.es\/tienda\/wp-json\/wp\/v2\/types\/product"}],"replies":[{"embeddable":true,"href":"https:\/\/molalalana.es\/tienda\/wp-json\/wp\/v2\/comments?post=10194"}],"wp:featuredmedia":[{"embeddable":true,"href":"https:\/\/molalalana.es\/tienda\/wp-json\/wp\/v2\/media\/10375"}],"wp:attachment":[{"href":"https:\/\/molalalana.es\/tienda\/wp-json\/wp\/v2\/media?parent=10194"}],"wp:term":[{"taxonomy":"product_brand","embeddable":true,"href":"https:\/\/molalalana.es\/tienda\/wp-json\/wp\/v2\/product_brand?post=10194"},{"taxonomy":"product_cat","embeddable":true,"href":"https:\/\/molalalana.es\/tienda\/wp-json\/wp\/v2\/product_cat?post=10194"},{"taxonomy":"product_tag","embeddable":true,"href":"https:\/\/molalalana.es\/tienda\/wp-json\/wp\/v2\/product_tag?post=10194"}],"curies":[{"name":"wp","href":"https:\/\/api.w.org\/{rel}","templated":true}]}}