{"id":10265,"date":"2022-05-02T16:11:44","date_gmt":"2022-05-02T16:11:44","guid":{"rendered":"https:\/\/molalalana.es\/tienda\/producto\/ganchillo-clover-amour\/"},"modified":"2026-03-18T21:01:24","modified_gmt":"2026-03-18T19:01:24","slug":"ganchillo-clover-amour","status":"publish","type":"product","link":"https:\/\/molalalana.es\/tienda\/tienda\/ganchillo-clover-amour\/","title":{"rendered":"GANCHILLO CLOVER  AMOUR"},"content":{"rendered":"\n<p>El <strong>mango ergon\u00f3mico<\/strong> de las <strong>agujas de ganchillo Amour de Clover<\/strong> te encantar\u00e1 tanto at\u00ed como a tu mano. Se amolda totalmente a ella por su forma, aportando una mayor comodidad.<\/p>\n\n\n\n<p>Adem\u00e1s de diferenciarse por su c\u00f3modo mango, estos ganchillos se diferencian por sus brillantes y divertidos colores, cada grosor en un tono distinto para encontrar en tu bolsa de labores la medida necesaria a primera vista.<\/p>\n\n\n\n<p>El mango est\u00e1 fabricado en goma y la punta est\u00e1 fabricada en aluminio perfectamente pulido, que ofrece un suave deslizamiento de tus lanas o hilos, ayud\u00e1ndote a trabajar de una manera m\u00e1s sencilla y con m\u00e1s rapidez.<\/p>\n\n\n\n<p>Las medidas m\u00e1s gruesas, a partir de 6,50 mm ofrecen las puntas en pl\u00e1stico, algo que aporta ligereza al trabajar tus labores en los grosores m\u00e1s altos.<\/p>\n\n\n\n<p>Adem\u00e1s la punta de la aguja tiene espacio suficiente para trabajar de varias lazadas o puntos<\/p>\n","protected":false},"excerpt":{"rendered":"<p><strong>Ganchillos Amour de Clove<\/strong>r, unas agujas de ganchillo con mango ergon\u00f3mico disponible en brillantes colores, que aportan comodidad y una extrema suavidad a tu mano.<\/p>\n","protected":false},"featured_media":10404,"comment_status":"open","ping_status":"closed","template":"","meta":[],"product_brand":[],"product_cat":[2115,1699],"product_tag":[],"class_list":{"0":"post-10265","1":"product","2":"type-product","3":"status-publish","4":"has-post-thumbnail","6":"product_cat-aguja-ganchillo","7":"product_cat-agujas","8":"pa_marca-clover","9":"pa_medida-0-60-mm","10":"pa_medida-0-75-mm","11":"pa_medida-0-90-mm","12":"pa_medida-1-00-mm","13":"pa_medida-1-25-mm","14":"pa_medida-1-5-m-mm","15":"pa_medida-1-75-mm","16":"pa_medida-10-mm","17":"pa_medida-12-mm-mm","18":"pa_medida-15mm-mm","19":"pa_medida-2-5-m-mm","20":"pa_medida-3-mm-mm","21":"pa_medida-35mm-mm","22":"pa_medida-4-mm-mm","23":"pa_medida-4-5-m-mm","24":"pa_medida-5-mm","25":"pa_medida-5-5-mm","26":"pa_medida-6-mm","27":"pa_medida-6-5-mm","28":"pa_medida-7-mm","29":"pa_medida-8-mm","30":"pa_medida-9-mm","32":"first","33":"instock","34":"taxable","35":"shipping-taxable","36":"purchasable","37":"product-type-variable","38":"has-default-attributes"},"_links":{"self":[{"href":"https:\/\/molalalana.es\/tienda\/wp-json\/wp\/v2\/product\/10265","targetHints":{"allow":["GET"]}}],"collection":[{"href":"https:\/\/molalalana.es\/tienda\/wp-json\/wp\/v2\/product"}],"about":[{"href":"https:\/\/molalalana.es\/tienda\/wp-json\/wp\/v2\/types\/product"}],"replies":[{"embeddable":true,"href":"https:\/\/molalalana.es\/tienda\/wp-json\/wp\/v2\/comments?post=10265"}],"wp:featuredmedia":[{"embeddable":true,"href":"https:\/\/molalalana.es\/tienda\/wp-json\/wp\/v2\/media\/10404"}],"wp:attachment":[{"href":"https:\/\/molalalana.es\/tienda\/wp-json\/wp\/v2\/media?parent=10265"}],"wp:term":[{"taxonomy":"product_brand","embeddable":true,"href":"https:\/\/molalalana.es\/tienda\/wp-json\/wp\/v2\/product_brand?post=10265"},{"taxonomy":"product_cat","embeddable":true,"href":"https:\/\/molalalana.es\/tienda\/wp-json\/wp\/v2\/product_cat?post=10265"},{"taxonomy":"product_tag","embeddable":true,"href":"https:\/\/molalalana.es\/tienda\/wp-json\/wp\/v2\/product_tag?post=10265"}],"curies":[{"name":"wp","href":"https:\/\/api.w.org\/{rel}","templated":true}]}}