{"id":10308,"date":"2022-05-02T16:12:00","date_gmt":"2022-05-02T16:12:00","guid":{"rendered":"https:\/\/molalalana.es\/tienda\/producto\/ganchillo-jumbo\/"},"modified":"2026-03-18T20:54:41","modified_gmt":"2026-03-18T18:54:41","slug":"ganchillo-jumbo","status":"publish","type":"product","link":"https:\/\/molalalana.es\/tienda\/tienda\/ganchillo-jumbo\/","title":{"rendered":"GANCHILLO JUMBO"},"content":{"rendered":"\n<p>Disponibles en cuatro medidas, para aquellas seguidoras que les gusta el punto vuelto. Se pueden hacer labores con lanas gruesas, que se tricotan muy r\u00e1pidamente cuando se utiliza estas agujas enormes de madera. Dureza sorprendente con un acabado s\u00faper suave, estas agujas hacen que la lana se pueda mover sin esfuerzo. El tama\u00f1o Jumbo permite que tricotar sea una diversi\u00f3n tanto en casa como en un taller de labores.<\/p>\n","protected":false},"excerpt":{"rendered":"<p><strong>Ganchillos KnitPro Jumbo<\/strong> Disponibles en cuatro medidas, para aquellas seguidoras que les gusta el punto vuelto. Se pueden hacer labores con lanas gruesas, que se tricotan muy r\u00e1pidamente cuando se utiliza estas agujas enormes de madera.<\/p>\n","protected":false},"featured_media":11034,"comment_status":"open","ping_status":"closed","template":"","meta":[],"product_brand":[],"product_cat":[2115,1699],"product_tag":[],"class_list":{"0":"post-10308","1":"product","2":"type-product","3":"status-publish","4":"has-post-thumbnail","6":"product_cat-aguja-ganchillo","7":"product_cat-agujas","8":"pa_marca-knit-pro","9":"pa_medida-20-mm","10":"pa_medida-25-mm","11":"pa_medida-35-mm","13":"first","14":"instock","15":"taxable","16":"shipping-taxable","17":"purchasable","18":"product-type-variable","19":"has-default-attributes"},"_links":{"self":[{"href":"https:\/\/molalalana.es\/tienda\/wp-json\/wp\/v2\/product\/10308","targetHints":{"allow":["GET"]}}],"collection":[{"href":"https:\/\/molalalana.es\/tienda\/wp-json\/wp\/v2\/product"}],"about":[{"href":"https:\/\/molalalana.es\/tienda\/wp-json\/wp\/v2\/types\/product"}],"replies":[{"embeddable":true,"href":"https:\/\/molalalana.es\/tienda\/wp-json\/wp\/v2\/comments?post=10308"}],"wp:featuredmedia":[{"embeddable":true,"href":"https:\/\/molalalana.es\/tienda\/wp-json\/wp\/v2\/media\/11034"}],"wp:attachment":[{"href":"https:\/\/molalalana.es\/tienda\/wp-json\/wp\/v2\/media?parent=10308"}],"wp:term":[{"taxonomy":"product_brand","embeddable":true,"href":"https:\/\/molalalana.es\/tienda\/wp-json\/wp\/v2\/product_brand?post=10308"},{"taxonomy":"product_cat","embeddable":true,"href":"https:\/\/molalalana.es\/tienda\/wp-json\/wp\/v2\/product_cat?post=10308"},{"taxonomy":"product_tag","embeddable":true,"href":"https:\/\/molalalana.es\/tienda\/wp-json\/wp\/v2\/product_tag?post=10308"}],"curies":[{"name":"wp","href":"https:\/\/api.w.org\/{rel}","templated":true}]}}