{"id":10314,"date":"2022-05-02T16:12:05","date_gmt":"2022-05-02T16:12:05","guid":{"rendered":"https:\/\/molalalana.es\/tienda\/producto\/ganchillo-steel-crochet-hook\/"},"modified":"2026-03-18T20:54:12","modified_gmt":"2026-03-18T18:54:12","slug":"ganchillo-steel-crochet-hook","status":"publish","type":"product","link":"https:\/\/molalalana.es\/tienda\/tienda\/ganchillo-steel-crochet-hook\/","title":{"rendered":"GANCHILLO STEEL CROCHET HOOK"},"content":{"rendered":"\n<p>Los ganchos de ganchillo de acero de un solo extremo con agarre suave al tacto hacen que el hilo de ganchillo sea mucho m\u00e1s c\u00f3modo.<\/p>\n\n\n\n<p>Viene con la combinaci\u00f3n perfecta de dos materiales duraderos. Gancho de ganchillo con cuerpo de acero para toda una vida de resistencia y cabeza con cuerpo plateado para una buena visibilidad con hilo de cualquier color.<\/p>\n\n\n\n<p>Un producto innovador con un mango de dise\u00f1o ergon\u00f3mico que fomenta horas de c\u00f3modo ganchillo<\/p>\n","protected":false},"excerpt":{"rendered":"<p>Los ganchos de ganchillo de acero de un solo extremo con agarre suave al tacto hacen que el hilo de ganchillo sea mucho m\u00e1s c\u00f3modo<\/p>\n","protected":false},"featured_media":10423,"comment_status":"open","ping_status":"closed","template":"","meta":[],"product_brand":[],"product_cat":[2115,1699],"product_tag":[],"class_list":{"0":"post-10314","1":"product","2":"type-product","3":"status-publish","4":"has-post-thumbnail","6":"product_cat-aguja-ganchillo","7":"product_cat-agujas","8":"pa_marca-knit-pro","9":"pa_medida-05-mm","10":"pa_medida-075-mm","11":"pa_medida-1-mm","12":"pa_medida-1-25-mm","13":"pa_medida-1-5-mm","14":"pa_medida-1-75-mm","16":"first","17":"instock","18":"taxable","19":"shipping-taxable","20":"purchasable","21":"product-type-variable","22":"has-default-attributes"},"_links":{"self":[{"href":"https:\/\/molalalana.es\/tienda\/wp-json\/wp\/v2\/product\/10314","targetHints":{"allow":["GET"]}}],"collection":[{"href":"https:\/\/molalalana.es\/tienda\/wp-json\/wp\/v2\/product"}],"about":[{"href":"https:\/\/molalalana.es\/tienda\/wp-json\/wp\/v2\/types\/product"}],"replies":[{"embeddable":true,"href":"https:\/\/molalalana.es\/tienda\/wp-json\/wp\/v2\/comments?post=10314"}],"wp:featuredmedia":[{"embeddable":true,"href":"https:\/\/molalalana.es\/tienda\/wp-json\/wp\/v2\/media\/10423"}],"wp:attachment":[{"href":"https:\/\/molalalana.es\/tienda\/wp-json\/wp\/v2\/media?parent=10314"}],"wp:term":[{"taxonomy":"product_brand","embeddable":true,"href":"https:\/\/molalalana.es\/tienda\/wp-json\/wp\/v2\/product_brand?post=10314"},{"taxonomy":"product_cat","embeddable":true,"href":"https:\/\/molalalana.es\/tienda\/wp-json\/wp\/v2\/product_cat?post=10314"},{"taxonomy":"product_tag","embeddable":true,"href":"https:\/\/molalalana.es\/tienda\/wp-json\/wp\/v2\/product_tag?post=10314"}],"curies":[{"name":"wp","href":"https:\/\/api.w.org\/{rel}","templated":true}]}}