{"id":10344,"date":"2022-05-02T16:12:18","date_gmt":"2022-05-02T16:12:18","guid":{"rendered":"https:\/\/molalalana.es\/tienda\/producto\/agujas-circulares-intercam-zing\/"},"modified":"2025-09-01T13:20:37","modified_gmt":"2025-09-01T11:20:37","slug":"agujas-circulares-intercam-zing","status":"publish","type":"product","link":"https:\/\/molalalana.es\/tienda\/tienda\/agujas-circulares-intercam-zing\/","title":{"rendered":"AGUJAS CIRCULARES INTERCAM ZING"},"content":{"rendered":"\n<p><strong>Agujas circulares intercambiables Zing de KnitPro<\/strong>&nbsp;son unas excelentes agujas intercambiables para tejer en circular,&nbsp;<strong>fabricadas en aluminio<\/strong>, con un acabado metalizado que aporta unos vistosos colores a esta preciosa colecci\u00f3n.<\/p>\n\n\n\n<p>Adem\u00e1s, gracias a su perfecto acabado, tus materiales deslizar\u00e1n suavemente sobre las agujas, permiti\u00e9ndote un trabajo c\u00f3modo y sencillo a la hora de tejer.<\/p>\n\n\n\n<p>El conector que ofrece es enroscable, donde debes conectar el cable intercambiable. <\/p>\n\n\n\n<p>Los cables quedar\u00e1n perfectamente unidos a estas puntas de aguja, evitando enganches en el tejido. Cada punto de tus lanas e hilos deslizar\u00e1 perfectamente por el largo de la aguja y el cable.<\/p>\n\n\n\n<h2 class=\"wp-block-heading\">CARACTERISTICAS TECNICAS<\/h2>\n\n\n\n<p>Las agujas intercambiables Zing de KnitPro miden&nbsp;12 cent\u00edmetros aproximadamente, y sumadas al conector del cable, hacen un total de unos 14 cent\u00edmetros de largo. Adem\u00e1s, est\u00e1n disponibles en un total de 10 grosores distintos, cada uno en un precioso color metalizado inspirados en preciosas piedras:<\/p>\n\n\n\n<ul class=\"wp-block-list\">\n<li>3,50 mm: Verde cris\u00f3lito<\/li>\n\n\n\n<li>4,00 mm: Azul zafiro<\/li>\n\n\n\n<li>4,50 mm: Azul violeta iolita<\/li>\n\n\n\n<li>5,00 mm: Rosa rub\u00ed<\/li>\n\n\n\n<li>5,50 mm: Marr\u00f3n siena<\/li>\n\n\n\n<li>6,00 mm: Violeta terciopelo<\/li>\n\n\n\n<li>6,50 mm: Rosa coral<\/li>\n\n\n\n<li>7,00 mm: Lila amatista<\/li>\n\n\n\n<li>8,00 mm: Verde esmeralda<\/li>\n<\/ul>\n\n\n\n<p>El aluminio es un material fuerte, resistente y muy ligero, por lo que ser\u00e1 muy c\u00f3modo trabajar con estas agujas Zing.<\/p>\n\n\n\n<p>Las agujas circulares est\u00e1n especialmente dise\u00f1adas para tejer labores de grandes tama\u00f1os, evitando cargar el peso en los brazos, ya que la labor quedar\u00e1 sobre tu regazo dentro del cable circular.<\/p>\n\n\n\n<p>Adem\u00e1s, est\u00e1n recomendadas para tejer labores sin costuras y proyectos en redondo, como gorros, cuellos, mangas y mucho m\u00e1s.<\/p>\n\n\n\n<p>\u00bfHas utilizado las&nbsp;<strong>agujas circulares intercambiables KnitPro Zing<\/strong>? \u00a1Cu\u00e9ntanos tu experiencia!<\/p>\n","protected":false},"excerpt":{"rendered":"<p>[woocommerce_shop_messages] \u00a0<\/p>\n","protected":false},"featured_media":15683,"comment_status":"open","ping_status":"closed","template":"","meta":[],"product_brand":[],"product_cat":[1699,2143],"product_tag":[],"class_list":{"0":"post-10344","1":"product","2":"type-product","3":"status-publish","4":"has-post-thumbnail","6":"product_cat-agujas","7":"product_cat-agujas-circulares","8":"pa_marca-knit-pro","9":"pa_medida-3-mm","10":"pa_medida-3-5-mm","11":"pa_medida-4-mm","12":"pa_medida-4-5-mm","13":"pa_medida-5-mm","14":"pa_medida-5-5-mm","15":"pa_medida-6-mm","16":"pa_medida-6-5-mm","17":"pa_medida-7-mm","18":"pa_medida-8-mm","20":"first","21":"instock","22":"taxable","23":"shipping-taxable","24":"purchasable","25":"product-type-variable","26":"has-default-attributes"},"_links":{"self":[{"href":"https:\/\/molalalana.es\/tienda\/wp-json\/wp\/v2\/product\/10344","targetHints":{"allow":["GET"]}}],"collection":[{"href":"https:\/\/molalalana.es\/tienda\/wp-json\/wp\/v2\/product"}],"about":[{"href":"https:\/\/molalalana.es\/tienda\/wp-json\/wp\/v2\/types\/product"}],"replies":[{"embeddable":true,"href":"https:\/\/molalalana.es\/tienda\/wp-json\/wp\/v2\/comments?post=10344"}],"wp:featuredmedia":[{"embeddable":true,"href":"https:\/\/molalalana.es\/tienda\/wp-json\/wp\/v2\/media\/15683"}],"wp:attachment":[{"href":"https:\/\/molalalana.es\/tienda\/wp-json\/wp\/v2\/media?parent=10344"}],"wp:term":[{"taxonomy":"product_brand","embeddable":true,"href":"https:\/\/molalalana.es\/tienda\/wp-json\/wp\/v2\/product_brand?post=10344"},{"taxonomy":"product_cat","embeddable":true,"href":"https:\/\/molalalana.es\/tienda\/wp-json\/wp\/v2\/product_cat?post=10344"},{"taxonomy":"product_tag","embeddable":true,"href":"https:\/\/molalalana.es\/tienda\/wp-json\/wp\/v2\/product_tag?post=10344"}],"curies":[{"name":"wp","href":"https:\/\/api.w.org\/{rel}","templated":true}]}}