{"id":11780,"date":"2022-07-12T10:21:28","date_gmt":"2022-07-12T10:21:28","guid":{"rendered":"https:\/\/molalalana.es\/tienda\/?post_type=product&#038;p=11780"},"modified":"2026-01-28T12:18:42","modified_gmt":"2026-01-28T10:18:42","slug":"bulky-tweed","status":"publish","type":"product","link":"https:\/\/molalalana.es\/tienda\/tienda\/bulky-tweed\/","title":{"rendered":"BULKY TWEED"},"content":{"rendered":"<p><strong>Katia Bulky Tweed<\/strong>\u00a0es una lana hecha por una mezcla de acr\u00edlico y lana perfecta para el invierno. Est\u00e1 repleta de peque\u00f1as motitas de colores hechas de viscosa, que le dan un efecto tweed muy llamativo.<\/p>\n<p>La hebra est\u00e1 retorcida de forma que aporta volumen y un gran rendimiento. El tacto es suave y evita la formaci\u00f3n de bolitas y pelusas sobre tus labores. Es ideal para crear prendas c\u00e1lidas para adultos o ni\u00f1os.<\/p>\n<p>Esta lana bulky est\u00e1 pensada para tejer con agujas de 6 a 6,5 mm o con ganchillo de 7 a 8 mm, por lo que aporta un alto grosor. Es f\u00e1cil de tejer y te permite crear fant\u00e1sticos jers\u00e9is, chaquetas, ponchos, bufandas y mucho m\u00e1s.<\/p>\n<h2>\u00bfCu\u00e1l es la composici\u00f3n de Katia Bulky Tweed?<\/h2>\n<ul>\n<li>80% Acr\u00edlico<\/li>\n<li>15% Lana<\/li>\n<li>5% Viscosa<\/li>\n<\/ul>\n\n\n<h2 class=\"wp-block-heading\">Caracter\u00edsticas T\u00e9cnicas<\/h2>\n\n\n\n<ul class=\"wp-block-list\">\n<li>Ovillo de 100 gramos y 150 metros. <\/li>\n\n\n\n<li>Se recomienda tejer con agujas del 6-6,5 mm o ganchillo del 7-8 mm.<\/li>\n\n\n\n<li> Para realizar un jersey de mujer de manga larga talla 42 se necesitan 5 ovillos.<\/li>\n\n\n\n<li> Para la muestra de 10x10cm trabajar 13 puntos y 18 vueltas. <\/li>\n\n\n\n<li>Lavable a m\u00e1quina hasta 30\u00b0C en programa para lana. <\/li>\n\n\n\n<li>No usar secadora.<\/li>\n\n\n\n<li>Para tejer un jersey de la talla 42 se necesitan 5 ovillos aproximadamente.<\/li>\n<\/ul>\n\n\n\n<figure class=\"wp-block-image size-full is-resized\"><a href=\"https:\/\/molalalana.es\/tienda\/wp-content\/uploads\/2022\/07\/caract-tecn-bulky.jpg\"><img fetchpriority=\"high\" decoding=\"async\" width=\"593\" height=\"96\" src=\"https:\/\/molalalana.es\/tienda\/wp-content\/uploads\/2022\/07\/caract-tecn-bulky.jpg\" alt=\"\" class=\"wp-image-12049\" style=\"width:811px;height:131px\" srcset=\"https:\/\/molalalana.es\/tienda\/wp-content\/uploads\/2022\/07\/caract-tecn-bulky.jpg 593w, https:\/\/molalalana.es\/tienda\/wp-content\/uploads\/2022\/07\/caract-tecn-bulky-150x24.jpg 150w, https:\/\/molalalana.es\/tienda\/wp-content\/uploads\/2022\/07\/caract-tecn-bulky-300x49.jpg 300w, https:\/\/molalalana.es\/tienda\/wp-content\/uploads\/2022\/07\/caract-tecn-bulky-441x71.jpg 441w\" sizes=\"(max-width: 593px) 100vw, 593px\" \/><\/a><\/figure>\n\n\n\n<h2 class=\"wp-block-heading\">PROYECTOS REALIZADOS<\/h2>\n\n\n\n<figure class=\"wp-block-gallery has-nested-images columns-default is-cropped wp-block-gallery-1 is-layout-flex wp-block-gallery-is-layout-flex\">\n<figure class=\"wp-block-image size-large\"><img decoding=\"async\" width=\"276\" height=\"389\" data-id=\"14694\" src=\"https:\/\/molalalana.es\/tienda\/wp-content\/uploads\/Captura3-6.jpg\" alt=\"\" class=\"wp-image-14694\" srcset=\"https:\/\/molalalana.es\/tienda\/wp-content\/uploads\/Captura3-6.jpg 276w, https:\/\/molalalana.es\/tienda\/wp-content\/uploads\/Captura3-6-213x300.jpg 213w, https:\/\/molalalana.es\/tienda\/wp-content\/uploads\/Captura3-6-150x211.jpg 150w\" sizes=\"(max-width: 276px) 100vw, 276px\" \/><\/figure>\n\n\n\n<figure class=\"wp-block-image size-large\"><img decoding=\"async\" width=\"236\" height=\"348\" data-id=\"14693\" src=\"https:\/\/molalalana.es\/tienda\/wp-content\/uploads\/Captura2-5.jpg\" alt=\"\" class=\"wp-image-14693\" srcset=\"https:\/\/molalalana.es\/tienda\/wp-content\/uploads\/Captura2-5.jpg 236w, https:\/\/molalalana.es\/tienda\/wp-content\/uploads\/Captura2-5-203x300.jpg 203w, https:\/\/molalalana.es\/tienda\/wp-content\/uploads\/Captura2-5-150x221.jpg 150w\" sizes=\"(max-width: 236px) 100vw, 236px\" \/><\/figure>\n\n\n\n<figure class=\"wp-block-image size-large\"><img loading=\"lazy\" decoding=\"async\" width=\"280\" height=\"389\" data-id=\"14692\" src=\"https:\/\/molalalana.es\/tienda\/wp-content\/uploads\/Captura-15.jpg\" alt=\"\" class=\"wp-image-14692\" srcset=\"https:\/\/molalalana.es\/tienda\/wp-content\/uploads\/Captura-15.jpg 280w, https:\/\/molalalana.es\/tienda\/wp-content\/uploads\/Captura-15-216x300.jpg 216w, https:\/\/molalalana.es\/tienda\/wp-content\/uploads\/Captura-15-150x208.jpg 150w\" sizes=\"(max-width: 280px) 100vw, 280px\" \/><\/figure>\n\n\n\n<figure class=\"wp-block-image size-large\"><img loading=\"lazy\" decoding=\"async\" width=\"623\" height=\"450\" data-id=\"12050\" src=\"https:\/\/molalalana.es\/tienda\/wp-content\/uploads\/2022\/07\/Captura1-1.jpg\" alt=\"\" class=\"wp-image-12050\" srcset=\"https:\/\/molalalana.es\/tienda\/wp-content\/uploads\/2022\/07\/Captura1-1.jpg 623w, https:\/\/molalalana.es\/tienda\/wp-content\/uploads\/2022\/07\/Captura1-1-150x108.jpg 150w, https:\/\/molalalana.es\/tienda\/wp-content\/uploads\/2022\/07\/Captura1-1-300x217.jpg 300w, https:\/\/molalalana.es\/tienda\/wp-content\/uploads\/2022\/07\/Captura1-1-441x319.jpg 441w\" sizes=\"(max-width: 623px) 100vw, 623px\" \/><\/figure>\n\n\n\n<figure class=\"wp-block-image size-large\"><img loading=\"lazy\" decoding=\"async\" width=\"314\" height=\"457\" data-id=\"12051\" src=\"https:\/\/molalalana.es\/tienda\/wp-content\/uploads\/2022\/07\/Captura2-5.jpg\" alt=\"\" class=\"wp-image-12051\" srcset=\"https:\/\/molalalana.es\/tienda\/wp-content\/uploads\/2022\/07\/Captura2-5.jpg 314w, https:\/\/molalalana.es\/tienda\/wp-content\/uploads\/2022\/07\/Captura2-5-150x218.jpg 150w, https:\/\/molalalana.es\/tienda\/wp-content\/uploads\/2022\/07\/Captura2-5-206x300.jpg 206w\" sizes=\"(max-width: 314px) 100vw, 314px\" \/><\/figure>\n<\/figure>\n","protected":false},"excerpt":{"rendered":"<p>Lana gruesa para tejer de r\u00e1pida y c\u00f3modamente prendas y complementos de punto y ganchillo con el estampado tweed de moda<\/p>\n","protected":false},"featured_media":11573,"comment_status":"open","ping_status":"closed","template":"","meta":[],"product_brand":[],"product_cat":[20],"product_tag":[],"class_list":{"0":"post-11780","1":"product","2":"type-product","3":"status-publish","4":"has-post-thumbnail","6":"product_cat-lanas","7":"pa_color-200-crudo","8":"pa_color-201-gris-claro","9":"pa_color-202-gris-oscuro","10":"pa_color-203-morado","11":"pa_color-204-rosa","12":"pa_color-205-beige","13":"pa_color-206-vison","14":"pa_color-207-sangre","15":"pa_color-208-mostaza","16":"pa_color-209-bosque","17":"pa_color-210-turquesa","18":"pa_color-211-agua","19":"pa_color-212-jeans","20":"pa_color-213-purpura-trafico","21":"pa_color-214-naranja-vivo","22":"pa_color-215-marino","23":"pa_composicion-80-acrilico-15-lana-5-viscosa","24":"pa_marca-katia","25":"pa_temporada-otono-invierno","27":"first","28":"instock","29":"taxable","30":"shipping-taxable","31":"purchasable","32":"product-type-variable"},"_links":{"self":[{"href":"https:\/\/molalalana.es\/tienda\/wp-json\/wp\/v2\/product\/11780","targetHints":{"allow":["GET"]}}],"collection":[{"href":"https:\/\/molalalana.es\/tienda\/wp-json\/wp\/v2\/product"}],"about":[{"href":"https:\/\/molalalana.es\/tienda\/wp-json\/wp\/v2\/types\/product"}],"replies":[{"embeddable":true,"href":"https:\/\/molalalana.es\/tienda\/wp-json\/wp\/v2\/comments?post=11780"}],"wp:featuredmedia":[{"embeddable":true,"href":"https:\/\/molalalana.es\/tienda\/wp-json\/wp\/v2\/media\/11573"}],"wp:attachment":[{"href":"https:\/\/molalalana.es\/tienda\/wp-json\/wp\/v2\/media?parent=11780"}],"wp:term":[{"taxonomy":"product_brand","embeddable":true,"href":"https:\/\/molalalana.es\/tienda\/wp-json\/wp\/v2\/product_brand?post=11780"},{"taxonomy":"product_cat","embeddable":true,"href":"https:\/\/molalalana.es\/tienda\/wp-json\/wp\/v2\/product_cat?post=11780"},{"taxonomy":"product_tag","embeddable":true,"href":"https:\/\/molalalana.es\/tienda\/wp-json\/wp\/v2\/product_tag?post=11780"}],"curies":[{"name":"wp","href":"https:\/\/api.w.org\/{rel}","templated":true}]}}