{"id":11930,"date":"2022-08-02T16:17:41","date_gmt":"2022-08-02T16:17:41","guid":{"rendered":"https:\/\/molalalana.es\/tienda\/?post_type=product&#038;p=11930"},"modified":"2026-04-21T20:26:23","modified_gmt":"2026-04-21T18:26:23","slug":"__trashed","status":"publish","type":"product","link":"https:\/\/molalalana.es\/tienda\/tienda\/__trashed\/","title":{"rendered":"WOW CHUNKY"},"content":{"rendered":"<p>\u00a1Principiante, esta lana es para ti!<\/p>\n<p><strong>Katia WOW Chunky<\/strong>\u00a0es una lana de mecha, formada por una sola hebra gruesa de fibras con retorcido muy suave. Est\u00e1 recomendada para tejer con agujas de 10 mm, por lo que cunde y terminar\u00e1s tu labor en un abrir y cerrar de ojos.<\/p>\n<p>Est\u00e1 hecha por una mezcla de lana, acr\u00edlico y alpaca. Ofrece un tacto muy suave y c\u00e1lido, ideal para crear bufandas, gorros, mantas, jers\u00e9is oversize, chaquetas, chalecos y muchas otras ideas para abrigarte en invierno.<\/p>\n<p>Al tener un retorcido muy ligero, debes mantener una buena tensi\u00f3n mientras tejes para evitar deshacer el retorcido y que las fibras se separen.<\/p>\n<p>La lana est\u00e1 preparada para tejer un gorro con solo 1 ovillo, un clutch con 2 ovillos o un cuello doble con 3 ovillos.<\/p>\n<h2>\u00bfCu\u00e1l es la composici\u00f3n de\u00a0Katia WOW Chunky?<\/h2>\n<ul>\n<li>75% Acr\u00edlico<\/li>\n<li>15% Lana<\/li>\n<li>10% Alpaca<\/li>\n<\/ul>\n\n\n<h3 class=\"wp-block-heading\">Caracter\u00edsticas T\u00e9cnicas:<\/h3>\n\n\n\n<ul class=\"wp-block-list\">\n<li>Ovillo de 100 gramos y 75 metros.<\/li>\n\n\n\n<li>Se recomienda tejer con agujas del 9-10 mm o ganchillo del 10-12 mm.<\/li>\n\n\n\n<li>Para realizar un jersey de mujer de manga larga talla 42 se necesitan 7 ovillos.<\/li>\n\n\n\n<li>Para la muestra de 10x10cm trabajar 8 puntos y 12 vueltas.<\/li>\n\n\n\n<li>Lavable a m\u00e1quina hasta 30\u00b0C en programa para lana.<\/li>\n\n\n\n<li>No usar secadora<\/li>\n<\/ul>\n\n\n<\/p>\n\n<div class=\"jet-listing-dynamic-field-block\"data-is-block=\"jet-engine\/dynamic-field\"><div class=\"jet-listing jet-listing-dynamic-field display-inline\"><div class=\"jet-listing-dynamic-field__inline-wrap\"><div class=\"jet-listing-dynamic-field__content\"><\/div><\/div><\/div><\/div>\n\n\n<h2 class=\"wp-block-heading has-medium-font-size\">PROYECTOS REALIZADOS<\/h2>\n\n\n<div class=\"jet-listing-dynamic-field-block\"data-is-block=\"jet-engine\/dynamic-field\"><div class=\"jet-listing jet-listing-dynamic-field display-inline\"><div class=\"jet-listing-dynamic-field__inline-wrap\"><div class=\"jet-listing-dynamic-field__content\"><div class=\"jet-engine-gallery-grid grid-col-desk-3 grid-col-tablet-3 grid-col-mobile-1\"><div class=\"jet-engine-gallery-grid__item\"><span class=\"jet-engine-gallery-grid__item-wrap jet-engine-gallery-item-wrap\"><img decoding=\"async\" src=\"https:\/\/molalalana.es\/tienda\/wp-content\/uploads\/2022\/07\/ejemplo-wow-chunky-3.jpg\" alt=\"\" class=\"jet-engine-gallery-grid__item-img\"><\/span><\/div><div class=\"jet-engine-gallery-grid__item\"><span class=\"jet-engine-gallery-grid__item-wrap jet-engine-gallery-item-wrap\"><img decoding=\"async\" src=\"https:\/\/molalalana.es\/tienda\/wp-content\/uploads\/2022\/07\/ejemplo-wow-chunky-2.jpg\" alt=\"\" class=\"jet-engine-gallery-grid__item-img\"><\/span><\/div><div class=\"jet-engine-gallery-grid__item\"><span class=\"jet-engine-gallery-grid__item-wrap jet-engine-gallery-item-wrap\"><img decoding=\"async\" src=\"https:\/\/molalalana.es\/tienda\/wp-content\/uploads\/2022\/07\/ejemplo-wow-chunky-1.jpg\" alt=\"\" class=\"jet-engine-gallery-grid__item-img\"><\/span><\/div><\/div><\/div><\/div><\/div><\/div>\n\n\n<p><\/p>\n","protected":false},"excerpt":{"rendered":"<p>Teje jers\u00e9is oversize, mantas, gorros, bufandas, clutch, chalecos y m\u00e1s con la nueva lana Chunky de Wow by Katia<\/p>\n","protected":false},"featured_media":11718,"comment_status":"open","ping_status":"closed","template":"","meta":[],"product_brand":[],"product_cat":[20],"product_tag":[1407,243,3090,235],"class_list":{"0":"post-11930","1":"product","2":"type-product","3":"status-publish","4":"has-post-thumbnail","6":"product_cat-lanas","7":"product_tag-gruesa","8":"product_tag-mecha","9":"product_tag-principiante","10":"product_tag-suave","11":"pa_color-50-crudo","12":"pa_color-51-gris-medio","13":"pa_color-52-gris-oscuro","14":"pa_color-53-negro","15":"pa_color-54-vison","16":"pa_color-55-beige","17":"pa_color-56-lila","18":"pa_color-57-rosa","19":"pa_color-58-agua","20":"pa_color-59-beige-rosado","21":"pa_color-60-teja","22":"pa_color-61-caldera","23":"pa_color-62-verde-neon","24":"pa_color-63-ocre","25":"pa_color-64-naranja-neon","26":"pa_color-65-fucsia","27":"pa_color-66-esmeralda","28":"pa_color-67-turquesa","29":"pa_color-56-lila-claro","30":"pa_color-68-azul-azur","31":"pa_color-69-caqui","32":"pa_color-70-lila","33":"pa_color-71-rojo","34":"pa_color-72-amarillo-brillante","35":"pa_color-73-purpura","36":"pa_color-74-azul-pato","37":"pa_composicion-75-acrilico-15-lana-10-alpaca","38":"pa_temporada-otono-invierno","40":"first","41":"instock","42":"taxable","43":"shipping-taxable","44":"purchasable","45":"product-type-variable"},"_links":{"self":[{"href":"https:\/\/molalalana.es\/tienda\/wp-json\/wp\/v2\/product\/11930","targetHints":{"allow":["GET"]}}],"collection":[{"href":"https:\/\/molalalana.es\/tienda\/wp-json\/wp\/v2\/product"}],"about":[{"href":"https:\/\/molalalana.es\/tienda\/wp-json\/wp\/v2\/types\/product"}],"replies":[{"embeddable":true,"href":"https:\/\/molalalana.es\/tienda\/wp-json\/wp\/v2\/comments?post=11930"}],"wp:featuredmedia":[{"embeddable":true,"href":"https:\/\/molalalana.es\/tienda\/wp-json\/wp\/v2\/media\/11718"}],"wp:attachment":[{"href":"https:\/\/molalalana.es\/tienda\/wp-json\/wp\/v2\/media?parent=11930"}],"wp:term":[{"taxonomy":"product_brand","embeddable":true,"href":"https:\/\/molalalana.es\/tienda\/wp-json\/wp\/v2\/product_brand?post=11930"},{"taxonomy":"product_cat","embeddable":true,"href":"https:\/\/molalalana.es\/tienda\/wp-json\/wp\/v2\/product_cat?post=11930"},{"taxonomy":"product_tag","embeddable":true,"href":"https:\/\/molalalana.es\/tienda\/wp-json\/wp\/v2\/product_tag?post=11930"}],"curies":[{"name":"wp","href":"https:\/\/api.w.org\/{rel}","templated":true}]}}