{"id":12429,"date":"2022-08-25T16:14:55","date_gmt":"2022-08-25T16:14:55","guid":{"rendered":"https:\/\/molalalana.es\/tienda\/?post_type=product&#038;p=12429"},"modified":"2025-08-09T23:47:54","modified_gmt":"2025-08-09T21:47:54","slug":"just-cotton","status":"publish","type":"product","link":"https:\/\/molalalana.es\/tienda\/tienda\/just-cotton\/","title":{"rendered":"JUST COTTON"},"content":{"rendered":"\n<p>Concebido con una fibra fuerte y resistente con 30 a 33 mm de longitud y una finura de 4.6 a 5.8 micrones, le confiere un tacto muy suave con una excelente absorci\u00f3n de color, lo que resulta en prendas de muy buena calidad con una durabilidad excepcional. Su grosor te ayudar\u00e1 a crear prendas r\u00e1pidamente y su suave tacto la hace muy agradable de tejer. Adem\u00e1s no se abre facilitando mucho el tejido.<\/p>\n\n\n\n<p>Con Just Cotton podr\u00e1s tejer todo tipo de prendas tanto para beb\u00e9s como para ti, desde una capota de ni\u00f1o hasta un jersey para ti, pasando por mantas, calcetines y todo lo que se te ocurra.<\/p>\n\n\n\n<h2 class=\"wp-block-heading\">Caracter\u00edsticas T\u00e9cnicas <\/h2>\n\n\n\n<ul class=\"wp-block-list\"><li><strong>Composici\u00f3n:<\/strong><em>&nbsp;100% Algod\u00f3n<\/em><\/li><li><strong>Agujas:<\/strong><em>&nbsp;3.5 mm &#8211; 4.5 mm | 4US &#8211; 7 US<\/em><\/li><li><strong>Otros:<\/strong><em>&nbsp;50 gramos |&nbsp;125 metros |&nbsp;Sport<\/em><\/li><\/ul>\n\n\n\n<figure class=\"wp-block-image size-full\"><a href=\"https:\/\/molalalana.es\/tienda\/wp-content\/uploads\/2022\/08\/just-cotton-c.png\"><img decoding=\"async\" width=\"486\" height=\"85\" src=\"https:\/\/molalalana.es\/tienda\/wp-content\/uploads\/2022\/08\/just-cotton-c.png\" alt=\"\" class=\"wp-image-12605\" srcset=\"https:\/\/molalalana.es\/tienda\/wp-content\/uploads\/2022\/08\/just-cotton-c.png 486w, https:\/\/molalalana.es\/tienda\/wp-content\/uploads\/2022\/08\/just-cotton-c-150x26.png 150w, https:\/\/molalalana.es\/tienda\/wp-content\/uploads\/2022\/08\/just-cotton-c-300x52.png 300w, https:\/\/molalalana.es\/tienda\/wp-content\/uploads\/2022\/08\/just-cotton-c-441x77.png 441w\" sizes=\"(max-width: 486px) 100vw, 486px\" \/><\/a><\/figure>\n","protected":false},"excerpt":{"rendered":"<p>Lana 100% natural que destaca por su suavidad, elasticidad, ligereza y calidez de las prendas tejidas. Se pueden hacer prendas tanto para primavera\/verano como oto\u00f1o\/invierno<\/p>\n","protected":false},"featured_media":12164,"comment_status":"open","ping_status":"closed","template":"","meta":[],"product_brand":[],"product_cat":[20],"product_tag":[],"class_list":{"0":"post-12429","1":"product","2":"type-product","3":"status-publish","4":"has-post-thumbnail","6":"product_cat-lanas","7":"pa_color-015-aguamarine","8":"pa_color-a001-moon","9":"pa_color-a002-pearl","10":"pa_color-a003-polar","11":"pa_color-a004","12":"pa_color-a005-nectar","13":"pa_color-a006","14":"pa_color-a007","15":"pa_color-a008-african","16":"pa_color-a009-mercury","17":"pa_color-a010","18":"pa_color-a011-royal","19":"pa_color-a012-denim","20":"pa_color-a013-forest","21":"pa_color-a014","22":"pa_color-a015","23":"pa_color-a016-peach","24":"pa_color-a017-granate","25":"pa_color-a018","26":"pa_color-a019-mostaza","27":"pa_color-a020-grafitto","28":"pa_color-a021-silver","29":"pa_color-a022-arena","30":"pa_color-a024","31":"pa_color-a028-coral","32":"pa_color-a031-trigo","33":"pa_color-a032-rojo","34":"pa_color-a035-pink","35":"pa_color-a038-salvia","36":"pa_color-a040-carmin","37":"pa_color-a041-mint","38":"pa_color-a042-carne","39":"pa_color-a044-lago","40":"pa_color-a045-ballet","41":"pa_color-a046-ferro","42":"pa_color-a047-olive","43":"pa_composicion-100-algodon","44":"pa_marca-lanas-alpaca","45":"pa_temporada-otono-invierno","47":"first","48":"instock","49":"taxable","50":"shipping-taxable","51":"purchasable","52":"product-type-variable","53":"has-default-attributes"},"_links":{"self":[{"href":"https:\/\/molalalana.es\/tienda\/wp-json\/wp\/v2\/product\/12429","targetHints":{"allow":["GET"]}}],"collection":[{"href":"https:\/\/molalalana.es\/tienda\/wp-json\/wp\/v2\/product"}],"about":[{"href":"https:\/\/molalalana.es\/tienda\/wp-json\/wp\/v2\/types\/product"}],"replies":[{"embeddable":true,"href":"https:\/\/molalalana.es\/tienda\/wp-json\/wp\/v2\/comments?post=12429"}],"wp:featuredmedia":[{"embeddable":true,"href":"https:\/\/molalalana.es\/tienda\/wp-json\/wp\/v2\/media\/12164"}],"wp:attachment":[{"href":"https:\/\/molalalana.es\/tienda\/wp-json\/wp\/v2\/media?parent=12429"}],"wp:term":[{"taxonomy":"product_brand","embeddable":true,"href":"https:\/\/molalalana.es\/tienda\/wp-json\/wp\/v2\/product_brand?post=12429"},{"taxonomy":"product_cat","embeddable":true,"href":"https:\/\/molalalana.es\/tienda\/wp-json\/wp\/v2\/product_cat?post=12429"},{"taxonomy":"product_tag","embeddable":true,"href":"https:\/\/molalalana.es\/tienda\/wp-json\/wp\/v2\/product_tag?post=12429"}],"curies":[{"name":"wp","href":"https:\/\/api.w.org\/{rel}","templated":true}]}}