{"id":12517,"date":"2022-08-25T16:15:19","date_gmt":"2022-08-25T16:15:19","guid":{"rendered":"https:\/\/molalalana.es\/tienda\/?post_type=product&#038;p=12517"},"modified":"2025-02-03T18:03:25","modified_gmt":"2025-02-03T16:03:25","slug":"simbo","status":"publish","type":"product","link":"https:\/\/molalalana.es\/tienda\/tienda\/simbo\/","title":{"rendered":"SIMBO"},"content":{"rendered":"\n<p>Su grosor y su efecto melange har\u00e1 que tus prendas destaquen, consiguiendo unas prendas de gran belleza y calidad.<\/p>\n\n\n\n<p>Su torsi\u00f3n y composici\u00f3n confiere gran suavidad y durabilidad a las prendas confeccionadas con Simbo, adem\u00e1s resulta f\u00e1cil y agradable de tejer.<\/p>\n\n\n\n<h2 class=\"wp-block-heading\">Caracter\u00edsticas T\u00e9cnicas <\/h2>\n\n\n\n<ul class=\"wp-block-list\"><li><strong>Composici\u00f3n:<\/strong><em>&nbsp;50% Superfine alpaca &#8211; 50% lana<\/em><\/li><li><strong>Agujas<\/strong><em>: 5,00mm &#8211; 6,00 mm | US8 &#8211; US10<\/em><\/li><li><strong>Peso<\/strong><em>: 100 gramos<\/em><\/li><li><strong>Metraje<\/strong><em>: 133 metros &#8211; 145 yardas<\/em><\/li><\/ul>\n\n\n\n<figure class=\"wp-block-image size-full\"><a href=\"https:\/\/molalalana.es\/tienda\/wp-content\/uploads\/2022\/08\/simbo.png\"><img decoding=\"async\" width=\"593\" height=\"77\" src=\"https:\/\/molalalana.es\/tienda\/wp-content\/uploads\/2022\/08\/simbo.png\" alt=\"\" class=\"wp-image-12596\" srcset=\"https:\/\/molalalana.es\/tienda\/wp-content\/uploads\/2022\/08\/simbo.png 593w, https:\/\/molalalana.es\/tienda\/wp-content\/uploads\/2022\/08\/simbo-150x19.png 150w, https:\/\/molalalana.es\/tienda\/wp-content\/uploads\/2022\/08\/simbo-300x39.png 300w, https:\/\/molalalana.es\/tienda\/wp-content\/uploads\/2022\/08\/simbo-441x57.png 441w\" sizes=\"(max-width: 593px) 100vw, 593px\" \/><\/a><\/figure>\n","protected":false},"excerpt":{"rendered":"<p>Su grosor y su efecto melange har\u00e1 que tus prendas destaquen, consiguiendo unas prendas de gran belleza y calidad. Su torsi\u00f3n y composici\u00f3n confiere gran suavidad y durabilidad a las prendas confeccionadas con Simbo, adem\u00e1s resulta f\u00e1cil y agradable de tejer. Caracter\u00edsticas T\u00e9cnicas Composici\u00f3n:&nbsp;50% Superfine alpaca &#8211; 50% lana Agujas: 5,00mm &#8211; 6,00 mm | [&hellip;]<\/p>\n","protected":false},"featured_media":12246,"comment_status":"open","ping_status":"closed","template":"","meta":[],"product_brand":[],"product_cat":[20],"product_tag":[],"class_list":{"0":"post-12517","1":"product","2":"type-product","3":"status-publish","4":"has-post-thumbnail","6":"product_cat-lanas","7":"pa_color-2523","8":"pa_color-1605-oxido","9":"pa_color-1607-beig","10":"pa_color-1608-cielo","11":"pa_color-2527","12":"pa_color-1610-azulito","13":"pa_color-1614-gris","14":"pa_color-2535","15":"pa_color-1618-azul-bebe","16":"pa_color-1619-gris-oscuro","17":"pa_color-1620-mostaza","18":"pa_color-1624-verdine","19":"pa_composicion-50-superfine-alpaca-50-lana","20":"pa_marca-lanas-alpaca","21":"pa_temporada-otono-invierno","23":"first","24":"instock","25":"taxable","26":"shipping-taxable","27":"purchasable","28":"product-type-variable","29":"has-default-attributes"},"_links":{"self":[{"href":"https:\/\/molalalana.es\/tienda\/wp-json\/wp\/v2\/product\/12517","targetHints":{"allow":["GET"]}}],"collection":[{"href":"https:\/\/molalalana.es\/tienda\/wp-json\/wp\/v2\/product"}],"about":[{"href":"https:\/\/molalalana.es\/tienda\/wp-json\/wp\/v2\/types\/product"}],"replies":[{"embeddable":true,"href":"https:\/\/molalalana.es\/tienda\/wp-json\/wp\/v2\/comments?post=12517"}],"wp:featuredmedia":[{"embeddable":true,"href":"https:\/\/molalalana.es\/tienda\/wp-json\/wp\/v2\/media\/12246"}],"wp:attachment":[{"href":"https:\/\/molalalana.es\/tienda\/wp-json\/wp\/v2\/media?parent=12517"}],"wp:term":[{"taxonomy":"product_brand","embeddable":true,"href":"https:\/\/molalalana.es\/tienda\/wp-json\/wp\/v2\/product_brand?post=12517"},{"taxonomy":"product_cat","embeddable":true,"href":"https:\/\/molalalana.es\/tienda\/wp-json\/wp\/v2\/product_cat?post=12517"},{"taxonomy":"product_tag","embeddable":true,"href":"https:\/\/molalalana.es\/tienda\/wp-json\/wp\/v2\/product_tag?post=12517"}],"curies":[{"name":"wp","href":"https:\/\/api.w.org\/{rel}","templated":true}]}}