{"id":13332,"date":"2023-02-26T16:34:05","date_gmt":"2023-02-26T16:34:05","guid":{"rendered":"https:\/\/molalalana.es\/tienda\/?post_type=product&#038;p=13332"},"modified":"2026-03-30T20:39:18","modified_gmt":"2026-03-30T18:39:18","slug":"alabama-flash","status":"publish","type":"product","link":"https:\/\/molalalana.es\/tienda\/tienda\/alabama-flash\/","title":{"rendered":"ALABAMA FLASH"},"content":{"rendered":"<p><strong>Katia Alabama Flash<\/strong> es un hilo de algod\u00f3n y acr\u00edlico disponible en una base cruda con un efecto de rayas multicolor. Es el hilo perfecto para trabajar prendas de primavera o verano tanto para ni\u00f1os como para mayores.<\/p>\n<p>Es una calidad muy suave que garantiza la comodidad de quien lo lleve puesto. Si est\u00e1s inici\u00e1ndote en el punto o el ganchillo, este hilo es perfecto para ti. \u00a1Te facilitar\u00e1 el trabajo!<\/p>\n<p>Mientras tejes con Alabama Flash, se ir\u00e1n formando l\u00edneas estrechas de colores sobre un fondo de tono natural en tu labor. Da rienda suelta a tu creatividad combinandolos con Katia Alabama.<\/p>\n<p>Este material es perfecto para trabajar tops, blusas o vestidos veraniegos, jers\u00e9is de entretiempo, chaquetas para la primavera o el oto\u00f1o.Es una calidad ideal para aquellas personas que no soportan la lana . Utiliza Alabama Flash para tejer tambien fundas de coj\u00edn o mantas de sof\u00e1.<\/p>\n\n\n<h2 class=\"wp-block-heading\">Caracter\u00edsticas T\u00e9cnicas<\/h2>\n\n\n\n<ul class=\"wp-block-list\">\n<li>Ovillo de 50 gramos y 105 metros. <\/li>\n\n\n\n<li>Se recomienda tejer con agujas del 3,5-4 mm \/ US 5-6 o ganchillo del 4-4,5 mm \/ US G6-7. <\/li>\n\n\n\n<li>Para realizar un jersey de mujer de manga larga talla 42 se necesitan 8 ovillos. <\/li>\n\n\n\n<li>Para la muestra de 10x10cm trabajar 19 puntos y 26 vueltas. <\/li>\n\n\n\n<li>Lavable a m\u00e1quina hasta 30\u00baC. <\/li>\n\n\n\n<li>Centrifugado corto. <\/li>\n\n\n\n<li>No usar secadora<\/li>\n<\/ul>\n\n\n\n<figure class=\"wp-block-image size-large\"><img fetchpriority=\"high\" decoding=\"async\" width=\"1024\" height=\"94\" src=\"https:\/\/molalalana.es\/tienda\/wp-content\/uploads\/caracteristicas-tecnicas-lana-katia-alabama-flash-1024x94.webp\" alt=\"\" class=\"wp-image-13419\" srcset=\"https:\/\/molalalana.es\/tienda\/wp-content\/uploads\/caracteristicas-tecnicas-lana-katia-alabama-flash-1024x94.webp 1024w, https:\/\/molalalana.es\/tienda\/wp-content\/uploads\/caracteristicas-tecnicas-lana-katia-alabama-flash-300x28.webp 300w, https:\/\/molalalana.es\/tienda\/wp-content\/uploads\/caracteristicas-tecnicas-lana-katia-alabama-flash-768x70.webp 768w, https:\/\/molalalana.es\/tienda\/wp-content\/uploads\/caracteristicas-tecnicas-lana-katia-alabama-flash-990x91.webp 990w, https:\/\/molalalana.es\/tienda\/wp-content\/uploads\/caracteristicas-tecnicas-lana-katia-alabama-flash-441x40.webp 441w, https:\/\/molalalana.es\/tienda\/wp-content\/uploads\/caracteristicas-tecnicas-lana-katia-alabama-flash-900x83.webp 900w, https:\/\/molalalana.es\/tienda\/wp-content\/uploads\/caracteristicas-tecnicas-lana-katia-alabama-flash-150x14.webp 150w, https:\/\/molalalana.es\/tienda\/wp-content\/uploads\/caracteristicas-tecnicas-lana-katia-alabama-flash.webp 1200w\" sizes=\"(max-width: 1024px) 100vw, 1024px\" \/><\/figure>\n\n\n\n<h2 class=\"wp-block-heading\">Proyectos realizados <\/h2>\n\n\n\n<figure class=\"wp-block-gallery has-nested-images columns-default is-cropped wp-block-gallery-1 is-layout-flex wp-block-gallery-is-layout-flex\">\n<figure class=\"wp-block-image size-full\"><img decoding=\"async\" width=\"376\" height=\"376\" data-id=\"13161\" src=\"https:\/\/molalalana.es\/tienda\/wp-content\/uploads\/ejemplo-jersey-alabama-flash-1.webp\" alt=\"\" class=\"wp-image-13161\" srcset=\"https:\/\/molalalana.es\/tienda\/wp-content\/uploads\/ejemplo-jersey-alabama-flash-1.webp 376w, https:\/\/molalalana.es\/tienda\/wp-content\/uploads\/ejemplo-jersey-alabama-flash-1-300x300.webp 300w, https:\/\/molalalana.es\/tienda\/wp-content\/uploads\/ejemplo-jersey-alabama-flash-1-150x150.webp 150w\" sizes=\"(max-width: 376px) 100vw, 376px\" \/><\/figure>\n\n\n\n<figure class=\"wp-block-image size-full\"><img decoding=\"async\" width=\"376\" height=\"376\" data-id=\"13160\" src=\"https:\/\/molalalana.es\/tienda\/wp-content\/uploads\/ejemplo-alabama-flash-jersy-infantil-1.webp\" alt=\"\" class=\"wp-image-13160\" srcset=\"https:\/\/molalalana.es\/tienda\/wp-content\/uploads\/ejemplo-alabama-flash-jersy-infantil-1.webp 376w, https:\/\/molalalana.es\/tienda\/wp-content\/uploads\/ejemplo-alabama-flash-jersy-infantil-1-300x300.webp 300w, https:\/\/molalalana.es\/tienda\/wp-content\/uploads\/ejemplo-alabama-flash-jersy-infantil-1-150x150.webp 150w\" sizes=\"(max-width: 376px) 100vw, 376px\" \/><\/figure>\n<\/figure>\n","protected":false},"excerpt":{"rendered":"<p><strong>Katia Alabama Flash<\/strong> es una excelente opci\u00f3n para tejer prendas de primavera, verano o entretiempo, para ni\u00f1os o mayores. Est\u00e1 compuesto por una mezcla de algod\u00f3n y acr\u00edlico que garantiza suavidad y resistencia. Su textura y grosor lo hacen id\u00f3neo para tejer por principiantes del punto o el ganchillo. \u00a1An\u00edmate a tejer con Alabama Flash si est\u00e1s inici\u00e1ndote en las labores!<\/p>\n","protected":false},"featured_media":13174,"comment_status":"open","ping_status":"open","template":"","meta":[],"product_brand":[],"product_cat":[20,2921],"product_tag":[],"class_list":{"0":"post-13332","1":"product","2":"type-product","3":"status-publish","4":"has-post-thumbnail","6":"product_cat-lanas","7":"product_cat-outlet","8":"pa_color-100-vivo-nino","9":"pa_color-101-azules-fucsia-naranj","10":"pa_color-102-vivos-nina","11":"pa_color-103-pasteles-camel","12":"pa_color-105-lilas-petroleo-lima","13":"pa_color-106-petroleo-verdes-ocre","14":"pa_color-107-jeans-ocre-teja","15":"pa_composicion-50-algodon-50-acrilico","16":"pa_marca-katia","17":"pa_temporada-primavera-verano","19":"first","20":"outofstock","21":"taxable","22":"shipping-taxable","23":"product-type-variable","24":"has-default-attributes"},"_links":{"self":[{"href":"https:\/\/molalalana.es\/tienda\/wp-json\/wp\/v2\/product\/13332","targetHints":{"allow":["GET"]}}],"collection":[{"href":"https:\/\/molalalana.es\/tienda\/wp-json\/wp\/v2\/product"}],"about":[{"href":"https:\/\/molalalana.es\/tienda\/wp-json\/wp\/v2\/types\/product"}],"replies":[{"embeddable":true,"href":"https:\/\/molalalana.es\/tienda\/wp-json\/wp\/v2\/comments?post=13332"}],"wp:featuredmedia":[{"embeddable":true,"href":"https:\/\/molalalana.es\/tienda\/wp-json\/wp\/v2\/media\/13174"}],"wp:attachment":[{"href":"https:\/\/molalalana.es\/tienda\/wp-json\/wp\/v2\/media?parent=13332"}],"wp:term":[{"taxonomy":"product_brand","embeddable":true,"href":"https:\/\/molalalana.es\/tienda\/wp-json\/wp\/v2\/product_brand?post=13332"},{"taxonomy":"product_cat","embeddable":true,"href":"https:\/\/molalalana.es\/tienda\/wp-json\/wp\/v2\/product_cat?post=13332"},{"taxonomy":"product_tag","embeddable":true,"href":"https:\/\/molalalana.es\/tienda\/wp-json\/wp\/v2\/product_tag?post=13332"}],"curies":[{"name":"wp","href":"https:\/\/api.w.org\/{rel}","templated":true}]}}