{"id":13422,"date":"2023-02-26T17:48:40","date_gmt":"2023-02-26T17:48:40","guid":{"rendered":"https:\/\/molalalana.es\/tienda\/?post_type=product&#038;p=13422"},"modified":"2026-01-23T20:52:16","modified_gmt":"2026-01-23T18:52:16","slug":"chic-delave","status":"publish","type":"product","link":"https:\/\/molalalana.es\/tienda\/tienda\/chic-delave\/","title":{"rendered":"CHIC DELAVE"},"content":{"rendered":"<p>Chic Delav\u00e9 es un coqueto hilo ond\u00e9 compuesto por una suave mecha de algod\u00f3n en contraste con un bohemio estampado spray monocolor y elegantes destellos. Crea prendas de entretiempo \u00fanicas con Chic Delav\u00e9, un hilo edici\u00f3n limitada de Concept by Katia<\/p>\n<p>Est\u00e1 compuesta por una mezcla de algod\u00f3n, algod\u00f3n reciclado y poli\u00e9ster reciclado, lo que garantiza suavidad, frescor y comodidad sobre la piel, adem\u00e1s de ser un material que ayuda a reducir el impacto de la contaminaci\u00f3n medioambiental.<\/p>\n<p>\u00a1Perfecto para tejer tops, blusas, vestidos y otras ideas para el verano!<\/p>\n\n\n<h2 class=\"wp-block-heading\">Caracter\u00edsticas T\u00e9cnicas<\/h2>\n\n\n\n<ul class=\"wp-block-list\">\n<li>Ovillo de 50 gramos y 130 metros.<\/li>\n\n\n\n<li>Se recomienda tejer con agujas del 3,5-4 mm \/ US 5-6 o ganchillo del 4-4,5 mm \/ US G6-7. <\/li>\n\n\n\n<li>Para realizar un jersey de mujer de manga larga talla 42 se necesitan 6 ovillos. <\/li>\n\n\n\n<li>Para la muestra de 10x10cm trabajar 20 puntos y 26 vueltas. <\/li>\n\n\n\n<li>Lavable a m\u00e1quina hasta 30\u00baC. <\/li>\n\n\n\n<li>No centrifugar. <\/li>\n\n\n\n<li>No usar secadora<\/li>\n<\/ul>\n\n\n\n<figure class=\"wp-block-image size-large\"><img fetchpriority=\"high\" decoding=\"async\" width=\"1024\" height=\"84\" src=\"https:\/\/molalalana.es\/tienda\/wp-content\/uploads\/caracteristicas-tecnicas-lana-concept-chic-delave-1024x84.webp\" alt=\"\" class=\"wp-image-13284\" srcset=\"https:\/\/molalalana.es\/tienda\/wp-content\/uploads\/caracteristicas-tecnicas-lana-concept-chic-delave-1024x84.webp 1024w, https:\/\/molalalana.es\/tienda\/wp-content\/uploads\/caracteristicas-tecnicas-lana-concept-chic-delave-300x25.webp 300w, https:\/\/molalalana.es\/tienda\/wp-content\/uploads\/caracteristicas-tecnicas-lana-concept-chic-delave-768x63.webp 768w, https:\/\/molalalana.es\/tienda\/wp-content\/uploads\/caracteristicas-tecnicas-lana-concept-chic-delave-990x81.webp 990w, https:\/\/molalalana.es\/tienda\/wp-content\/uploads\/caracteristicas-tecnicas-lana-concept-chic-delave-441x36.webp 441w, https:\/\/molalalana.es\/tienda\/wp-content\/uploads\/caracteristicas-tecnicas-lana-concept-chic-delave-900x74.webp 900w, https:\/\/molalalana.es\/tienda\/wp-content\/uploads\/caracteristicas-tecnicas-lana-concept-chic-delave-150x12.webp 150w, https:\/\/molalalana.es\/tienda\/wp-content\/uploads\/caracteristicas-tecnicas-lana-concept-chic-delave.webp 1260w\" sizes=\"(max-width: 1024px) 100vw, 1024px\" \/><\/figure>\n\n\n\n<h2 class=\"wp-block-heading\">Proyectos realizados <\/h2>\n\n\n\n<figure class=\"wp-block-gallery has-nested-images columns-default is-cropped wp-block-gallery-1 is-layout-flex wp-block-gallery-is-layout-flex\">\n<figure class=\"wp-block-image size-full\"><img decoding=\"async\" width=\"376\" height=\"376\" data-id=\"13283\" src=\"https:\/\/molalalana.es\/tienda\/wp-content\/uploads\/chaqueta-corta-hecha-con-concept-chic-delave.webp\" alt=\"\" class=\"wp-image-13283\" srcset=\"https:\/\/molalalana.es\/tienda\/wp-content\/uploads\/chaqueta-corta-hecha-con-concept-chic-delave.webp 376w, https:\/\/molalalana.es\/tienda\/wp-content\/uploads\/chaqueta-corta-hecha-con-concept-chic-delave-300x300.webp 300w, https:\/\/molalalana.es\/tienda\/wp-content\/uploads\/chaqueta-corta-hecha-con-concept-chic-delave-150x150.webp 150w\" sizes=\"(max-width: 376px) 100vw, 376px\" \/><\/figure>\n<\/figure>\n","protected":false},"excerpt":{"rendered":"<p>Chic Delav\u00e9 es un coqueto hilo ond\u00e9 compuesto por una suave mecha de algod\u00f3n en contraste con un bohemio estampado spray monocolor y elegantes destellos. Crea prendas de entretiempo \u00fanicas con Chic Delav\u00e9, un hilo edici\u00f3n limitada de Concept by Katia<\/p>\n","protected":false},"featured_media":13277,"comment_status":"open","ping_status":"open","template":"","meta":[],"product_brand":[],"product_cat":[20],"product_tag":[],"class_list":{"0":"post-13422","1":"product","2":"type-product","3":"status-publish","4":"has-post-thumbnail","6":"product_cat-lanas","7":"pa_color-100-azules","8":"pa_color-101-kakis","9":"pa_color-102-mostaza","10":"pa_color-103-marrones","11":"pa_color-104-maquillajes","12":"pa_composicion-90-algodon-9-poliester-1-poliamida","13":"pa_marca-katia","14":"pa_temporada-primavera-verano","16":"first","17":"instock","18":"sale","19":"taxable","20":"shipping-taxable","21":"purchasable","22":"product-type-variable","23":"has-default-attributes"},"_links":{"self":[{"href":"https:\/\/molalalana.es\/tienda\/wp-json\/wp\/v2\/product\/13422","targetHints":{"allow":["GET"]}}],"collection":[{"href":"https:\/\/molalalana.es\/tienda\/wp-json\/wp\/v2\/product"}],"about":[{"href":"https:\/\/molalalana.es\/tienda\/wp-json\/wp\/v2\/types\/product"}],"replies":[{"embeddable":true,"href":"https:\/\/molalalana.es\/tienda\/wp-json\/wp\/v2\/comments?post=13422"}],"wp:featuredmedia":[{"embeddable":true,"href":"https:\/\/molalalana.es\/tienda\/wp-json\/wp\/v2\/media\/13277"}],"wp:attachment":[{"href":"https:\/\/molalalana.es\/tienda\/wp-json\/wp\/v2\/media?parent=13422"}],"wp:term":[{"taxonomy":"product_brand","embeddable":true,"href":"https:\/\/molalalana.es\/tienda\/wp-json\/wp\/v2\/product_brand?post=13422"},{"taxonomy":"product_cat","embeddable":true,"href":"https:\/\/molalalana.es\/tienda\/wp-json\/wp\/v2\/product_cat?post=13422"},{"taxonomy":"product_tag","embeddable":true,"href":"https:\/\/molalalana.es\/tienda\/wp-json\/wp\/v2\/product_tag?post=13422"}],"curies":[{"name":"wp","href":"https:\/\/api.w.org\/{rel}","templated":true}]}}