{"id":13438,"date":"2023-02-26T17:48:47","date_gmt":"2023-02-26T17:48:47","guid":{"rendered":"https:\/\/molalalana.es\/tienda\/?post_type=product&#038;p=13438"},"modified":"2025-12-26T13:45:38","modified_gmt":"2025-12-26T11:45:38","slug":"degrade-sun","status":"publish","type":"product","link":"https:\/\/molalalana.es\/tienda\/tienda\/degrade-sun\/","title":{"rendered":"DEGRADE SUN"},"content":{"rendered":"<p><strong>Degrade Sun de lanas Katia<\/strong>\u00a0es un<strong>\u00a0hilo 100% algod\u00f3n egipcio<\/strong>, de m\u00e1xima calidad, en colores degradados, formando un dibujo degradado al tejer en diferentes tonos perfectamente combinados. Con un acabado mate y aspecto uniforme. Este tipo de fibra natural hace que tus labores sean mucho m\u00e1s resistentes y duraderas.<\/p>\n<p>Su composici\u00f3n natural lo hace perfecto para tejer prendas de beb\u00e9s y ni\u00f1os, teniendo un tacto dulce y muy suave tanto para ellos, como para adultos.<\/p>\n<p><span style=\"font-size: revert; color: initial; font-family: var(--wp--preset--font-family--primary);\">Sus jaspeados y vibrantes colores aportar\u00e1n alegr\u00eda a tus prendas, complementos y accesorios. Ideal para primavera &#8211; verano.<\/span><\/p>\n<p>Realiza originales proyectos como vestidos, chalecos, peleles, chaquetas y muchas otras prendas para beb\u00e9, adem\u00e1s de muchas otras creaciones para adultos y ni\u00f1os.<\/p>\n<p>Disponible en gran variedad de diferentes colores jaspeados.<\/p>\n\n\n<h2 class=\"wp-block-heading\">Caracter\u00edsticas T\u00e9cnicas<\/h2>\n\n\n\n<ul class=\"wp-block-list\">\n<li>Cada ovillo tiene 50 gramos y 115 metros. Este hilo es de grosor medio, recomendamos usar agujas del 3-3,5 o ganchillo del 2,5-3.<\/li>\n\n\n\n<li>Para realizar un jersey de mujer de manga corta talla 42 se necesitan 8 ovillos.<\/li>\n\n\n\n<li>Para la muestra 10&#215;10 cm trabajar 22 puntos y 26 vueltas.<\/li>\n\n\n\n<li>Lavable a m\u00e1quina hasta 30\u00baC. No usar secadora. <\/li>\n<\/ul>\n","protected":false},"excerpt":{"rendered":"<p><strong>Katia Degrade Sun<\/strong> es un algod\u00f3n con efecto degradado, ideal para tejer preciosos jerseys tanto de manga larga como manga corta. Perfecto para combinar junto con la calidad Cotton 100% de Katia<\/p>\n","protected":false},"featured_media":13200,"comment_status":"open","ping_status":"open","template":"","meta":[],"product_brand":[],"product_cat":[20,2921],"product_tag":[],"class_list":{"0":"post-13438","1":"product","2":"type-product","3":"status-publish","4":"has-post-thumbnail","6":"product_cat-lanas","7":"product_cat-outlet","8":"pa_color-50-lilas-agua-lima","9":"pa_color-51-verdes-tostados","10":"pa_color-52-petroleos-lima-verde","11":"pa_color-53-azules-lila-rojo","12":"pa_color-54-petroleo-verde-fucsi","13":"pa_color-55-rojos-fucsia-azules","14":"pa_color-56-ocres-rojo-marron","15":"pa_composicion-100-algodon","16":"pa_marca-katia","17":"pa_temporada-primavera-verano","19":"first","20":"instock","21":"sale","22":"taxable","23":"shipping-taxable","24":"purchasable","25":"product-type-variable","26":"has-default-attributes"},"_links":{"self":[{"href":"https:\/\/molalalana.es\/tienda\/wp-json\/wp\/v2\/product\/13438","targetHints":{"allow":["GET"]}}],"collection":[{"href":"https:\/\/molalalana.es\/tienda\/wp-json\/wp\/v2\/product"}],"about":[{"href":"https:\/\/molalalana.es\/tienda\/wp-json\/wp\/v2\/types\/product"}],"replies":[{"embeddable":true,"href":"https:\/\/molalalana.es\/tienda\/wp-json\/wp\/v2\/comments?post=13438"}],"wp:featuredmedia":[{"embeddable":true,"href":"https:\/\/molalalana.es\/tienda\/wp-json\/wp\/v2\/media\/13200"}],"wp:attachment":[{"href":"https:\/\/molalalana.es\/tienda\/wp-json\/wp\/v2\/media?parent=13438"}],"wp:term":[{"taxonomy":"product_brand","embeddable":true,"href":"https:\/\/molalalana.es\/tienda\/wp-json\/wp\/v2\/product_brand?post=13438"},{"taxonomy":"product_cat","embeddable":true,"href":"https:\/\/molalalana.es\/tienda\/wp-json\/wp\/v2\/product_cat?post=13438"},{"taxonomy":"product_tag","embeddable":true,"href":"https:\/\/molalalana.es\/tienda\/wp-json\/wp\/v2\/product_tag?post=13438"}],"curies":[{"name":"wp","href":"https:\/\/api.w.org\/{rel}","templated":true}]}}