{"id":13481,"date":"2023-02-26T17:49:04","date_gmt":"2023-02-26T17:49:04","guid":{"rendered":"https:\/\/molalalana.es\/tienda\/?post_type=product&#038;p=13481"},"modified":"2025-09-27T13:58:13","modified_gmt":"2025-09-27T11:58:13","slug":"polynesia-gradient","status":"publish","type":"product","link":"https:\/\/molalalana.es\/tienda\/tienda\/polynesia-gradient\/","title":{"rendered":"KATIA POLYNESIA GRADIENT"},"content":{"rendered":"<p><strong>Katia Polynesia Gradient<\/strong>\u00a0es un hilo boucl\u00e9 de la colecci\u00f3n\u00a0<strong>Concept by Katia<\/strong>. Su textura est\u00e1 formada por una hebra con distintos grosores que consigue un aspecto rizado muy original. Adem\u00e1s, el hilo se degrada en 6 colores muy veraniegos, que le dar\u00e1n un toque llamativo a tu labor.<\/p>\n<p>El hilo se presenta en ovillos de formato cake, con un total de 200 gramos y 660 metros. Esto te permite tejer un hermoso chal multicolor utilizando tan solo un ovillo. Tambi\u00e9n podr\u00e1s tejer un vestido para beb\u00e9 con un ovillo, un pa\u00f1uelo, un top&#8230; \u00a1y muchas otras labores!<\/p>\n<p>Est\u00e1 compuesto por una mezcla de algod\u00f3n, lino y viscosa, lo que consigue una textura algo r\u00fastica pero con un g\u00e9nero muy suave sobre la piel. \u00a1Te encantar\u00e1 la explosi\u00f3n crom\u00e1tica!<\/p>\n<h2>\u00bfCu\u00e1l es la composici\u00f3n de Polynesia de Concept by Katia?<\/h2>\n<ul>\n<li>56% Algod\u00f3n<\/li>\n<li>22% Lino<\/li>\n<li>22% Viscosa<\/li>\n<\/ul>\n<h2>\u00bfCu\u00e1ntos ovillos necesito para tejer mis labores?<\/h2>\n<ul>\n<li>Se necesita un ovillo para tejer un chal o un vestido para\u00a0ni\u00f1os.<\/li>\n<\/ul>\n\n\n<h2 class=\"wp-block-heading\">Caracter\u00edsticas T\u00e9cnicas<\/h2>\n\n\n\n<ul class=\"wp-block-list\">\n<li>Ovillo de 200 gramos y 660 metros. <\/li>\n\n\n\n<li>Se recomienda tejer con agujas del 3,5-4,5 mm \/ US 5-7. <\/li>\n\n\n\n<li>Con un ovillo tejes una bufanda. <\/li>\n\n\n\n<li>Para la muestra de 10x10cm trabajar 24 puntos y 28 vueltas. <\/li>\n\n\n\n<li>Lavable a m\u00e1quina hasta 30\u00baC. <\/li>\n\n\n\n<li>Centrifugado corto. <\/li>\n\n\n\n<li>No usar secadora<\/li>\n<\/ul>\n\n\n\n<figure class=\"wp-block-image size-large\"><img fetchpriority=\"high\" decoding=\"async\" width=\"1024\" height=\"92\" src=\"https:\/\/molalalana.es\/tienda\/wp-content\/uploads\/caracteristicas-tecnicas-concept-polynesia-degrade-1024x92.webp\" alt=\"\" class=\"wp-image-13300\" srcset=\"https:\/\/molalalana.es\/tienda\/wp-content\/uploads\/caracteristicas-tecnicas-concept-polynesia-degrade-1024x92.webp 1024w, https:\/\/molalalana.es\/tienda\/wp-content\/uploads\/caracteristicas-tecnicas-concept-polynesia-degrade-300x27.webp 300w, https:\/\/molalalana.es\/tienda\/wp-content\/uploads\/caracteristicas-tecnicas-concept-polynesia-degrade-768x69.webp 768w, https:\/\/molalalana.es\/tienda\/wp-content\/uploads\/caracteristicas-tecnicas-concept-polynesia-degrade-990x88.webp 990w, https:\/\/molalalana.es\/tienda\/wp-content\/uploads\/caracteristicas-tecnicas-concept-polynesia-degrade-441x39.webp 441w, https:\/\/molalalana.es\/tienda\/wp-content\/uploads\/caracteristicas-tecnicas-concept-polynesia-degrade-900x80.webp 900w, https:\/\/molalalana.es\/tienda\/wp-content\/uploads\/caracteristicas-tecnicas-concept-polynesia-degrade-150x13.webp 150w, https:\/\/molalalana.es\/tienda\/wp-content\/uploads\/caracteristicas-tecnicas-concept-polynesia-degrade.webp 1130w\" sizes=\"(max-width: 1024px) 100vw, 1024px\" \/><\/figure>\n\n\n\n<h2 class=\"wp-block-heading\">Proyectos realizados <\/h2>\n\n\n\n<figure class=\"wp-block-gallery has-nested-images columns-default is-cropped wp-block-gallery-1 is-layout-flex wp-block-gallery-is-layout-flex\">\n<figure class=\"wp-block-image size-full\"><img decoding=\"async\" width=\"376\" height=\"376\" data-id=\"13299\" src=\"https:\/\/molalalana.es\/tienda\/wp-content\/uploads\/fular-calado-hecho-con-concetp-polynesia-gradient.webp\" alt=\"\" class=\"wp-image-13299\" srcset=\"https:\/\/molalalana.es\/tienda\/wp-content\/uploads\/fular-calado-hecho-con-concetp-polynesia-gradient.webp 376w, https:\/\/molalalana.es\/tienda\/wp-content\/uploads\/fular-calado-hecho-con-concetp-polynesia-gradient-300x300.webp 300w, https:\/\/molalalana.es\/tienda\/wp-content\/uploads\/fular-calado-hecho-con-concetp-polynesia-gradient-150x150.webp 150w\" sizes=\"(max-width: 376px) 100vw, 376px\" \/><\/figure>\n\n\n\n<figure class=\"wp-block-image size-full\"><img decoding=\"async\" width=\"376\" height=\"376\" data-id=\"13298\" src=\"https:\/\/molalalana.es\/tienda\/wp-content\/uploads\/vestido-de-nina-hecho-con-concept-polynesia-gradient.webp\" alt=\"\" class=\"wp-image-13298\" srcset=\"https:\/\/molalalana.es\/tienda\/wp-content\/uploads\/vestido-de-nina-hecho-con-concept-polynesia-gradient.webp 376w, https:\/\/molalalana.es\/tienda\/wp-content\/uploads\/vestido-de-nina-hecho-con-concept-polynesia-gradient-300x300.webp 300w, https:\/\/molalalana.es\/tienda\/wp-content\/uploads\/vestido-de-nina-hecho-con-concept-polynesia-gradient-150x150.webp 150w\" sizes=\"(max-width: 376px) 100vw, 376px\" \/><\/figure>\n<\/figure>\n","protected":false},"excerpt":{"rendered":"<p>Disfruta con Poylinesia Gradient de una preciosa versi\u00f3n del hilo Polynesia de Concept by Katia en degradado de 6 alegres colores<\/p>\n","protected":false},"featured_media":13287,"comment_status":"open","ping_status":"open","template":"","meta":[],"product_brand":[],"product_cat":[20],"product_tag":[],"class_list":{"0":"post-13481","1":"product","2":"type-product","3":"status-publish","4":"has-post-thumbnail","6":"product_cat-lanas","7":"pa_color-300-vivos-infantil","8":"pa_color-301-corales-kaki-lilas","9":"pa_color-302-kakis-paja-tostados","10":"pa_color-303-maquillaje-paja-azul","11":"pa_color-304-petroleo-paja-marron","12":"pa_color-305-petrol-naranj-fucsia","13":"pa_color-306-azules-marrones","14":"pa_color-307-violetas-rosados","15":"pa_composicion-56-algodon-22-lino-22-viscosa","16":"pa_marca-katia","17":"pa_temporada-primavera-verano","19":"first","20":"instock","21":"taxable","22":"shipping-taxable","23":"purchasable","24":"product-type-variable","25":"has-default-attributes"},"_links":{"self":[{"href":"https:\/\/molalalana.es\/tienda\/wp-json\/wp\/v2\/product\/13481","targetHints":{"allow":["GET"]}}],"collection":[{"href":"https:\/\/molalalana.es\/tienda\/wp-json\/wp\/v2\/product"}],"about":[{"href":"https:\/\/molalalana.es\/tienda\/wp-json\/wp\/v2\/types\/product"}],"replies":[{"embeddable":true,"href":"https:\/\/molalalana.es\/tienda\/wp-json\/wp\/v2\/comments?post=13481"}],"wp:featuredmedia":[{"embeddable":true,"href":"https:\/\/molalalana.es\/tienda\/wp-json\/wp\/v2\/media\/13287"}],"wp:attachment":[{"href":"https:\/\/molalalana.es\/tienda\/wp-json\/wp\/v2\/media?parent=13481"}],"wp:term":[{"taxonomy":"product_brand","embeddable":true,"href":"https:\/\/molalalana.es\/tienda\/wp-json\/wp\/v2\/product_brand?post=13481"},{"taxonomy":"product_cat","embeddable":true,"href":"https:\/\/molalalana.es\/tienda\/wp-json\/wp\/v2\/product_cat?post=13481"},{"taxonomy":"product_tag","embeddable":true,"href":"https:\/\/molalalana.es\/tienda\/wp-json\/wp\/v2\/product_tag?post=13481"}],"curies":[{"name":"wp","href":"https:\/\/api.w.org\/{rel}","templated":true}]}}