{"id":14211,"date":"2023-08-02T17:48:03","date_gmt":"2023-08-02T15:48:03","guid":{"rendered":"https:\/\/molalalana.es\/tienda\/?post_type=product&#038;p=14211"},"modified":"2026-04-01T20:58:21","modified_gmt":"2026-04-01T18:58:21","slug":"comet","status":"publish","type":"product","link":"https:\/\/molalalana.es\/tienda\/tienda\/comet\/","title":{"rendered":"COMET"},"content":{"rendered":"<p><strong>Katia Comet<\/strong>\u00a0es una lana cautivadora que combina la practicidad del acr\u00edlico con la deslumbrante elegancia\u00a0del poli\u00e9ster metalizado. Esta exquisita mezcla de fibras ofrece un acabado verdaderamente \u00fanico, aportando luz y brillo a tus prendas de una manera sorprendente.<\/p>\n<p>Con su formato en ovillos grandes de 300 gramos y 1080 metros, Katia Comet te brinda la oportunidad de crear prendas y accesorios de gran tama\u00f1o con tan solo un ovillo, simplificando tus proyectos y permiti\u00e9ndote disfrutar de una confecci\u00f3n fluida y sin interrupciones<\/p>\n<p>Imagina envolverte en una maxi bufanda tejida a crochet con destellos met\u00e1licos, o lucir un elegante chal de punto con un sutil brillo en tus eventos especiales. Con Katia Comet, lograr\u00e1s resultados brillantes y sofisticados que cautivar\u00e1n todas las miradas.<\/p>\n<p>Ya sea que desees tejer prendas de vestir, accesorios de moda o decoraci\u00f3n para el hogar, esta lana te ofrece una amplia gama de posibilidades. Sus destellos metalizados a\u00f1aden un toque de purpurina y luminosidad a tus proyectos, elev\u00e1ndolos a un nivel superior de elegancia y estilo. Desde suaves jers\u00e9is hasta cojines decorativos, esta lana acr\u00edlica transformar\u00e1 tus labores en verdaderas piezas de arte.<\/p>\n<p>No importa si eres una experta tejedora o est\u00e1s dando tus primeros pasos en el mundo de las manualidades, con esta lana tendr\u00e1s la oportunidad de tener\u00a0una experiencia \u00fanica y emocionante. Deja volar tu imaginaci\u00f3n y disfruta de la versatilidad y el brillo que esta lana aporta a tus creaciones. Con Katia Comet, el arte de tejer se transforma en una expresi\u00f3n radiante y brillante de tu estilo personal.<\/p>\n<h2>\u00bfCu\u00e1l es la composici\u00f3n de Katia Comet?<\/h2>\n<ul>\n<li>97% Acr\u00edlico<\/li>\n<li>3% Poli\u00e9ster Metalizado<\/li>\n<\/ul>\n\n\n<h2 class=\"wp-block-heading\">CARACTERISTICAS TECNICAS<\/h2>\n\n\n\n<ul class=\"wp-block-list\">\n<li>Ovillo de 300 gramos y 1080 metros.<\/li>\n\n\n\n<li> Se recomienda tejer con agujas 3,5-4,5 mm o ganchillo 4-5 mm. <\/li>\n\n\n\n<li>Con un ovillo tejes una bufanda. <\/li>\n\n\n\n<li>Para la muestra de 10x10cm trabajar 20 puntos y 27 vueltas. <\/li>\n\n\n\n<li>Lavable a m\u00e1quina hasta 30\u00b0C en programa para lana. <\/li>\n\n\n\n<li>No usar secadora.<\/li>\n<\/ul>\n\n\n\n<figure class=\"wp-block-image size-full is-resized\"><img fetchpriority=\"high\" decoding=\"async\" width=\"610\" height=\"118\" src=\"https:\/\/molalalana.es\/tienda\/wp-content\/uploads\/Captura2JPG.jpg\" alt=\"\" class=\"wp-image-14453\" style=\"width:558px;height:108px\" srcset=\"https:\/\/molalalana.es\/tienda\/wp-content\/uploads\/Captura2JPG.jpg 610w, https:\/\/molalalana.es\/tienda\/wp-content\/uploads\/Captura2JPG-300x58.jpg 300w, https:\/\/molalalana.es\/tienda\/wp-content\/uploads\/Captura2JPG-441x85.jpg 441w, https:\/\/molalalana.es\/tienda\/wp-content\/uploads\/Captura2JPG-150x29.jpg 150w\" sizes=\"(max-width: 610px) 100vw, 610px\" \/><\/figure>\n\n\n\n<h2 class=\"wp-block-heading\">PROYECTOS REALIZADOS<\/h2>\n\n\n\n<figure class=\"wp-block-gallery has-nested-images columns-default is-cropped wp-block-gallery-1 is-layout-flex wp-block-gallery-is-layout-flex\">\n<figure class=\"wp-block-image size-large\"><img decoding=\"async\" width=\"288\" height=\"386\" data-id=\"16580\" src=\"https:\/\/molalalana.es\/tienda\/wp-content\/uploads\/2023\/08\/Captura-1.jpg\" alt=\"\" class=\"wp-image-16580\" srcset=\"https:\/\/molalalana.es\/tienda\/wp-content\/uploads\/2023\/08\/Captura-1.jpg 288w, https:\/\/molalalana.es\/tienda\/wp-content\/uploads\/2023\/08\/Captura-1-224x300.jpg 224w, https:\/\/molalalana.es\/tienda\/wp-content\/uploads\/2023\/08\/Captura-1-150x201.jpg 150w\" sizes=\"(max-width: 288px) 100vw, 288px\" \/><\/figure>\n\n\n\n<figure class=\"wp-block-image size-large\"><img decoding=\"async\" width=\"290\" height=\"382\" data-id=\"16579\" src=\"https:\/\/molalalana.es\/tienda\/wp-content\/uploads\/2023\/08\/Captura1-2.jpg\" alt=\"\" class=\"wp-image-16579\" srcset=\"https:\/\/molalalana.es\/tienda\/wp-content\/uploads\/2023\/08\/Captura1-2.jpg 290w, https:\/\/molalalana.es\/tienda\/wp-content\/uploads\/2023\/08\/Captura1-2-228x300.jpg 228w, https:\/\/molalalana.es\/tienda\/wp-content\/uploads\/2023\/08\/Captura1-2-150x198.jpg 150w\" sizes=\"(max-width: 290px) 100vw, 290px\" \/><\/figure>\n\n\n\n<figure class=\"wp-block-image size-large\"><img loading=\"lazy\" decoding=\"async\" width=\"257\" height=\"367\" data-id=\"16578\" src=\"https:\/\/molalalana.es\/tienda\/wp-content\/uploads\/2023\/08\/Captura3.jpg\" alt=\"\" class=\"wp-image-16578\" srcset=\"https:\/\/molalalana.es\/tienda\/wp-content\/uploads\/2023\/08\/Captura3.jpg 257w, https:\/\/molalalana.es\/tienda\/wp-content\/uploads\/2023\/08\/Captura3-210x300.jpg 210w, https:\/\/molalalana.es\/tienda\/wp-content\/uploads\/2023\/08\/Captura3-150x214.jpg 150w\" sizes=\"(max-width: 257px) 100vw, 257px\" \/><\/figure>\n<\/figure>\n","protected":false},"excerpt":{"rendered":"<p>Katia Comet es una lana acr\u00edlica con un peque\u00f1o toque de poli\u00e9ster metalizado, que agrega brillo y luminosidad a tus prendas y accesorios, ofreciendo un acabado \u00fanico y llamativo. Los ovillos grandes de 300 gramos\u00a0 y 1080MT, permiten crear piezas de gran tama\u00f1o sin interrupciones, como bufandas, chales y prendas de vestir, con efectos brillantes y sofisticados.<\/p>\n","protected":false},"featured_media":13806,"comment_status":"open","ping_status":"open","template":"","meta":[],"product_brand":[],"product_cat":[20],"product_tag":[240,1147,235],"class_list":{"0":"post-14211","1":"product","2":"type-product","3":"status-publish","4":"has-post-thumbnail","6":"product_cat-lanas","7":"product_tag-hilo","8":"product_tag-metalizado","9":"product_tag-suave","10":"pa_color-207-sangre","11":"pa_color-200-blanco","12":"pa_color-201-agua","13":"pa_color-202-lavanda","14":"pa_color-203-rosa","15":"pa_color-204-beige","16":"pa_color-205-botella","17":"pa_color-206-ocre","18":"pa_color-208-negro","19":"pa_color-209-gris","20":"pa_color-210-azul","21":"pa_color-211-cobre","22":"pa_color-212-mint","23":"pa_composicion-97-acrilico-3-poliester","24":"pa_marca-katia","25":"pa_temporada-otono-invierno","27":"first","28":"instock","29":"taxable","30":"shipping-taxable","31":"purchasable","32":"product-type-variable","33":"has-default-attributes"},"_links":{"self":[{"href":"https:\/\/molalalana.es\/tienda\/wp-json\/wp\/v2\/product\/14211","targetHints":{"allow":["GET"]}}],"collection":[{"href":"https:\/\/molalalana.es\/tienda\/wp-json\/wp\/v2\/product"}],"about":[{"href":"https:\/\/molalalana.es\/tienda\/wp-json\/wp\/v2\/types\/product"}],"replies":[{"embeddable":true,"href":"https:\/\/molalalana.es\/tienda\/wp-json\/wp\/v2\/comments?post=14211"}],"wp:featuredmedia":[{"embeddable":true,"href":"https:\/\/molalalana.es\/tienda\/wp-json\/wp\/v2\/media\/13806"}],"wp:attachment":[{"href":"https:\/\/molalalana.es\/tienda\/wp-json\/wp\/v2\/media?parent=14211"}],"wp:term":[{"taxonomy":"product_brand","embeddable":true,"href":"https:\/\/molalalana.es\/tienda\/wp-json\/wp\/v2\/product_brand?post=14211"},{"taxonomy":"product_cat","embeddable":true,"href":"https:\/\/molalalana.es\/tienda\/wp-json\/wp\/v2\/product_cat?post=14211"},{"taxonomy":"product_tag","embeddable":true,"href":"https:\/\/molalalana.es\/tienda\/wp-json\/wp\/v2\/product_tag?post=14211"}],"curies":[{"name":"wp","href":"https:\/\/api.w.org\/{rel}","templated":true}]}}