{"id":14223,"date":"2023-08-02T17:48:07","date_gmt":"2023-08-02T15:48:07","guid":{"rendered":"https:\/\/molalalana.es\/tienda\/?post_type=product&#038;p=14223"},"modified":"2026-02-12T14:55:07","modified_gmt":"2026-02-12T12:55:07","slug":"delicia","status":"publish","type":"product","link":"https:\/\/molalalana.es\/tienda\/tienda\/delicia\/","title":{"rendered":"DELICIA"},"content":{"rendered":"<p>Katia Delicia es una dulce lana fantas\u00eda de efecto ond\u00e9, con una esponjosa mecha en composici\u00f3n lana-acr\u00edlico y una sutil textura peluche estampada en ciclo largo, que deja entrever un delicado efecto crom\u00e1tico. Esta lana edici\u00f3n limitada es ideal para crear prendas de invierno con un dise\u00f1o \u00fanico. Adem\u00e1s, con solo 3 ovillos, puedes tejer una bufanda de mujer o un jersey de ni\u00f1o. Esta lana viene en dos gamas de colores diferenciadas, con la base de mechas en crudo para un efecto vibrante o con la base vis\u00f3n para un efecto m\u00e1s elegante. \u00a1Insp\u00edrate con Katia Delicia para hacer realidad tus proyectos de punto m\u00e1s exclusivos!<\/p>\n\n\n<h2 class=\"wp-block-heading\">CARACTER\u00cdSTICAS T\u00c9CNICAS<\/h2>\n\n\n\n<ul class=\"wp-block-list\">\n<li>Ovillo de 100 gramos y 150 metros. <\/li>\n\n\n\n<li>Se recomienda tejer con agujas del 5-5,5 mm o ganchillo del 5,5-6 mm. <\/li>\n\n\n\n<li>Para realizar un jersey de mujer de manga larga talla 42 se necesitan 6 ovillos.<\/li>\n\n\n\n<li> Para la muestra de 10x10cm trabajar 17 puntos y 22 vueltas.<\/li>\n\n\n\n<li> Lavable a m\u00e1quina hasta 30\u00b0C en programa para lana. <\/li>\n\n\n\n<li>No usar secadora.<\/li>\n<\/ul>\n\n\n\n<figure class=\"wp-block-image size-full\"><img fetchpriority=\"high\" decoding=\"async\" width=\"615\" height=\"112\" src=\"https:\/\/molalalana.es\/tienda\/wp-content\/uploads\/Captura3-1.jpg\" alt=\"\" class=\"wp-image-14460\" srcset=\"https:\/\/molalalana.es\/tienda\/wp-content\/uploads\/Captura3-1.jpg 615w, https:\/\/molalalana.es\/tienda\/wp-content\/uploads\/Captura3-1-300x55.jpg 300w, https:\/\/molalalana.es\/tienda\/wp-content\/uploads\/Captura3-1-441x80.jpg 441w, https:\/\/molalalana.es\/tienda\/wp-content\/uploads\/Captura3-1-150x27.jpg 150w\" sizes=\"(max-width: 615px) 100vw, 615px\" \/><\/figure>\n\n\n\n<h2 class=\"wp-block-heading\">PROYECTOS REALIZADOS<\/h2>\n\n\n\n<figure class=\"wp-block-gallery has-nested-images columns-default is-cropped wp-block-gallery-1 is-layout-flex wp-block-gallery-is-layout-flex\">\n<figure class=\"wp-block-image size-large\"><img decoding=\"async\" width=\"288\" height=\"390\" data-id=\"14458\" src=\"https:\/\/molalalana.es\/tienda\/wp-content\/uploads\/Captura1-2.jpg\" alt=\"\" class=\"wp-image-14458\" srcset=\"https:\/\/molalalana.es\/tienda\/wp-content\/uploads\/Captura1-2.jpg 288w, https:\/\/molalalana.es\/tienda\/wp-content\/uploads\/Captura1-2-222x300.jpg 222w, https:\/\/molalalana.es\/tienda\/wp-content\/uploads\/Captura1-2-150x203.jpg 150w\" sizes=\"(max-width: 288px) 100vw, 288px\" \/><\/figure>\n\n\n\n<figure class=\"wp-block-image size-large\"><img decoding=\"async\" width=\"289\" height=\"384\" data-id=\"14457\" src=\"https:\/\/molalalana.es\/tienda\/wp-content\/uploads\/Captura-7.jpg\" alt=\"\" class=\"wp-image-14457\" srcset=\"https:\/\/molalalana.es\/tienda\/wp-content\/uploads\/Captura-7.jpg 289w, https:\/\/molalalana.es\/tienda\/wp-content\/uploads\/Captura-7-226x300.jpg 226w, https:\/\/molalalana.es\/tienda\/wp-content\/uploads\/Captura-7-150x199.jpg 150w\" sizes=\"(max-width: 289px) 100vw, 289px\" \/><\/figure>\n<\/figure>\n","protected":false},"excerpt":{"rendered":"<p>Katia Delicia\u00a0se compone por una mezcla de acr\u00edlico y lana que consiguen una textura suave y esponjosa. Se compone por una mecha central cruda o vis\u00f3n, envuelta por fibras de colores que consiguen un bonito efecto crom\u00e1tico. Adem\u00e1s, esta envoltura le proporciona una textura ondulada que consigue efectos de fantas\u00eda en tus labores.<\/p>\n","protected":false},"featured_media":13815,"comment_status":"open","ping_status":"open","template":"","meta":[],"product_brand":[],"product_cat":[20],"product_tag":[],"class_list":{"0":"post-14223","1":"product","2":"type-product","3":"status-publish","4":"has-post-thumbnail","6":"product_cat-lanas","7":"pa_color-100-crudo-marrones-agua","8":"pa_color-101-vison-marrones-agua","9":"pa_color-102-crudo-canard-lilas","10":"pa_color-103-vison-canard-lilas","11":"pa_color-104-crudo-vivos","12":"pa_color-105-vison-vivos","13":"pa_color-106-crudo-marrones-rojos","14":"pa_color-107-vison-marrones-rojos","15":"pa_composicion-40-lana-40-acrilico-20-poliamida","16":"pa_marca-katia","17":"pa_temporada-otono-invierno","19":"first","20":"instock","21":"sale","22":"taxable","23":"shipping-taxable","24":"purchasable","25":"product-type-variable","26":"has-default-attributes"},"_links":{"self":[{"href":"https:\/\/molalalana.es\/tienda\/wp-json\/wp\/v2\/product\/14223","targetHints":{"allow":["GET"]}}],"collection":[{"href":"https:\/\/molalalana.es\/tienda\/wp-json\/wp\/v2\/product"}],"about":[{"href":"https:\/\/molalalana.es\/tienda\/wp-json\/wp\/v2\/types\/product"}],"replies":[{"embeddable":true,"href":"https:\/\/molalalana.es\/tienda\/wp-json\/wp\/v2\/comments?post=14223"}],"wp:featuredmedia":[{"embeddable":true,"href":"https:\/\/molalalana.es\/tienda\/wp-json\/wp\/v2\/media\/13815"}],"wp:attachment":[{"href":"https:\/\/molalalana.es\/tienda\/wp-json\/wp\/v2\/media?parent=14223"}],"wp:term":[{"taxonomy":"product_brand","embeddable":true,"href":"https:\/\/molalalana.es\/tienda\/wp-json\/wp\/v2\/product_brand?post=14223"},{"taxonomy":"product_cat","embeddable":true,"href":"https:\/\/molalalana.es\/tienda\/wp-json\/wp\/v2\/product_cat?post=14223"},{"taxonomy":"product_tag","embeddable":true,"href":"https:\/\/molalalana.es\/tienda\/wp-json\/wp\/v2\/product_tag?post=14223"}],"curies":[{"name":"wp","href":"https:\/\/api.w.org\/{rel}","templated":true}]}}