{"id":14271,"date":"2023-08-02T17:48:26","date_gmt":"2023-08-02T15:48:26","guid":{"rendered":"https:\/\/molalalana.es\/tienda\/?post_type=product&#038;p=14271"},"modified":"2026-03-03T21:01:25","modified_gmt":"2026-03-03T19:01:25","slug":"mini-velour","status":"publish","type":"product","link":"https:\/\/molalalana.es\/tienda\/tienda\/mini-velour\/","title":{"rendered":"KATIA MINI VELOUR"},"content":{"rendered":"<p>\u00a0<\/p>\n<p><strong>Katia Mini Velour<\/strong>\u00a0te cautivar\u00e1 con su suavidad y textura. Esta lana de pelo largo es la versi\u00f3n renovada de la famosa lana Velour de Katia, dise\u00f1ado para brindar un toque suave y sutil de pelo a tus prendas.<\/p>\n<p>Con una amplia selecci\u00f3n de colores, puedes elegir entre tonos suaves y pasteles o tonos fuertes y vibrantes, seg\u00fan tus preferencias y estilo. Katia Mini Velour es el hilo perfecto para agregar elegancia y sofisticaci\u00f3n a tus prendas de oto\u00f1o e invierno. Teje bufandas, cuellos, gorros y otros accesorios de pelo largo para complementar tus looks con estilo y calidez. Tambi\u00e9n puedes utilizar este hilo para tejer un jersey extra c\u00e1lido o un abrigo que te mantendr\u00e1 abrigado en los d\u00edas fr\u00edos de invierno.<\/p>\n<p>Disfruta de la versatilidad y la belleza de Katia Mini Velour mientras creas prendas y accesorios para toda la familia. Su suavidad y calidad garantizan resultados impresionantes y una experiencia de tejido placentera. \u00a1Deja volar tu imaginaci\u00f3n y dale vida a tus proyectos con este encantador material con pelo suave!<\/p>\n\n\n<h2 class=\"wp-block-heading\">CARACTERISTICAS TECNICAS<\/h2>\n\n\n\n<ul class=\"wp-block-list\">\n<li>Cada ovillo contiene 100 gramos y 175 metros.<\/li>\n\n\n\n<li>Se recomienda tejer con agujas de 5 &#8211; 6 mm.<\/li>\n\n\n\n<li>Para la muestra 10 x 10 cm necesitas 20 puntos y 24 vueltas.<\/li>\n\n\n\n<li>Lavar en la lavadora hasta 30\u00baC en programa para lana.<\/li>\n\n\n\n<li>Se puede planchar a temperatura baja.<\/li>\n\n\n\n<li>\u00bfCu\u00e1ntos ovillos necesito para tejer mis labores?<\/li>\n\n\n\n<li>Para tejer un cuello se necesita 1 ovillo.<\/li>\n\n\n\n<li>Para realizar un jersey de mujer de manga larga talla 42 se necesitan 6 ovillos.<\/li>\n<\/ul>\n\n\n\n<figure class=\"wp-block-image size-full\"><img fetchpriority=\"high\" decoding=\"async\" width=\"606\" height=\"109\" src=\"https:\/\/molalalana.es\/tienda\/wp-content\/uploads\/Captura6.jpg\" alt=\"\" class=\"wp-image-14483\" srcset=\"https:\/\/molalalana.es\/tienda\/wp-content\/uploads\/Captura6.jpg 606w, https:\/\/molalalana.es\/tienda\/wp-content\/uploads\/Captura6-300x54.jpg 300w, https:\/\/molalalana.es\/tienda\/wp-content\/uploads\/Captura6-441x79.jpg 441w, https:\/\/molalalana.es\/tienda\/wp-content\/uploads\/Captura6-150x27.jpg 150w\" sizes=\"(max-width: 606px) 100vw, 606px\" \/><\/figure>\n\n\n\n<h2 class=\"wp-block-heading\">PROYECTOS REALIZADOS<\/h2>\n\n\n\n<figure class=\"wp-block-gallery has-nested-images columns-default is-cropped wp-block-gallery-1 is-layout-flex wp-block-gallery-is-layout-flex\">\n<figure class=\"wp-block-image size-large\"><img decoding=\"async\" width=\"269\" height=\"388\" data-id=\"14482\" src=\"https:\/\/molalalana.es\/tienda\/wp-content\/uploads\/Captura5.jpg\" alt=\"\" class=\"wp-image-14482\" srcset=\"https:\/\/molalalana.es\/tienda\/wp-content\/uploads\/Captura5.jpg 269w, https:\/\/molalalana.es\/tienda\/wp-content\/uploads\/Captura5-208x300.jpg 208w, https:\/\/molalalana.es\/tienda\/wp-content\/uploads\/Captura5-150x216.jpg 150w\" sizes=\"(max-width: 269px) 100vw, 269px\" \/><\/figure>\n\n\n\n<figure class=\"wp-block-image size-large\"><img decoding=\"async\" width=\"277\" height=\"386\" data-id=\"14481\" src=\"https:\/\/molalalana.es\/tienda\/wp-content\/uploads\/Captura4-1.jpg\" alt=\"\" class=\"wp-image-14481\" srcset=\"https:\/\/molalalana.es\/tienda\/wp-content\/uploads\/Captura4-1.jpg 277w, https:\/\/molalalana.es\/tienda\/wp-content\/uploads\/Captura4-1-215x300.jpg 215w, https:\/\/molalalana.es\/tienda\/wp-content\/uploads\/Captura4-1-150x209.jpg 150w\" sizes=\"(max-width: 277px) 100vw, 277px\" \/><\/figure>\n\n\n\n<figure class=\"wp-block-image size-large\"><img loading=\"lazy\" decoding=\"async\" width=\"286\" height=\"387\" data-id=\"14480\" src=\"https:\/\/molalalana.es\/tienda\/wp-content\/uploads\/Captura3-4.jpg\" alt=\"\" class=\"wp-image-14480\" srcset=\"https:\/\/molalalana.es\/tienda\/wp-content\/uploads\/Captura3-4.jpg 286w, https:\/\/molalalana.es\/tienda\/wp-content\/uploads\/Captura3-4-222x300.jpg 222w, https:\/\/molalalana.es\/tienda\/wp-content\/uploads\/Captura3-4-150x203.jpg 150w\" sizes=\"(max-width: 286px) 100vw, 286px\" \/><\/figure>\n\n\n\n<figure class=\"wp-block-image size-large\"><img loading=\"lazy\" decoding=\"async\" width=\"283\" height=\"389\" data-id=\"14479\" src=\"https:\/\/molalalana.es\/tienda\/wp-content\/uploads\/Captura2-3.jpg\" alt=\"\" class=\"wp-image-14479\" srcset=\"https:\/\/molalalana.es\/tienda\/wp-content\/uploads\/Captura2-3.jpg 283w, https:\/\/molalalana.es\/tienda\/wp-content\/uploads\/Captura2-3-218x300.jpg 218w, https:\/\/molalalana.es\/tienda\/wp-content\/uploads\/Captura2-3-150x206.jpg 150w\" sizes=\"(max-width: 283px) 100vw, 283px\" \/><\/figure>\n\n\n\n<figure class=\"wp-block-image size-large\"><img loading=\"lazy\" decoding=\"async\" width=\"296\" height=\"397\" data-id=\"14478\" src=\"https:\/\/molalalana.es\/tienda\/wp-content\/uploads\/Captura1-5.jpg\" alt=\"\" class=\"wp-image-14478\" srcset=\"https:\/\/molalalana.es\/tienda\/wp-content\/uploads\/Captura1-5.jpg 296w, https:\/\/molalalana.es\/tienda\/wp-content\/uploads\/Captura1-5-224x300.jpg 224w, https:\/\/molalalana.es\/tienda\/wp-content\/uploads\/Captura1-5-150x201.jpg 150w\" sizes=\"(max-width: 296px) 100vw, 296px\" \/><\/figure>\n<\/figure>\n","protected":false},"excerpt":{"rendered":"<p>Katia Mini Velour es una lana suave y texturizada que agrega un toque de pelo sutil a tus prendas. Disponible en una variedad de colores, es perfecta para tejer accesorios elegantes y prendas c\u00e1lidas para el oto\u00f1o e invierno. Su composici\u00f3n es 80% poliamida y 20% poli\u00e9ster. \u00a1Disfruta creando con la suavidad y belleza de Katia Mini Velour!<\/p>\n","protected":false},"featured_media":13937,"comment_status":"open","ping_status":"open","template":"","meta":[],"product_brand":[],"product_cat":[20],"product_tag":[],"class_list":{"0":"post-14271","1":"product","2":"type-product","3":"status-publish","4":"has-post-thumbnail","6":"product_cat-lanas","7":"pa_color-100-blanco","8":"pa_color-101-rosa","9":"pa_color-102-salmon-vivo","10":"pa_color-103-pistacho-claro","11":"pa_color-104-agua","12":"pa_color-105-lavanda","13":"pa_color-106-camel","14":"pa_color-107-menta-claro","15":"pa_color-108-perla","16":"pa_color-109-morado","17":"pa_color-110-vino","18":"pa_color-111-marron","19":"pa_color-112-aceituna","20":"pa_color-113-verde-botella","21":"pa_color-114-azul-oxford","22":"pa_color-115-turquesa","23":"pa_composicion-80-poliamida-20-poliester","24":"pa_marca-katia","25":"pa_temporada-otono-invierno","27":"first","28":"instock","29":"sale","30":"taxable","31":"shipping-taxable","32":"purchasable","33":"product-type-variable","34":"has-default-attributes"},"_links":{"self":[{"href":"https:\/\/molalalana.es\/tienda\/wp-json\/wp\/v2\/product\/14271","targetHints":{"allow":["GET"]}}],"collection":[{"href":"https:\/\/molalalana.es\/tienda\/wp-json\/wp\/v2\/product"}],"about":[{"href":"https:\/\/molalalana.es\/tienda\/wp-json\/wp\/v2\/types\/product"}],"replies":[{"embeddable":true,"href":"https:\/\/molalalana.es\/tienda\/wp-json\/wp\/v2\/comments?post=14271"}],"wp:featuredmedia":[{"embeddable":true,"href":"https:\/\/molalalana.es\/tienda\/wp-json\/wp\/v2\/media\/13937"}],"wp:attachment":[{"href":"https:\/\/molalalana.es\/tienda\/wp-json\/wp\/v2\/media?parent=14271"}],"wp:term":[{"taxonomy":"product_brand","embeddable":true,"href":"https:\/\/molalalana.es\/tienda\/wp-json\/wp\/v2\/product_brand?post=14271"},{"taxonomy":"product_cat","embeddable":true,"href":"https:\/\/molalalana.es\/tienda\/wp-json\/wp\/v2\/product_cat?post=14271"},{"taxonomy":"product_tag","embeddable":true,"href":"https:\/\/molalalana.es\/tienda\/wp-json\/wp\/v2\/product_tag?post=14271"}],"curies":[{"name":"wp","href":"https:\/\/api.w.org\/{rel}","templated":true}]}}