{"id":16430,"date":"2024-08-10T17:37:10","date_gmt":"2024-08-10T15:37:10","guid":{"rendered":"https:\/\/molalalana.es\/tienda\/?post_type=product&#038;p=16430"},"modified":"2026-02-17T21:04:32","modified_gmt":"2026-02-17T19:04:32","slug":"paint-granny","status":"publish","type":"product","link":"https:\/\/molalalana.es\/tienda\/tienda\/paint-granny\/","title":{"rendered":"KATIA PAINT GRANNY"},"content":{"rendered":"<p>\u00a0<\/p>\n<p data-start=\"204\" data-end=\"486\"><strong data-start=\"204\" data-end=\"226\">Katia Paint Granny<\/strong> es el hilo perfecto para sumarte a la tendencia de los <strong data-start=\"282\" data-end=\"300\">granny squares<\/strong> de forma f\u00e1cil y divertida. Su dise\u00f1o estampado est\u00e1 <strong data-start=\"354\" data-end=\"436\">especialmente pensado para tejer cuadraditos de la abuela sin cambiar de color<\/strong>, logrando combinaciones perfectas en cada motivo.<\/p>\n<p data-start=\"488\" data-end=\"802\">Gracias a su <strong data-start=\"501\" data-end=\"523\">ciclo de 5 colores<\/strong>, que se repite de forma <strong data-start=\"548\" data-end=\"601\">id\u00e9ntica y constante a lo largo de todo el ovillo<\/strong>, obtendr\u00e1s grannies uniformes y equilibrados. Solo tienes que buscar el inicio del ciclo de color; el hilo sobrante puedes guardarlo para los <strong data-start=\"744\" data-end=\"766\">remates y acabados<\/strong> de tus proyectos en granny squares.<\/p>\n<p data-start=\"804\" data-end=\"986\">Este <strong data-start=\"809\" data-end=\"843\">hilo Katia para granny squares<\/strong> es ideal para <strong data-start=\"858\" data-end=\"871\">ganchillo<\/strong>, aunque tambi\u00e9n se puede tejer <strong data-start=\"903\" data-end=\"921\">con dos agujas<\/strong>, ofreciendo un resultado completamente diferente y muy original.<\/p>\n<h4 data-start=\"988\" data-end=\"1038\"><strong data-start=\"993\" data-end=\"1038\">\u00bfQu\u00e9 puedes tejer con Katia Paint Granny?<\/strong><\/h4>\n<ul data-start=\"1039\" data-end=\"1204\">\n<li data-start=\"1039\" data-end=\"1091\">\n<p data-start=\"1041\" data-end=\"1091\">Con <strong data-start=\"1045\" data-end=\"1057\">1 ovillo<\/strong>: un cuello divertido y colorido<\/p>\n<\/li>\n<li data-start=\"1092\" data-end=\"1138\">\n<p data-start=\"1094\" data-end=\"1138\">Con <strong data-start=\"1098\" data-end=\"1111\">2 ovillos<\/strong>: una bufanda a ganchillo<\/p>\n<\/li>\n<li data-start=\"1139\" data-end=\"1204\">\n<p data-start=\"1141\" data-end=\"1204\">Con varios ovillos: <strong data-start=\"1161\" data-end=\"1181\">jersey para ni\u00f1a<\/strong>, mantas y accesorios<\/p>\n<\/li>\n<\/ul>\n<h4 data-start=\"1206\" data-end=\"1242\"><strong data-start=\"1211\" data-end=\"1242\">Caracter\u00edsticas principales<\/strong><\/h4>\n<ul data-start=\"1243\" data-end=\"1423\">\n<li data-start=\"1243\" data-end=\"1293\">\n<p data-start=\"1245\" data-end=\"1293\">Hilo estampado con <strong data-start=\"1264\" data-end=\"1293\">ciclo de color controlado<\/strong><\/p>\n<\/li>\n<li data-start=\"1294\" data-end=\"1335\">\n<p data-start=\"1296\" data-end=\"1335\">Ideal para <strong data-start=\"1307\" data-end=\"1335\">granny squares a crochet<\/strong><\/p>\n<\/li>\n<li data-start=\"1336\" data-end=\"1365\">\n<p data-start=\"1338\" data-end=\"1365\">No necesita cambio de color<\/p>\n<\/li>\n<li data-start=\"1366\" data-end=\"1404\">\n<p data-start=\"1368\" data-end=\"1404\">Apto para <strong data-start=\"1378\" data-end=\"1404\">ganchillo y dos agujas<\/strong><\/p>\n<\/li>\n<li data-start=\"1405\" data-end=\"1423\">\n<p data-start=\"1407\" data-end=\"1423\">Marca: <strong data-start=\"1414\" data-end=\"1423\">Katia<\/strong><\/p>\n<\/li>\n<\/ul>\n<p data-start=\"1425\" data-end=\"1546\"><strong data-start=\"1428\" data-end=\"1464\">Compra online Katia Paint Granny<\/strong> y crea granny squares perfectos, coloridos y llenos de estilo sin complicaciones.<\/p>\n\n\n<h2 class=\"wp-block-heading\">CARACTER\u00cdSTICAS T\u00c9CNICAS<\/h2>\n\n\n\n<ul class=\"wp-block-list\">\n<li>Cada ovillo contiene 150 gramos y 540 metros.<\/li>\n\n\n\n<li>Su grosor est\u00e1 indicado para tejer con agujas de punto de 4,5-5mm y para ganchillo 3,5-4mm.<\/li>\n\n\n\n<li>Para realizar una muestra de&nbsp; de 10 x 10 cm obtenemos18 puntos y trabaja 24vueltas con agujas de 4,5mm.<\/li>\n\n\n\n<li>Es una lana apta para lavar a m\u00e1quina a m\u00e1ximo 30\u00baC.<\/li>\n\n\n\n<li>No es apta para el planchado.<\/li>\n\n\n\n<li>No es apta para el uso de la secadora.<\/li>\n\n\n\n<li>Se recomienda el secado en horizontal sin tender.<\/li>\n\n\n\n<li> Para tejer una jersey de manga larga de la talla 42 necesitas 8 ovillos <\/li>\n\n\n\n<li>Para una bufanda de crochet tan solo necesitas dos ovillos<\/li>\n<\/ul>\n\n\n\n<figure class=\"wp-block-image size-full\"><img fetchpriority=\"high\" decoding=\"async\" width=\"604\" height=\"141\" src=\"https:\/\/molalalana.es\/tienda\/wp-content\/uploads\/2024\/08\/Captura2-3.jpg\" alt=\"\" class=\"wp-image-16501\" srcset=\"https:\/\/molalalana.es\/tienda\/wp-content\/uploads\/2024\/08\/Captura2-3.jpg 604w, https:\/\/molalalana.es\/tienda\/wp-content\/uploads\/2024\/08\/Captura2-3-300x70.jpg 300w, https:\/\/molalalana.es\/tienda\/wp-content\/uploads\/2024\/08\/Captura2-3-441x103.jpg 441w, https:\/\/molalalana.es\/tienda\/wp-content\/uploads\/2024\/08\/Captura2-3-150x35.jpg 150w\" sizes=\"(max-width: 604px) 100vw, 604px\" \/><\/figure>\n\n\n\n<h2 class=\"wp-block-heading\">PROYECTOS REALIZADOS<\/h2>\n\n\n\n<figure class=\"wp-block-gallery has-nested-images columns-default is-cropped wp-block-gallery-1 is-layout-flex wp-block-gallery-is-layout-flex\">\n<figure class=\"wp-block-image size-large\"><img decoding=\"async\" width=\"264\" height=\"319\" data-id=\"16500\" src=\"https:\/\/molalalana.es\/tienda\/wp-content\/uploads\/2024\/08\/Captura-7.jpg\" alt=\"\" class=\"wp-image-16500\" srcset=\"https:\/\/molalalana.es\/tienda\/wp-content\/uploads\/2024\/08\/Captura-7.jpg 264w, https:\/\/molalalana.es\/tienda\/wp-content\/uploads\/2024\/08\/Captura-7-248x300.jpg 248w, https:\/\/molalalana.es\/tienda\/wp-content\/uploads\/2024\/08\/Captura-7-150x181.jpg 150w\" sizes=\"(max-width: 264px) 100vw, 264px\" \/><\/figure>\n\n\n\n<figure class=\"wp-block-image size-large\"><img decoding=\"async\" width=\"229\" height=\"356\" data-id=\"16499\" src=\"https:\/\/molalalana.es\/tienda\/wp-content\/uploads\/2024\/08\/Captura1-1.jpg\" alt=\"\" class=\"wp-image-16499\" srcset=\"https:\/\/molalalana.es\/tienda\/wp-content\/uploads\/2024\/08\/Captura1-1.jpg 229w, https:\/\/molalalana.es\/tienda\/wp-content\/uploads\/2024\/08\/Captura1-1-193x300.jpg 193w, https:\/\/molalalana.es\/tienda\/wp-content\/uploads\/2024\/08\/Captura1-1-150x233.jpg 150w\" sizes=\"(max-width: 229px) 100vw, 229px\" \/><\/figure>\n\n\n\n<figure class=\"wp-block-image size-large\"><img loading=\"lazy\" decoding=\"async\" width=\"228\" height=\"367\" data-id=\"16498\" src=\"https:\/\/molalalana.es\/tienda\/wp-content\/uploads\/2024\/08\/Captura3-2.jpg\" alt=\"\" class=\"wp-image-16498\" srcset=\"https:\/\/molalalana.es\/tienda\/wp-content\/uploads\/2024\/08\/Captura3-2.jpg 228w, https:\/\/molalalana.es\/tienda\/wp-content\/uploads\/2024\/08\/Captura3-2-186x300.jpg 186w, https:\/\/molalalana.es\/tienda\/wp-content\/uploads\/2024\/08\/Captura3-2-150x241.jpg 150w\" sizes=\"(max-width: 228px) 100vw, 228px\" \/><\/figure>\n<\/figure>\n","protected":false},"excerpt":{"rendered":"<p>\u00a1S\u00famate a la tendencia de los granny squares con el hilo estampado Katia Paint Granny, especialmente dise\u00f1ado para tejer sin tener que cambiar de color, los cuadraditos de la abuela! Su ciclo de 5 colores se repite de forma id\u00e9ntica y constante a lo largo de todo el ovillo<\/p>\n","protected":false},"featured_media":16273,"comment_status":"open","ping_status":"open","template":"","meta":[],"product_brand":[],"product_cat":[20],"product_tag":[230,244,235],"class_list":{"0":"post-16430","1":"product","2":"type-product","3":"status-publish","4":"has-post-thumbnail","6":"product_cat-lanas","7":"product_tag-granny-squares","8":"product_tag-multicolor","9":"product_tag-suave","10":"pa_color-201-mora-beiges-maquilla","11":"pa_color-203-yema-tostados-agua","12":"pa_color-204-verde-mostaza-lilas","13":"pa_color-205-azul-verde-petroleos","14":"pa_color-206-burdeos-azules-beige","15":"pa_color-207-parchis-fucsias","16":"pa_composicion-80-acrilico-20-lana","17":"pa_marca-katia","18":"pa_temporada-otono-invierno","20":"first","21":"instock","22":"taxable","23":"shipping-taxable","24":"purchasable","25":"product-type-variable","26":"has-default-attributes"},"_links":{"self":[{"href":"https:\/\/molalalana.es\/tienda\/wp-json\/wp\/v2\/product\/16430","targetHints":{"allow":["GET"]}}],"collection":[{"href":"https:\/\/molalalana.es\/tienda\/wp-json\/wp\/v2\/product"}],"about":[{"href":"https:\/\/molalalana.es\/tienda\/wp-json\/wp\/v2\/types\/product"}],"replies":[{"embeddable":true,"href":"https:\/\/molalalana.es\/tienda\/wp-json\/wp\/v2\/comments?post=16430"}],"wp:featuredmedia":[{"embeddable":true,"href":"https:\/\/molalalana.es\/tienda\/wp-json\/wp\/v2\/media\/16273"}],"wp:attachment":[{"href":"https:\/\/molalalana.es\/tienda\/wp-json\/wp\/v2\/media?parent=16430"}],"wp:term":[{"taxonomy":"product_brand","embeddable":true,"href":"https:\/\/molalalana.es\/tienda\/wp-json\/wp\/v2\/product_brand?post=16430"},{"taxonomy":"product_cat","embeddable":true,"href":"https:\/\/molalalana.es\/tienda\/wp-json\/wp\/v2\/product_cat?post=16430"},{"taxonomy":"product_tag","embeddable":true,"href":"https:\/\/molalalana.es\/tienda\/wp-json\/wp\/v2\/product_tag?post=16430"}],"curies":[{"name":"wp","href":"https:\/\/api.w.org\/{rel}","templated":true}]}}