{"id":16964,"date":"2024-09-15T15:45:51","date_gmt":"2024-09-15T13:45:51","guid":{"rendered":"https:\/\/molalalana.es\/tienda\/?post_type=product&#038;p=16964"},"modified":"2024-09-15T15:45:54","modified_gmt":"2024-09-15T13:45:54","slug":"bloqueador-katia-de-granny-squares","status":"publish","type":"product","link":"https:\/\/molalalana.es\/tienda\/tienda\/bloqueador-katia-de-granny-squares\/","title":{"rendered":"BLOQUEADOR KATIA DE GRANNY SQUARES"},"content":{"rendered":"\n<p>El&nbsp;<strong>Bloqueador de Granny Squares de Katia<\/strong>&nbsp;es el accesorio esencial para lograr resultados perfectos en tus proyectos de ganchillo. Este tablero de madera, de dimensiones 23,5 x 23,5 cm y 1,5 cm de altura, ofrece una plataforma ideal para bloquear tus cuadrados de ganchillo.<\/p>\n\n\n\n<p>Equipado con 20 pins de bloqueo met\u00e1licos de 10 cm de longitud y un set de 5 agujas para coser de 7 cm, este bloqueador te brinda todas las herramientas necesarias para dar forma y dimensiones precisas a tus grannys. Con m\u00faltiples orificios en el tablero, puedes bloquear tus creaciones en la forma que desees.<\/p>\n\n\n\n<p>Al tejer, es com\u00fan que la prenda pueda quedar encogida o que algunos extremos queden retorcidos. Con este bloqueador, puedes corregir estos problemas y garantizar que tus grannys adquieran la forma y el tama\u00f1o correcto. El tablero incluye una pr\u00e1ctica bandeja para los pins met\u00e1licos y una regla grabada en cent\u00edmetros y pulgadas, facilitando a\u00fan m\u00e1s el proceso de bloqueo. \u00a1Obt\u00e9n grannys perfectos en cada proyecto con este Bloqueador de Granny Squares de Katia!<\/p>\n\n\n\n<h2 class=\"wp-block-heading\">Caracter\u00edsticas<\/h2>\n\n\n\n<ul class=\"wp-block-list\">\n<li>Tablero para bloquear cuadrados de ganchillo.<\/li>\n\n\n\n<li>Tama\u00f1o del tablero: 23,5 x 23,5 cent\u00edmetros. (Grosor 1,5 cm)<\/li>\n\n\n\n<li>Incluye:<br>&#8211;\u00a0 20 pins de bloqueo de 10 cm de longitud<br>&#8211; 5 agujas de coser de 7 cm de longitud<\/li>\n\n\n\n<li>Tablero con 180 agujeros para bloquear la labor en la forma deseada.<\/li>\n\n\n\n<li>El tablero incluye una bandeja para organizar los pins y las agujas, adem\u00e1s de una regla grabada en cent\u00edmetros y pulgadas.<\/li>\n<\/ul>\n\n\n\n<figure class=\"wp-block-gallery has-nested-images columns-default is-cropped wp-block-gallery-1 is-layout-flex wp-block-gallery-is-layout-flex\">\n<figure class=\"wp-block-image size-large\"><img fetchpriority=\"high\" decoding=\"async\" width=\"600\" height=\"600\" data-id=\"16981\" src=\"https:\/\/molalalana.es\/tienda\/wp-content\/uploads\/2024\/09\/articulo-bloqueador-de-granny-squares-7560-a-c-01-katia-n.jpg\" alt=\"\" class=\"wp-image-16981\" srcset=\"https:\/\/molalalana.es\/tienda\/wp-content\/uploads\/2024\/09\/articulo-bloqueador-de-granny-squares-7560-a-c-01-katia-n.jpg 600w, https:\/\/molalalana.es\/tienda\/wp-content\/uploads\/2024\/09\/articulo-bloqueador-de-granny-squares-7560-a-c-01-katia-n-300x300.jpg 300w, https:\/\/molalalana.es\/tienda\/wp-content\/uploads\/2024\/09\/articulo-bloqueador-de-granny-squares-7560-a-c-01-katia-n-150x150.jpg 150w, https:\/\/molalalana.es\/tienda\/wp-content\/uploads\/2024\/09\/articulo-bloqueador-de-granny-squares-7560-a-c-01-katia-n-441x441.jpg 441w\" sizes=\"(max-width: 600px) 100vw, 600px\" \/><\/figure>\n\n\n\n<figure class=\"wp-block-image size-large\"><img decoding=\"async\" width=\"600\" height=\"600\" data-id=\"16979\" src=\"https:\/\/molalalana.es\/tienda\/wp-content\/uploads\/2024\/09\/articulo-bloqueador-de-granny-squares-7560-a-c-02-katia-n.jpg\" alt=\"\" class=\"wp-image-16979\" srcset=\"https:\/\/molalalana.es\/tienda\/wp-content\/uploads\/2024\/09\/articulo-bloqueador-de-granny-squares-7560-a-c-02-katia-n.jpg 600w, https:\/\/molalalana.es\/tienda\/wp-content\/uploads\/2024\/09\/articulo-bloqueador-de-granny-squares-7560-a-c-02-katia-n-300x300.jpg 300w, https:\/\/molalalana.es\/tienda\/wp-content\/uploads\/2024\/09\/articulo-bloqueador-de-granny-squares-7560-a-c-02-katia-n-150x150.jpg 150w, https:\/\/molalalana.es\/tienda\/wp-content\/uploads\/2024\/09\/articulo-bloqueador-de-granny-squares-7560-a-c-02-katia-n-441x441.jpg 441w\" sizes=\"(max-width: 600px) 100vw, 600px\" \/><\/figure>\n\n\n\n<figure class=\"wp-block-image size-large\"><img decoding=\"async\" width=\"600\" height=\"600\" data-id=\"16980\" src=\"https:\/\/molalalana.es\/tienda\/wp-content\/uploads\/2024\/09\/articulo-bloqueador-de-granny-squares-7560-a-c-katia-n-1.jpg\" alt=\"\" class=\"wp-image-16980\" srcset=\"https:\/\/molalalana.es\/tienda\/wp-content\/uploads\/2024\/09\/articulo-bloqueador-de-granny-squares-7560-a-c-katia-n-1.jpg 600w, https:\/\/molalalana.es\/tienda\/wp-content\/uploads\/2024\/09\/articulo-bloqueador-de-granny-squares-7560-a-c-katia-n-1-300x300.jpg 300w, https:\/\/molalalana.es\/tienda\/wp-content\/uploads\/2024\/09\/articulo-bloqueador-de-granny-squares-7560-a-c-katia-n-1-150x150.jpg 150w, https:\/\/molalalana.es\/tienda\/wp-content\/uploads\/2024\/09\/articulo-bloqueador-de-granny-squares-7560-a-c-katia-n-1-441x441.jpg 441w\" sizes=\"(max-width: 600px) 100vw, 600px\" \/><\/figure>\n<\/figure>\n","protected":false},"excerpt":{"rendered":"<p>Obt\u00e9n un resultado perfecto al bloquear tus granny squares con este bloqueador de cuadrados de ganchillo. La tabla de madera incluye 20 piezas met\u00e1licas, cada una de 10\u202fcm, y un set con 5 agujas para coser de 7\u202fcm de longitud. Esta tabla Katia 100% YOU incluye una peque\u00f1a bandeja para colocar las piezas met\u00e1licas; adem\u00e1s, en un lado hay grabada una regla con medidas en cent\u00edmetros y pulgadas. \u00a1Consigue grannys del tama\u00f1o necesario en cada uno de tus pr\u00f3ximos proyectos!<br \/>\nMedidas: 23,5\u202fcm x 23,5 cm y 1,5\u202fcm de altura.<\/p>\n","protected":false},"featured_media":16968,"comment_status":"open","ping_status":"closed","template":"","meta":[],"product_brand":[],"product_cat":[23],"product_tag":[3270,242],"class_list":{"0":"post-16964","1":"product","2":"type-product","3":"status-publish","4":"has-post-thumbnail","6":"product_cat-accesorios","7":"product_tag-bloqueador","8":"product_tag-crochet","9":"pa_familia-accesorios-crochet","11":"first","12":"instock","13":"taxable","14":"shipping-taxable","15":"purchasable","16":"product-type-simple"},"_links":{"self":[{"href":"https:\/\/molalalana.es\/tienda\/wp-json\/wp\/v2\/product\/16964","targetHints":{"allow":["GET"]}}],"collection":[{"href":"https:\/\/molalalana.es\/tienda\/wp-json\/wp\/v2\/product"}],"about":[{"href":"https:\/\/molalalana.es\/tienda\/wp-json\/wp\/v2\/types\/product"}],"replies":[{"embeddable":true,"href":"https:\/\/molalalana.es\/tienda\/wp-json\/wp\/v2\/comments?post=16964"}],"wp:featuredmedia":[{"embeddable":true,"href":"https:\/\/molalalana.es\/tienda\/wp-json\/wp\/v2\/media\/16968"}],"wp:attachment":[{"href":"https:\/\/molalalana.es\/tienda\/wp-json\/wp\/v2\/media?parent=16964"}],"wp:term":[{"taxonomy":"product_brand","embeddable":true,"href":"https:\/\/molalalana.es\/tienda\/wp-json\/wp\/v2\/product_brand?post=16964"},{"taxonomy":"product_cat","embeddable":true,"href":"https:\/\/molalalana.es\/tienda\/wp-json\/wp\/v2\/product_cat?post=16964"},{"taxonomy":"product_tag","embeddable":true,"href":"https:\/\/molalalana.es\/tienda\/wp-json\/wp\/v2\/product_tag?post=16964"}],"curies":[{"name":"wp","href":"https:\/\/api.w.org\/{rel}","templated":true}]}}