{"id":17246,"date":"2024-11-12T18:04:11","date_gmt":"2024-11-12T16:04:11","guid":{"rendered":"https:\/\/molalalana.es\/tienda\/?post_type=product&#038;p=17246"},"modified":"2025-10-11T11:25:00","modified_gmt":"2025-10-11T09:25:00","slug":"agujas-circulares-intercambiables","status":"publish","type":"product","link":"https:\/\/molalalana.es\/tienda\/tienda\/agujas-circulares-intercambiables\/","title":{"rendered":"AGUJAS CIRCULARES INTERCAMBIABLES"},"content":{"rendered":"\n<p><strong>Agujas circulares intercambiables <\/strong>de Katia son unas excelentes agujas intercambiables para tejer en circular,\u00a0<strong>fabricadas en aluminio<\/strong>,  acabado metalizado <\/p>\n\n\n\n<p>Adem\u00e1s, gracias a su perfecto acabado, tus materiales deslizar\u00e1n suavemente sobre las agujas, permiti\u00e9ndote un trabajo c\u00f3modo y sencillo a la hora de tejer.<\/p>\n\n\n\n<p>El conector que ofrece es enroscable, donde debes conectar el cable intercambiable. <\/p>\n\n\n\n<p>Los cables quedar\u00e1n perfectamente unidos a estas puntas de aguja, evitando enganches en el tejido. Cada punto de tus lanas e hilos deslizar\u00e1 perfectamente por el largo de la aguja y el cable.<\/p>\n\n\n\n<h2 class=\"wp-block-heading\">CARACTERISTICAS TECNICAS<\/h2>\n\n\n\n<p>Las agujas intercambiables  miden\u00a012 cent\u00edmetros aproximadamente, y sumadas al conector del cable, hacen un total de unos 14 cent\u00edmetros de largo. Adem\u00e1s, est\u00e1n disponibles en un total de 10 grosores distinto<\/p>\n\n\n\n<p>El aluminio es un material fuerte, resistente y muy ligero, por lo que ser\u00e1 muy c\u00f3modo trabajar con estas agujas.<\/p>\n\n\n\n<p>Las agujas circulares est\u00e1n especialmente dise\u00f1adas para tejer labores de grandes tama\u00f1os, tales como, evitando cargar el peso en los brazos, ya que la labor quedar\u00e1 sobre tu regazo dentro del cable.<\/p>\n\n\n\n<p>Adem\u00e1s, est\u00e1n recomendadas para tejer labores sin costuras y proyectos en redondo, como gorros, cuellos, mangas y mucho m\u00e1s.<\/p>\n\n\n\n<p>Elige las agujas y el cable que m\u00e1s se adapten a tu labor<\/p>\n","protected":false},"excerpt":{"rendered":"<p>Las agujas circulares de aluminio intercambiables son ideales para tejer r\u00e1pidamente con un peso ligero. Est\u00e1n dise\u00f1adas para usarse con cables de distintos largos gracias a su sistema de rosca. Te permite tejer cualquier proyecto tanto en circular como en plano, es decir, en filas ida y vuelta. Disponible en varios grosores, \u00a1elige el par de agujas que mejor se adapte al patr\u00f3n y lanas de tu nuevo proyecto!<\/p>\n","protected":false},"featured_media":17210,"comment_status":"open","ping_status":"closed","template":"","meta":[],"product_brand":[],"product_cat":[1699,2143],"product_tag":[3310,3309],"class_list":{"0":"post-17246","1":"product","2":"type-product","3":"status-publish","4":"has-post-thumbnail","6":"product_cat-agujas","7":"product_cat-agujas-circulares","8":"product_tag-agujas-circulares","9":"product_tag-ligeras","10":"pa_marca-katia","11":"pa_medida-3-5-mm","12":"pa_medida-4-mm","13":"pa_medida-4-5-mm","14":"pa_medida-5-mm","15":"pa_medida-55-mm","16":"pa_medida-6-mm","17":"pa_medida-6-5-mm","18":"pa_medida-7-mm","19":"pa_medida-8-mm","21":"first","22":"instock","23":"taxable","24":"shipping-taxable","25":"purchasable","26":"product-type-variable"},"_links":{"self":[{"href":"https:\/\/molalalana.es\/tienda\/wp-json\/wp\/v2\/product\/17246","targetHints":{"allow":["GET"]}}],"collection":[{"href":"https:\/\/molalalana.es\/tienda\/wp-json\/wp\/v2\/product"}],"about":[{"href":"https:\/\/molalalana.es\/tienda\/wp-json\/wp\/v2\/types\/product"}],"replies":[{"embeddable":true,"href":"https:\/\/molalalana.es\/tienda\/wp-json\/wp\/v2\/comments?post=17246"}],"wp:featuredmedia":[{"embeddable":true,"href":"https:\/\/molalalana.es\/tienda\/wp-json\/wp\/v2\/media\/17210"}],"wp:attachment":[{"href":"https:\/\/molalalana.es\/tienda\/wp-json\/wp\/v2\/media?parent=17246"}],"wp:term":[{"taxonomy":"product_brand","embeddable":true,"href":"https:\/\/molalalana.es\/tienda\/wp-json\/wp\/v2\/product_brand?post=17246"},{"taxonomy":"product_cat","embeddable":true,"href":"https:\/\/molalalana.es\/tienda\/wp-json\/wp\/v2\/product_cat?post=17246"},{"taxonomy":"product_tag","embeddable":true,"href":"https:\/\/molalalana.es\/tienda\/wp-json\/wp\/v2\/product_tag?post=17246"}],"curies":[{"name":"wp","href":"https:\/\/api.w.org\/{rel}","templated":true}]}}