{"id":17257,"date":"2024-11-12T20:14:20","date_gmt":"2024-11-12T18:14:20","guid":{"rendered":"https:\/\/molalalana.es\/tienda\/?post_type=product&#038;p=17257"},"modified":"2025-10-11T11:24:56","modified_gmt":"2025-10-11T09:24:56","slug":"cable-giratorio-360o-para-agujas-circulares","status":"publish","type":"product","link":"https:\/\/molalalana.es\/tienda\/tienda\/cable-giratorio-360o-para-agujas-circulares\/","title":{"rendered":"CABLE GIRATORIO 360\u00ba PARA AGUJAS CIRCULARES"},"content":{"rendered":"\n<p>Este cable giratorio 360\u00b0 es una soluci\u00f3n ideal para tejer con agujas circulares. Est\u00e1 disponible en diferentes longitudes y viene equipado con una llave de fijaci\u00f3n, adem\u00e1s de dos topes para puntos o tapones de rosca para mantener tus labores a mano. Su sistema sin memoria permite que las puntas de las agujas giren libremente para evitar el torcido del cable durante el tejido. Es compatible con todos los grosores de agujas circulares intercambiables, tanto de las marca Katia como Knitpro, permitiendo tejer en plano y circular. \u00a1Utiliza ahora el Cable Giratorio 360\u00b0 para agujas circulares y disfruta de la versatilidad que ofrece para tejer todo tipo de proyectos!<\/p>\n\n\n\n<p><br><strong>Nota<\/strong>: Las medidas de los cables sin agujas corresponden a 20-35-56-76-94-126cm respectivamente.<br>Las medidas de los cables 40-60-80-100-120-150cm corresponden a la longitud aproximada obtenida al unir agujas normales al cable.<br>La medida del cable 40 cm corresponde a 20 cm (sin agujas cortas).<\/p>\n\n\n\n<h2 class=\"wp-block-heading\">CARACTER\u00cdSTICAS T\u00c9CNICAS<\/h2>\n\n\n\n<ul class=\"wp-block-list\">\n<li>de 20 a 40 cm: El cable mide 20 cm. Con las puntas de aguja consigues 40 cm.<\/li>\n\n\n\n<li>de 35 a 60 cm: El cable mide 35 cm. Con las puntas de aguja consigues 60 cm.<\/li>\n\n\n\n<li>de 56 a 80 cm: El cable mide 56 cm. Con las puntas de aguja consigues 80 cm.<\/li>\n\n\n\n<li>de 76 a 100 cm: El cable mide 76 cm. Con las puntas de aguja consigues 100 cm.<\/li>\n\n\n\n<li>de 94 a 120 cm: El cable mide 94 cm. Con las puntas de aguja consigues 120 cm.<\/li>\n\n\n\n<li>de 126 a 150 cm: El cable mide 126 cm. Con las puntas de aguja consigues 150 cm.<\/li>\n\n\n\n<li>Util\u00edzalos con las<a href=\"https:\/\/molalalana.es\/tienda\/tienda\/agujas-circulares-intercambiables\/\" data-type=\"product\" data-id=\"17246\"> agujas intercambiables de Katia<\/a> o <a href=\"https:\/\/molalalana.es\/tienda\/tienda\/agujas-circulares-knit-pro-zing\/\" data-type=\"product\" data-id=\"10353\">AGUJAS CIRCULARES KNIT PRO ZING<\/a><\/li>\n<\/ul>\n\n\n\n<p><\/p>\n","protected":false},"excerpt":{"rendered":"<p>Este cable giratorio 360\u00b0 es una soluci\u00f3n ideal para tejer con agujas circulares. Su sistema sin memoria permite que las puntas de las agujas giren libremente para evitar el torcido del cable durante el tejido.<\/p>\n","protected":false},"featured_media":17211,"comment_status":"open","ping_status":"closed","template":"","meta":[],"product_brand":[],"product_cat":[2143,23],"product_tag":[3310,3311],"class_list":{"0":"post-17257","1":"product","2":"type-product","3":"status-publish","4":"has-post-thumbnail","6":"product_cat-agujas-circulares","7":"product_cat-accesorios","8":"product_tag-agujas-circulares","9":"product_tag-calbe360o","10":"pa_medida-100cm","11":"pa_medida-120cm","12":"pa_medida-150cm","13":"pa_medida-40cm","14":"pa_medida-60cm","15":"pa_medida-80cm","17":"first","18":"instock","19":"taxable","20":"shipping-taxable","21":"purchasable","22":"product-type-variable"},"_links":{"self":[{"href":"https:\/\/molalalana.es\/tienda\/wp-json\/wp\/v2\/product\/17257","targetHints":{"allow":["GET"]}}],"collection":[{"href":"https:\/\/molalalana.es\/tienda\/wp-json\/wp\/v2\/product"}],"about":[{"href":"https:\/\/molalalana.es\/tienda\/wp-json\/wp\/v2\/types\/product"}],"replies":[{"embeddable":true,"href":"https:\/\/molalalana.es\/tienda\/wp-json\/wp\/v2\/comments?post=17257"}],"wp:featuredmedia":[{"embeddable":true,"href":"https:\/\/molalalana.es\/tienda\/wp-json\/wp\/v2\/media\/17211"}],"wp:attachment":[{"href":"https:\/\/molalalana.es\/tienda\/wp-json\/wp\/v2\/media?parent=17257"}],"wp:term":[{"taxonomy":"product_brand","embeddable":true,"href":"https:\/\/molalalana.es\/tienda\/wp-json\/wp\/v2\/product_brand?post=17257"},{"taxonomy":"product_cat","embeddable":true,"href":"https:\/\/molalalana.es\/tienda\/wp-json\/wp\/v2\/product_cat?post=17257"},{"taxonomy":"product_tag","embeddable":true,"href":"https:\/\/molalalana.es\/tienda\/wp-json\/wp\/v2\/product_tag?post=17257"}],"curies":[{"name":"wp","href":"https:\/\/api.w.org\/{rel}","templated":true}]}}