{"id":17636,"date":"2025-07-30T21:05:09","date_gmt":"2025-07-30T19:05:09","guid":{"rendered":"https:\/\/molalalana.es\/tienda\/?post_type=product&#038;p=17636"},"modified":"2026-03-30T20:29:25","modified_gmt":"2026-03-30T18:29:25","slug":"katia-mammy","status":"publish","type":"product","link":"https:\/\/molalalana.es\/tienda\/tienda\/katia-mammy\/","title":{"rendered":"KATIA MAMMY"},"content":{"rendered":"\n<p><strong>Katia Mammy<\/strong>&nbsp;es&nbsp;la lana perfecta para tejer prendas suaves y delicadas para los m\u00e1s peques de la casa . Disponible en una gama de tonos pastel y suaves, esta lana es ideal para tejer prendas suaves y delicadas de primera puesta para tu beb\u00e9. Desde peleles y bodies hasta gorritos y patucos, las posibilidades son infinitas.<\/p>\n\n\n\n<p>Este hilo fino est\u00e1 compuesto por una mezcla de acr\u00edlico y poliamida, lo que garantiza suavidad y comodidad para la delicada piel del beb\u00e9. Adem\u00e1s, su f\u00e1cil limpieza permite el uso diario y asegura que las prendas puedan disfrutarse durante mucho tiempo.<\/p>\n\n\n\n<p>Teje con cari\u00f1o y crea su primera prenda con Katia Mammy, la elecci\u00f3n perfecta para tus proyectos m\u00e1s tiernos y especiales.<\/p>\n\n\n\n<h2 class=\"wp-block-heading\">Composici\u00f3n de Katia Mummy:<\/h2>\n\n\n\n<ul class=\"wp-block-list\">\n<li>75% Acr\u00edlico<\/li>\n\n\n\n<li>25% Poliamida<\/li>\n<\/ul>\n\n\n\n<h2 class=\"wp-block-heading\">Caracter\u00edsticas de&nbsp;Katia Mummy:<\/h2>\n\n\n\n<ul class=\"wp-block-list\">\n<li>Cada ovillo contiene\u00a050\u00a0gramos y\u00a0321\u00a0metros.<\/li>\n\n\n\n<li>Su grosor est\u00e1 indicado para tejer con agujas de punto de 2 &#8211; 2,5\u00a0mm o con ganchillo de\u00a02 mm.<\/li>\n\n\n\n<li>Para realizar una muestra de 10 x 10 cm monta\u00a036\u00a0puntos y trabaja\u00a045\u00a0vueltas.<\/li>\n\n\n\n<li>Lavar en la lavadora a m\u00e1ximo 30\u00baC.<\/li>\n\n\n\n<li>No usar secadora.<\/li>\n\n\n\n<li>No planchar.<\/li>\n<\/ul>\n\n\n\n<figure class=\"wp-block-image size-full\"><img fetchpriority=\"high\" decoding=\"async\" width=\"581\" height=\"100\" src=\"https:\/\/molalalana.es\/tienda\/wp-content\/uploads\/2025\/07\/Captura.webp\" alt=\"\" class=\"wp-image-17645\" srcset=\"https:\/\/molalalana.es\/tienda\/wp-content\/uploads\/2025\/07\/Captura.webp 581w, https:\/\/molalalana.es\/tienda\/wp-content\/uploads\/2025\/07\/Captura-300x52.webp 300w, https:\/\/molalalana.es\/tienda\/wp-content\/uploads\/2025\/07\/Captura-441x76.webp 441w, https:\/\/molalalana.es\/tienda\/wp-content\/uploads\/2025\/07\/Captura-150x26.webp 150w\" sizes=\"(max-width: 581px) 100vw, 581px\" \/><\/figure>\n\n\n\n<h2 class=\"wp-block-heading\">\u00bfCu\u00e1ntos ovillos necesito para tejer mis labores?<\/h2>\n\n\n\n<ul class=\"wp-block-list\">\n<li>Con un ovillo puedes tejer un jersey de beb\u00e9.<\/li>\n<\/ul>\n\n\n\n<h2 class=\"wp-block-heading\">PROYECTOS REALIZADOS <\/h2>\n\n\n\n<figure class=\"wp-block-gallery has-nested-images columns-default is-cropped wp-block-gallery-1 is-layout-flex wp-block-gallery-is-layout-flex\">\n<figure class=\"wp-block-image size-large\"><img decoding=\"async\" width=\"376\" height=\"376\" data-id=\"17644\" src=\"https:\/\/molalalana.es\/tienda\/wp-content\/uploads\/2025\/07\/patron-tejer-punto-ganchillo-bebe-conjunto-primavera-verano-katia-7955-5-p-2-1.webp\" alt=\"\" class=\"wp-image-17644\" srcset=\"https:\/\/molalalana.es\/tienda\/wp-content\/uploads\/2025\/07\/patron-tejer-punto-ganchillo-bebe-conjunto-primavera-verano-katia-7955-5-p-2-1.webp 376w, https:\/\/molalalana.es\/tienda\/wp-content\/uploads\/2025\/07\/patron-tejer-punto-ganchillo-bebe-conjunto-primavera-verano-katia-7955-5-p-2-1-300x300.webp 300w, https:\/\/molalalana.es\/tienda\/wp-content\/uploads\/2025\/07\/patron-tejer-punto-ganchillo-bebe-conjunto-primavera-verano-katia-7955-5-p-2-1-150x150.webp 150w\" sizes=\"(max-width: 376px) 100vw, 376px\" \/><\/figure>\n\n\n\n<figure class=\"wp-block-image size-large\"><img decoding=\"async\" width=\"376\" height=\"376\" data-id=\"17640\" src=\"https:\/\/molalalana.es\/tienda\/wp-content\/uploads\/2025\/07\/patron-tejer-punto-ganchillo-bebe-conjunto-primavera-verano-katia-7955-9-p.webp\" alt=\"\" class=\"wp-image-17640\" srcset=\"https:\/\/molalalana.es\/tienda\/wp-content\/uploads\/2025\/07\/patron-tejer-punto-ganchillo-bebe-conjunto-primavera-verano-katia-7955-9-p.webp 376w, https:\/\/molalalana.es\/tienda\/wp-content\/uploads\/2025\/07\/patron-tejer-punto-ganchillo-bebe-conjunto-primavera-verano-katia-7955-9-p-300x300.webp 300w, https:\/\/molalalana.es\/tienda\/wp-content\/uploads\/2025\/07\/patron-tejer-punto-ganchillo-bebe-conjunto-primavera-verano-katia-7955-9-p-150x150.webp 150w\" sizes=\"(max-width: 376px) 100vw, 376px\" \/><\/figure>\n\n\n\n<figure class=\"wp-block-image size-large\"><img loading=\"lazy\" decoding=\"async\" width=\"376\" height=\"376\" data-id=\"17642\" src=\"https:\/\/molalalana.es\/tienda\/wp-content\/uploads\/2025\/07\/patron-tejer-punto-ganchillo-bebe-conjunto-primavera-verano-katia-7955-18-p-1.webp\" alt=\"\" class=\"wp-image-17642\" srcset=\"https:\/\/molalalana.es\/tienda\/wp-content\/uploads\/2025\/07\/patron-tejer-punto-ganchillo-bebe-conjunto-primavera-verano-katia-7955-18-p-1.webp 376w, https:\/\/molalalana.es\/tienda\/wp-content\/uploads\/2025\/07\/patron-tejer-punto-ganchillo-bebe-conjunto-primavera-verano-katia-7955-18-p-1-300x300.webp 300w, https:\/\/molalalana.es\/tienda\/wp-content\/uploads\/2025\/07\/patron-tejer-punto-ganchillo-bebe-conjunto-primavera-verano-katia-7955-18-p-1-150x150.webp 150w\" sizes=\"(max-width: 376px) 100vw, 376px\" \/><\/figure>\n\n\n\n<figure class=\"wp-block-image size-large\"><img loading=\"lazy\" decoding=\"async\" width=\"376\" height=\"376\" data-id=\"17639\" src=\"https:\/\/molalalana.es\/tienda\/wp-content\/uploads\/2025\/07\/patron-tejer-punto-ganchillo-bebe-conjunto-primavera-verano-katia-7955-41-p.webp\" alt=\"\" class=\"wp-image-17639\" srcset=\"https:\/\/molalalana.es\/tienda\/wp-content\/uploads\/2025\/07\/patron-tejer-punto-ganchillo-bebe-conjunto-primavera-verano-katia-7955-41-p.webp 376w, https:\/\/molalalana.es\/tienda\/wp-content\/uploads\/2025\/07\/patron-tejer-punto-ganchillo-bebe-conjunto-primavera-verano-katia-7955-41-p-300x300.webp 300w, https:\/\/molalalana.es\/tienda\/wp-content\/uploads\/2025\/07\/patron-tejer-punto-ganchillo-bebe-conjunto-primavera-verano-katia-7955-41-p-150x150.webp 150w\" sizes=\"(max-width: 376px) 100vw, 376px\" \/><\/figure>\n\n\n\n<figure class=\"wp-block-image size-large\"><img loading=\"lazy\" decoding=\"async\" width=\"376\" height=\"376\" data-id=\"17638\" src=\"https:\/\/molalalana.es\/tienda\/wp-content\/uploads\/2025\/07\/patron-tejer-punto-ganchillo-bebe-conjunto-primavera-verano-katia-7955-55-p-1.webp\" alt=\"\" class=\"wp-image-17638\" srcset=\"https:\/\/molalalana.es\/tienda\/wp-content\/uploads\/2025\/07\/patron-tejer-punto-ganchillo-bebe-conjunto-primavera-verano-katia-7955-55-p-1.webp 376w, https:\/\/molalalana.es\/tienda\/wp-content\/uploads\/2025\/07\/patron-tejer-punto-ganchillo-bebe-conjunto-primavera-verano-katia-7955-55-p-1-300x300.webp 300w, https:\/\/molalalana.es\/tienda\/wp-content\/uploads\/2025\/07\/patron-tejer-punto-ganchillo-bebe-conjunto-primavera-verano-katia-7955-55-p-1-150x150.webp 150w\" sizes=\"(max-width: 376px) 100vw, 376px\" \/><\/figure>\n\n\n\n<figure class=\"wp-block-image size-large\"><img loading=\"lazy\" decoding=\"async\" width=\"376\" height=\"376\" data-id=\"17643\" src=\"https:\/\/molalalana.es\/tienda\/wp-content\/uploads\/2025\/07\/patron-tejer-punto-ganchillo-bebe-manta-primavera-verano-katia-7955-1-p-1.webp\" alt=\"\" class=\"wp-image-17643\" srcset=\"https:\/\/molalalana.es\/tienda\/wp-content\/uploads\/2025\/07\/patron-tejer-punto-ganchillo-bebe-manta-primavera-verano-katia-7955-1-p-1.webp 376w, https:\/\/molalalana.es\/tienda\/wp-content\/uploads\/2025\/07\/patron-tejer-punto-ganchillo-bebe-manta-primavera-verano-katia-7955-1-p-1-300x300.webp 300w, https:\/\/molalalana.es\/tienda\/wp-content\/uploads\/2025\/07\/patron-tejer-punto-ganchillo-bebe-manta-primavera-verano-katia-7955-1-p-1-150x150.webp 150w\" sizes=\"(max-width: 376px) 100vw, 376px\" \/><\/figure>\n<\/figure>\n\n\n\n<p><\/p>\n","protected":false},"excerpt":{"rendered":"<p>Descubre la suavidad y la calidez del tejido con el hilo Katia Mammy. Gracias a sus colores pasteles y suaves, teje unas delicadas primeras puestas de tu beb\u00e9 en este hilo fino y de gran metraje. Su composici\u00f3n, mezcla de acr\u00edlico y poliamida no solo garantiza la suavidad y la comodidad para la delicada piel del beb\u00e9, sino que tambi\u00e9n ofrece una f\u00e1cil limpieza para un uso duradero de prendas y accesorios tejidos a mano. Y con un solo ovillo puedes tejer un jersey para beb\u00e9. \u00a1Teje tu pr\u00f3ximo proyecto lleno de cari\u00f1o con Katia Mammy!<\/p>\n","protected":false},"featured_media":17669,"comment_status":"open","ping_status":"closed","template":"","meta":[],"product_brand":[],"product_cat":[20,3340],"product_tag":[234,730,235],"class_list":{"0":"post-17636","1":"product","2":"type-product","3":"status-publish","4":"has-post-thumbnail","6":"product_cat-lanas","7":"product_cat-invierno","8":"product_tag-bebes","9":"product_tag-pastel","10":"product_tag-suave","11":"pa_color-1-blanco","12":"pa_color-3-crudo","13":"pa_color-10-lila","14":"pa_color-100-beige","15":"pa_color-101-arena","16":"pa_color-200-gris-claro","17":"pa_color-201-gris-medio-2","18":"pa_color-202-gris-claro-perlado","19":"pa_color-50-celeste-claro","20":"pa_color-51-azul-grisaceo","21":"pa_color-52-azul-oscuro","22":"pa_color-53-azul-muy-claro","23":"pa_color-70-amarillo-pastel","24":"pa_color-71-mostaza-2","25":"pa_color-80-verde-lima","26":"pa_color-81-pistacho-2","27":"pa_color-82-salvia","28":"pa_color-83-verde-botella","29":"pa_color-84-verde-menta","30":"pa_color-9-rosa-medio","31":"pa_color-90-rosa-claro","32":"pa_color-91-chicle","33":"pa_color-92-rosa-muy-claro","34":"pa_composicion-75-lana-25-poliamida","35":"pa_familia-lanas","36":"pa_marca-katia","37":"pa_temporada-otono-invierno","39":"first","40":"instock","41":"taxable","42":"shipping-taxable","43":"purchasable","44":"product-type-variable"},"_links":{"self":[{"href":"https:\/\/molalalana.es\/tienda\/wp-json\/wp\/v2\/product\/17636","targetHints":{"allow":["GET"]}}],"collection":[{"href":"https:\/\/molalalana.es\/tienda\/wp-json\/wp\/v2\/product"}],"about":[{"href":"https:\/\/molalalana.es\/tienda\/wp-json\/wp\/v2\/types\/product"}],"replies":[{"embeddable":true,"href":"https:\/\/molalalana.es\/tienda\/wp-json\/wp\/v2\/comments?post=17636"}],"wp:featuredmedia":[{"embeddable":true,"href":"https:\/\/molalalana.es\/tienda\/wp-json\/wp\/v2\/media\/17669"}],"wp:attachment":[{"href":"https:\/\/molalalana.es\/tienda\/wp-json\/wp\/v2\/media?parent=17636"}],"wp:term":[{"taxonomy":"product_brand","embeddable":true,"href":"https:\/\/molalalana.es\/tienda\/wp-json\/wp\/v2\/product_brand?post=17636"},{"taxonomy":"product_cat","embeddable":true,"href":"https:\/\/molalalana.es\/tienda\/wp-json\/wp\/v2\/product_cat?post=17636"},{"taxonomy":"product_tag","embeddable":true,"href":"https:\/\/molalalana.es\/tienda\/wp-json\/wp\/v2\/product_tag?post=17636"}],"curies":[{"name":"wp","href":"https:\/\/api.w.org\/{rel}","templated":true}]}}