{"id":17738,"date":"2025-07-30T21:04:10","date_gmt":"2025-07-30T19:04:10","guid":{"rendered":"https:\/\/molalalana.es\/tienda\/?post_type=product&#038;p=17738"},"modified":"2026-03-16T17:44:41","modified_gmt":"2026-03-16T15:44:41","slug":"katia-cricket","status":"publish","type":"product","link":"https:\/\/molalalana.es\/tienda\/tienda\/katia-cricket\/","title":{"rendered":"KATIA CRICKET"},"content":{"rendered":"\n<p><strong>Katia Cricket<\/strong>\u00a0es un hilo 100% acr\u00edlico que destaca por su efecto crom\u00e1tico jaspeado, su resistencia y su incre\u00edble versatilidad y suavidad. Gracias a su estructura de doble torsi\u00f3n, este hilo minimiza la formaci\u00f3n de bolitas (peeling), lo que garantiza prendas duraderas, suaves y con un acabado impecable.<\/p>\n\n\n\n<p>Ideal para todo tipo de proyectos, desde ropa y accesorios hasta decoraci\u00f3n, Katia Cricket viene en ovillos de 100 gramos y presenta una carta de colores jaspeados\u00a0que te invita a experimentar con matices \u00fanicos y resultados visuales sorprendentes. Ideal para combinarlo con <a href=\"https:\/\/molalalana.es\/tienda\/tienda\/merino-classic\/\" data-type=\"product\" data-id=\"2704\">MERINO CLASSIC<\/a><\/p>\n\n\n\n<p>Un b\u00e1sico imprescindible en tu colecci\u00f3n de lanas, pensado para que puedas crear sin l\u00edmites.<\/p>\n\n\n\n<h2 class=\"wp-block-heading\">Caracter\u00edsticas de Katia Cricket:<\/h2>\n\n\n\n<ul class=\"wp-block-list\">\n<li><strong>Composici\u00f3n:<\/strong>\u00a0100% Acr\u00edlico Antipilling<\/li>\n\n\n\n<li><strong>Presentaci\u00f3n:<\/strong>\u00a0ovillos de 100 gramos y 220 metros<\/li>\n\n\n\n<li><strong>Grosor:<\/strong>\u00a0ideal para tejer con agujas de\u00a05 a 5,5 mm o con ganchillo de 5,5 a 6 mm<\/li>\n\n\n\n<li><strong>Tensi\u00f3n:<\/strong>\u00a016 puntos y 23 vueltas = 10 x 10 cm<\/li>\n\n\n\n<li>Lavar\u00a0a m\u00e1ximo 30\u00baC<\/li>\n\n\n\n<li>No usar secadora<\/li>\n<\/ul>\n\n\n\n<h2 class=\"wp-block-heading\">\u00bfCu\u00e1ntos ovillos necesito para tejer mis labores?<\/h2>\n\n\n\n<ul class=\"wp-block-list\">\n<li>Para tejer un jersey de la talla 42 se necesitan unos 4 ovillos.<\/li>\n<\/ul>\n\n\n\n<figure class=\"wp-block-image size-full\"><img fetchpriority=\"high\" decoding=\"async\" width=\"629\" height=\"106\" src=\"https:\/\/molalalana.es\/tienda\/wp-content\/uploads\/2025\/07\/Captura-1.webp\" alt=\"\" class=\"wp-image-17739\" srcset=\"https:\/\/molalalana.es\/tienda\/wp-content\/uploads\/2025\/07\/Captura-1.webp 629w, https:\/\/molalalana.es\/tienda\/wp-content\/uploads\/2025\/07\/Captura-1-300x51.webp 300w, https:\/\/molalalana.es\/tienda\/wp-content\/uploads\/2025\/07\/Captura-1-441x74.webp 441w, https:\/\/molalalana.es\/tienda\/wp-content\/uploads\/2025\/07\/Captura-1-150x25.webp 150w\" sizes=\"(max-width: 629px) 100vw, 629px\" \/><\/figure>\n\n\n\n<h2 class=\"wp-block-heading\">PROYECTOS REALIZADOS<\/h2>\n\n\n\n<figure class=\"wp-block-image size-full\"><img decoding=\"async\" width=\"376\" height=\"376\" src=\"https:\/\/molalalana.es\/tienda\/wp-content\/uploads\/2025\/07\/patron-tejer-punto-ganchillo-bebe-manta-otono-invierno-katia-7920-34-p.webp\" alt=\"\" class=\"wp-image-17740\" srcset=\"https:\/\/molalalana.es\/tienda\/wp-content\/uploads\/2025\/07\/patron-tejer-punto-ganchillo-bebe-manta-otono-invierno-katia-7920-34-p.webp 376w, https:\/\/molalalana.es\/tienda\/wp-content\/uploads\/2025\/07\/patron-tejer-punto-ganchillo-bebe-manta-otono-invierno-katia-7920-34-p-300x300.webp 300w, https:\/\/molalalana.es\/tienda\/wp-content\/uploads\/2025\/07\/patron-tejer-punto-ganchillo-bebe-manta-otono-invierno-katia-7920-34-p-150x150.webp 150w\" sizes=\"(max-width: 376px) 100vw, 376px\" \/><\/figure>\n","protected":false},"excerpt":{"rendered":"<p>Katia Cricket es un hilo 100% acr\u00edlico, resistente y vers\u00e1til, con un atractivo efecto jaspeado. Su doble torsi\u00f3n reduce el peeling y garantiza un acabado impecable en todo tipo de proyectos. \u00a1Crea prendas duraderas, coloridas y llenas de estilo para toda la familia!<\/p>\n","protected":false},"featured_media":17747,"comment_status":"open","ping_status":"closed","template":"","meta":[],"product_brand":[],"product_cat":[20,3340],"product_tag":[3194,244,235],"class_list":{"0":"post-17738","1":"product","2":"type-product","3":"status-publish","4":"has-post-thumbnail","6":"product_cat-lanas","7":"product_cat-invierno","8":"product_tag-anti-peeling","9":"product_tag-multicolor","10":"product_tag-suave","11":"pa_color-100-fucsia-rojo","12":"pa_color-101-rosa-gris","13":"pa_color-102-marron-teja","14":"pa_color-103-gris","15":"pa_color-104-gris-verde","16":"pa_color-105-azul-turquesa","17":"pa_color-106-azul-tejano","18":"pa_composicion-100-acrilico","19":"pa_familia-lanas","20":"pa_marca-katia","21":"pa_temporada-otono-invierno","23":"first","24":"instock","25":"taxable","26":"shipping-taxable","27":"purchasable","28":"product-type-variable"},"_links":{"self":[{"href":"https:\/\/molalalana.es\/tienda\/wp-json\/wp\/v2\/product\/17738","targetHints":{"allow":["GET"]}}],"collection":[{"href":"https:\/\/molalalana.es\/tienda\/wp-json\/wp\/v2\/product"}],"about":[{"href":"https:\/\/molalalana.es\/tienda\/wp-json\/wp\/v2\/types\/product"}],"replies":[{"embeddable":true,"href":"https:\/\/molalalana.es\/tienda\/wp-json\/wp\/v2\/comments?post=17738"}],"wp:featuredmedia":[{"embeddable":true,"href":"https:\/\/molalalana.es\/tienda\/wp-json\/wp\/v2\/media\/17747"}],"wp:attachment":[{"href":"https:\/\/molalalana.es\/tienda\/wp-json\/wp\/v2\/media?parent=17738"}],"wp:term":[{"taxonomy":"product_brand","embeddable":true,"href":"https:\/\/molalalana.es\/tienda\/wp-json\/wp\/v2\/product_brand?post=17738"},{"taxonomy":"product_cat","embeddable":true,"href":"https:\/\/molalalana.es\/tienda\/wp-json\/wp\/v2\/product_cat?post=17738"},{"taxonomy":"product_tag","embeddable":true,"href":"https:\/\/molalalana.es\/tienda\/wp-json\/wp\/v2\/product_tag?post=17738"}],"curies":[{"name":"wp","href":"https:\/\/api.w.org\/{rel}","templated":true}]}}