{"id":17770,"date":"2025-08-18T19:27:31","date_gmt":"2025-08-18T17:27:31","guid":{"rendered":"https:\/\/molalalana.es\/tienda\/?post_type=product&#038;p=17770"},"modified":"2026-02-03T21:03:11","modified_gmt":"2026-02-03T19:03:11","slug":"katia-glaciar","status":"publish","type":"product","link":"https:\/\/molalalana.es\/tienda\/tienda\/katia-glaciar\/","title":{"rendered":"KATIA GLACIAR"},"content":{"rendered":"\n<p><strong>Katia Glaciar<\/strong>&nbsp;es un hilo de edici\u00f3n limitada 100 % poli\u00e9ster, dise\u00f1ado para quienes buscan crear piezas originales, c\u00e1lidas y con un toque de fantas\u00eda. La tendencia del efecto peluche en la moda llega a tus agujas y a tu ganchillo con esta fant\u00e1stica lana. Su textura llamativa combina un pelo largo ultra suave con peque\u00f1os pompones integrados, lo que da como resultado un acabado esponjoso, voluminoso y visualmente encantador.<\/p>\n\n\n\n<p>Ideal para tejer accesorios y prendas de oto\u00f1o e invierno, este hilo grueso permite trabajar con rapidez y lograr resultados sorprendentes incluso con proyectos sencillos. Con un solo ovillo de 100 g y 50 m, puedes confeccionar un gorro fabuloso o un cuello con mucho estilo.<\/p>\n\n\n\n<p>Su grosor, es ideal para utilizar agujas de punto de 7 a 8 mm, lo que lo convierte en una excelente opci\u00f3n para proyectos r\u00e1pidos. La variedad de colores disponibles te permitir\u00e1 personalizar cada creaci\u00f3n a tu gusto.<\/p>\n\n\n\n<h2 class=\"wp-block-heading\">Caracter\u00edsticas de Katia Glaciar:<\/h2>\n\n\n\n<ul class=\"wp-block-list\">\n<li><strong>Composici\u00f3n:<\/strong>&nbsp;100%&nbsp;Poli\u00e9ster<\/li>\n\n\n\n<li><strong>Presentaci\u00f3n:<\/strong>&nbsp;ovillos de 100 gramos y 50 metros<\/li>\n\n\n\n<li><strong>Grosor:<\/strong>&nbsp;ideal para tejer con agujas de punto de 7 a 8 mm<\/li>\n\n\n\n<li><strong>Tensi\u00f3n:<\/strong>&nbsp;10 puntos y&nbsp;13 vueltas = 10 x 10 cm<\/li>\n\n\n\n<li>Lavar&nbsp;a m\u00e1ximo 30\u00baC<\/li>\n\n\n\n<li>Planchar a temperatura suave<\/li>\n\n\n\n<li>No usar secadora<\/li>\n<\/ul>\n\n\n\n<figure class=\"wp-block-image size-full\"><img fetchpriority=\"high\" decoding=\"async\" width=\"625\" height=\"137\" src=\"https:\/\/molalalana.es\/tienda\/wp-content\/uploads\/2025\/08\/Captura3.webp\" alt=\"\" class=\"wp-image-17800\" srcset=\"https:\/\/molalalana.es\/tienda\/wp-content\/uploads\/2025\/08\/Captura3.webp 625w, https:\/\/molalalana.es\/tienda\/wp-content\/uploads\/2025\/08\/Captura3-300x66.webp 300w, https:\/\/molalalana.es\/tienda\/wp-content\/uploads\/2025\/08\/Captura3-441x97.webp 441w, https:\/\/molalalana.es\/tienda\/wp-content\/uploads\/2025\/08\/Captura3-150x33.webp 150w\" sizes=\"(max-width: 625px) 100vw, 625px\" \/><\/figure>\n\n\n\n<h2 class=\"wp-block-heading\">\u00bfCu\u00e1ntos ovillos necesito para tejer mis labores?<\/h2>\n\n\n\n<ul class=\"wp-block-list\">\n<li>Para tejer un jersey de la talla 42 se necesitan unos&nbsp;11 ovillos.<\/li>\n\n\n\n<li>Para tejer un gorro o un cuello es suficiente con 1 ovillo.<\/li>\n<\/ul>\n\n\n\n<figure class=\"wp-block-gallery has-nested-images columns-default is-cropped wp-block-gallery-1 is-layout-flex wp-block-gallery-is-layout-flex\">\n<figure class=\"wp-block-image size-large\"><img decoding=\"async\" width=\"317\" height=\"348\" data-id=\"17802\" src=\"https:\/\/molalalana.es\/tienda\/wp-content\/uploads\/2025\/08\/Captura.webp\" alt=\"\" class=\"wp-image-17802\" srcset=\"https:\/\/molalalana.es\/tienda\/wp-content\/uploads\/2025\/08\/Captura.webp 317w, https:\/\/molalalana.es\/tienda\/wp-content\/uploads\/2025\/08\/Captura-273x300.webp 273w, https:\/\/molalalana.es\/tienda\/wp-content\/uploads\/2025\/08\/Captura-150x165.webp 150w\" sizes=\"(max-width: 317px) 100vw, 317px\" \/><\/figure>\n\n\n\n<figure class=\"wp-block-image size-large\"><img decoding=\"async\" width=\"341\" height=\"354\" data-id=\"17801\" src=\"https:\/\/molalalana.es\/tienda\/wp-content\/uploads\/2025\/08\/Captura1.webp\" alt=\"\" class=\"wp-image-17801\" srcset=\"https:\/\/molalalana.es\/tienda\/wp-content\/uploads\/2025\/08\/Captura1.webp 341w, https:\/\/molalalana.es\/tienda\/wp-content\/uploads\/2025\/08\/Captura1-289x300.webp 289w, https:\/\/molalalana.es\/tienda\/wp-content\/uploads\/2025\/08\/Captura1-150x156.webp 150w\" sizes=\"(max-width: 341px) 100vw, 341px\" \/><\/figure>\n<\/figure>\n","protected":false},"excerpt":{"rendered":"<p>Katia Glaciar es un hilo de fantas\u00eda 100% poli\u00e9ster con textura de pelo largo y pompones integrados. Ideal para tejer accesorios de invierno con volumen, suavidad y un toque original. \u00a1Con un solo ovillo puedes realizar un fant\u00e1stico cuello o un gorro<\/p>\n","protected":false},"featured_media":17803,"comment_status":"open","ping_status":"closed","template":"","meta":[],"product_brand":[],"product_cat":[20,3340],"product_tag":[237,3187,3085,235],"class_list":{"0":"post-17770","1":"product","2":"type-product","3":"status-publish","4":"has-post-thumbnail","6":"product_cat-lanas","7":"product_cat-invierno","8":"product_tag-gorros","9":"product_tag-lana-para-cuellos","10":"product_tag-pelo","11":"product_tag-suave","12":"pa_color-300-negro-blanco","13":"pa_color-301-beige-marron","14":"pa_color-302-gris-negro","15":"pa_color-303-vison-camel","16":"pa_color-304-maquillaje-rosa","17":"pa_color-305-teja-naranja","18":"pa_color-306-tejano-azul","19":"pa_color-307-caqui-verde-menta","20":"pa_familia-lanas","21":"pa_marca-katia","22":"pa_temporada-otono-invierno","24":"first","25":"instock","26":"taxable","27":"shipping-taxable","28":"purchasable","29":"product-type-variable"},"_links":{"self":[{"href":"https:\/\/molalalana.es\/tienda\/wp-json\/wp\/v2\/product\/17770","targetHints":{"allow":["GET"]}}],"collection":[{"href":"https:\/\/molalalana.es\/tienda\/wp-json\/wp\/v2\/product"}],"about":[{"href":"https:\/\/molalalana.es\/tienda\/wp-json\/wp\/v2\/types\/product"}],"replies":[{"embeddable":true,"href":"https:\/\/molalalana.es\/tienda\/wp-json\/wp\/v2\/comments?post=17770"}],"wp:featuredmedia":[{"embeddable":true,"href":"https:\/\/molalalana.es\/tienda\/wp-json\/wp\/v2\/media\/17803"}],"wp:attachment":[{"href":"https:\/\/molalalana.es\/tienda\/wp-json\/wp\/v2\/media?parent=17770"}],"wp:term":[{"taxonomy":"product_brand","embeddable":true,"href":"https:\/\/molalalana.es\/tienda\/wp-json\/wp\/v2\/product_brand?post=17770"},{"taxonomy":"product_cat","embeddable":true,"href":"https:\/\/molalalana.es\/tienda\/wp-json\/wp\/v2\/product_cat?post=17770"},{"taxonomy":"product_tag","embeddable":true,"href":"https:\/\/molalalana.es\/tienda\/wp-json\/wp\/v2\/product_tag?post=17770"}],"curies":[{"name":"wp","href":"https:\/\/api.w.org\/{rel}","templated":true}]}}