{"id":18229,"date":"2025-09-10T16:14:51","date_gmt":"2025-09-10T14:14:51","guid":{"rendered":"https:\/\/molalalana.es\/tienda\/?post_type=product&#038;p=18229"},"modified":"2025-09-30T17:12:52","modified_gmt":"2025-09-30T15:12:52","slug":"kit-cal-flowers-forever-merino-classic","status":"publish","type":"product","link":"https:\/\/molalalana.es\/tienda\/tienda\/kit-cal-flowers-forever-merino-classic\/","title":{"rendered":"KIT CAL FLOWERS FOREVER MERINO CLASSIC"},"content":{"rendered":"\n<p>Vive una experiencia \u00fanica creando la espectacular <strong>manta de ganchillo Flowers Forever<\/strong>, dise\u00f1ada por <strong>Yvonne van Zijl (@bokkyshome)<\/strong>.<br>Un proyecto vibrante lleno de flores de colores, unidas mediante la innovadora t\u00e9cnica <strong>Pull Loop Through (PLT)<\/strong>, \u00a1sin costuras!<\/p>\n\n\n\n<p><strong>Detalles del proyecto<\/strong><\/p>\n\n\n\n<ul class=\"wp-block-list\">\n<li><strong>Dise\u00f1adora:<\/strong> @bokkyshome<\/li>\n\n\n\n<li><strong>Nivel:<\/strong> Avanzado<\/li>\n\n\n\n<li><strong>Medidas:<\/strong> 120 x 143 cm aprox.<\/li>\n\n\n\n<li><strong>Inicio:<\/strong> 7 de octubre de 2025<\/li>\n\n\n\n<li><strong>Duraci\u00f3n:<\/strong> 5 semanas<\/li>\n\n\n\n<li><strong>Patr\u00f3n:<\/strong> Accede a nuevas partes cada semana en katia.com. Incluye instrucciones en espa\u00f1ol, ingl\u00e9s, franc\u00e9s, holand\u00e9s, alem\u00e1n e italiano, con <strong>abreviaturas, gr\u00e1ficos y v\u00eddeos paso a paso<\/strong>.<\/li>\n<\/ul>\n\n\n\n<p><strong>Comunidad Crochet-Along<\/strong><br>Acompa\u00f1a tu experiencia compartiendo avances y resolviendo dudas en el grupo oficial de Facebook <strong>Crochet-Along Katia<\/strong>.<\/p>\n\n\n\n<p><strong>Materiales incluidos en el kit CAL<\/strong><\/p>\n\n\n\n<ul class=\"wp-block-list\">\n<li>Ovillos <strong>Katia Merino Classic (16)<\/strong>\n<ul class=\"wp-block-list\">\n<li>MERINO CLASSIC 3  CRUDO X4<\/li>\n\n\n\n<li>MERINO CLASSIC 102 MAGENTA X2<\/li>\n\n\n\n<li>MERINO CLASSIC 104 AZUL CYAN X 2<\/li>\n\n\n\n<li>MERINO CLASSIC 25 ROSA X2<\/li>\n\n\n\n<li>MERINO CLASSIC 96 AMARILLO TR\u00c1FICO X2<\/li>\n\n\n\n<li>MERINO CLASSIC 97 NARANJA X2<\/li>\n\n\n\n<li>MERINO CLASSIC 98 FUCSIA FLUOR X2<\/li>\n<\/ul>\n<\/li>\n<\/ul>\n\n\n\n<p><strong>Materiales extra (no incluidos):<\/strong><\/p>\n\n\n\n<ul class=\"wp-block-list\">\n<li>Ganchillo 5 mm (US G6)<\/li>\n\n\n\n<li>Aguja lanera<\/li>\n\n\n\n<li>Tijeras<\/li>\n\n\n\n<li>Marcadores de puntos<\/li>\n<\/ul>\n\n\n\n<p><strong>Elige tu kit y dale vida a tu Flowers Forever Blanket con Katia.<\/strong><br>\u00a1Hazla tuya y disfruta de este viaje creativo lleno de color y flores!<\/p>\n\n\n\n<figure class=\"wp-block-gallery has-nested-images columns-default is-cropped wp-block-gallery-1 is-layout-flex wp-block-gallery-is-layout-flex\">\n<figure class=\"wp-block-image size-large\"><img fetchpriority=\"high\" decoding=\"async\" width=\"800\" height=\"800\" data-id=\"18241\" src=\"https:\/\/molalalana.es\/tienda\/wp-content\/uploads\/2025\/09\/katia-merino-classic3.webp\" alt=\"MERINO CLASSIC CRUDO-3 X 4\n\" class=\"wp-image-18241\" srcset=\"https:\/\/molalalana.es\/tienda\/wp-content\/uploads\/2025\/09\/katia-merino-classic3.webp 800w, https:\/\/molalalana.es\/tienda\/wp-content\/uploads\/2025\/09\/katia-merino-classic3-300x300.webp 300w, https:\/\/molalalana.es\/tienda\/wp-content\/uploads\/2025\/09\/katia-merino-classic3-150x150.webp 150w, https:\/\/molalalana.es\/tienda\/wp-content\/uploads\/2025\/09\/katia-merino-classic3-768x768.webp 768w, https:\/\/molalalana.es\/tienda\/wp-content\/uploads\/2025\/09\/katia-merino-classic3-441x441.webp 441w, https:\/\/molalalana.es\/tienda\/wp-content\/uploads\/2025\/09\/katia-merino-classic3-650x650.webp 650w\" sizes=\"(max-width: 800px) 100vw, 800px\" \/><\/figure>\n\n\n\n<figure class=\"wp-block-image size-large\"><img decoding=\"async\" width=\"800\" height=\"800\" data-id=\"18243\" src=\"https:\/\/molalalana.es\/tienda\/wp-content\/uploads\/2025\/09\/katia-merino-classic25.webp\" alt=\"\" class=\"wp-image-18243\" srcset=\"https:\/\/molalalana.es\/tienda\/wp-content\/uploads\/2025\/09\/katia-merino-classic25.webp 800w, https:\/\/molalalana.es\/tienda\/wp-content\/uploads\/2025\/09\/katia-merino-classic25-300x300.webp 300w, https:\/\/molalalana.es\/tienda\/wp-content\/uploads\/2025\/09\/katia-merino-classic25-150x150.webp 150w, https:\/\/molalalana.es\/tienda\/wp-content\/uploads\/2025\/09\/katia-merino-classic25-768x768.webp 768w, https:\/\/molalalana.es\/tienda\/wp-content\/uploads\/2025\/09\/katia-merino-classic25-441x441.webp 441w, https:\/\/molalalana.es\/tienda\/wp-content\/uploads\/2025\/09\/katia-merino-classic25-650x650.webp 650w\" sizes=\"(max-width: 800px) 100vw, 800px\" \/><\/figure>\n\n\n\n<figure class=\"wp-block-image size-large\"><img decoding=\"async\" width=\"800\" height=\"800\" data-id=\"18248\" src=\"https:\/\/molalalana.es\/tienda\/wp-content\/uploads\/2025\/09\/katia-merino-classic96.webp\" alt=\"\" class=\"wp-image-18248\" srcset=\"https:\/\/molalalana.es\/tienda\/wp-content\/uploads\/2025\/09\/katia-merino-classic96.webp 800w, https:\/\/molalalana.es\/tienda\/wp-content\/uploads\/2025\/09\/katia-merino-classic96-300x300.webp 300w, https:\/\/molalalana.es\/tienda\/wp-content\/uploads\/2025\/09\/katia-merino-classic96-150x150.webp 150w, https:\/\/molalalana.es\/tienda\/wp-content\/uploads\/2025\/09\/katia-merino-classic96-768x768.webp 768w, https:\/\/molalalana.es\/tienda\/wp-content\/uploads\/2025\/09\/katia-merino-classic96-441x441.webp 441w, https:\/\/molalalana.es\/tienda\/wp-content\/uploads\/2025\/09\/katia-merino-classic96-650x650.webp 650w\" sizes=\"(max-width: 800px) 100vw, 800px\" \/><\/figure>\n\n\n\n<figure class=\"wp-block-image size-large\"><img loading=\"lazy\" decoding=\"async\" width=\"800\" height=\"800\" data-id=\"18245\" src=\"https:\/\/molalalana.es\/tienda\/wp-content\/uploads\/2025\/09\/katia-merino-classic97.webp\" alt=\"\" class=\"wp-image-18245\" srcset=\"https:\/\/molalalana.es\/tienda\/wp-content\/uploads\/2025\/09\/katia-merino-classic97.webp 800w, https:\/\/molalalana.es\/tienda\/wp-content\/uploads\/2025\/09\/katia-merino-classic97-300x300.webp 300w, https:\/\/molalalana.es\/tienda\/wp-content\/uploads\/2025\/09\/katia-merino-classic97-150x150.webp 150w, https:\/\/molalalana.es\/tienda\/wp-content\/uploads\/2025\/09\/katia-merino-classic97-768x768.webp 768w, https:\/\/molalalana.es\/tienda\/wp-content\/uploads\/2025\/09\/katia-merino-classic97-441x441.webp 441w, https:\/\/molalalana.es\/tienda\/wp-content\/uploads\/2025\/09\/katia-merino-classic97-650x650.webp 650w\" sizes=\"(max-width: 800px) 100vw, 800px\" \/><\/figure>\n\n\n\n<figure class=\"wp-block-image size-large\"><img loading=\"lazy\" decoding=\"async\" width=\"800\" height=\"800\" data-id=\"18244\" src=\"https:\/\/molalalana.es\/tienda\/wp-content\/uploads\/2025\/09\/katia-merino-classic98.webp\" alt=\"\" class=\"wp-image-18244\" srcset=\"https:\/\/molalalana.es\/tienda\/wp-content\/uploads\/2025\/09\/katia-merino-classic98.webp 800w, https:\/\/molalalana.es\/tienda\/wp-content\/uploads\/2025\/09\/katia-merino-classic98-300x300.webp 300w, https:\/\/molalalana.es\/tienda\/wp-content\/uploads\/2025\/09\/katia-merino-classic98-150x150.webp 150w, https:\/\/molalalana.es\/tienda\/wp-content\/uploads\/2025\/09\/katia-merino-classic98-768x768.webp 768w, https:\/\/molalalana.es\/tienda\/wp-content\/uploads\/2025\/09\/katia-merino-classic98-441x441.webp 441w, https:\/\/molalalana.es\/tienda\/wp-content\/uploads\/2025\/09\/katia-merino-classic98-650x650.webp 650w\" sizes=\"(max-width: 800px) 100vw, 800px\" \/><\/figure>\n\n\n\n<figure class=\"wp-block-image size-large\"><img loading=\"lazy\" decoding=\"async\" width=\"800\" height=\"800\" data-id=\"18247\" src=\"https:\/\/molalalana.es\/tienda\/wp-content\/uploads\/2025\/09\/katia-merino-classic102.webp\" alt=\"\" class=\"wp-image-18247\" srcset=\"https:\/\/molalalana.es\/tienda\/wp-content\/uploads\/2025\/09\/katia-merino-classic102.webp 800w, https:\/\/molalalana.es\/tienda\/wp-content\/uploads\/2025\/09\/katia-merino-classic102-300x300.webp 300w, https:\/\/molalalana.es\/tienda\/wp-content\/uploads\/2025\/09\/katia-merino-classic102-150x150.webp 150w, https:\/\/molalalana.es\/tienda\/wp-content\/uploads\/2025\/09\/katia-merino-classic102-768x768.webp 768w, https:\/\/molalalana.es\/tienda\/wp-content\/uploads\/2025\/09\/katia-merino-classic102-441x441.webp 441w, https:\/\/molalalana.es\/tienda\/wp-content\/uploads\/2025\/09\/katia-merino-classic102-650x650.webp 650w\" sizes=\"(max-width: 800px) 100vw, 800px\" \/><\/figure>\n\n\n\n<figure class=\"wp-block-image size-large\"><img loading=\"lazy\" decoding=\"async\" width=\"800\" height=\"800\" data-id=\"18242\" src=\"https:\/\/molalalana.es\/tienda\/wp-content\/uploads\/2025\/09\/katia-merino-classic104.webp\" alt=\"\" class=\"wp-image-18242\" srcset=\"https:\/\/molalalana.es\/tienda\/wp-content\/uploads\/2025\/09\/katia-merino-classic104.webp 800w, https:\/\/molalalana.es\/tienda\/wp-content\/uploads\/2025\/09\/katia-merino-classic104-300x300.webp 300w, https:\/\/molalalana.es\/tienda\/wp-content\/uploads\/2025\/09\/katia-merino-classic104-150x150.webp 150w, https:\/\/molalalana.es\/tienda\/wp-content\/uploads\/2025\/09\/katia-merino-classic104-768x768.webp 768w, https:\/\/molalalana.es\/tienda\/wp-content\/uploads\/2025\/09\/katia-merino-classic104-441x441.webp 441w, https:\/\/molalalana.es\/tienda\/wp-content\/uploads\/2025\/09\/katia-merino-classic104-650x650.webp 650w\" sizes=\"(max-width: 800px) 100vw, 800px\" \/><\/figure>\n\n\n\n<figure class=\"wp-block-image size-large\"><img loading=\"lazy\" decoding=\"async\" width=\"800\" height=\"800\" data-id=\"18246\" src=\"https:\/\/molalalana.es\/tienda\/wp-content\/uploads\/2025\/09\/kit-de-ganchillo-para-cal-flowers-forever-manta-de-flores-katia.webp\" alt=\"\" class=\"wp-image-18246\" srcset=\"https:\/\/molalalana.es\/tienda\/wp-content\/uploads\/2025\/09\/kit-de-ganchillo-para-cal-flowers-forever-manta-de-flores-katia.webp 800w, https:\/\/molalalana.es\/tienda\/wp-content\/uploads\/2025\/09\/kit-de-ganchillo-para-cal-flowers-forever-manta-de-flores-katia-300x300.webp 300w, https:\/\/molalalana.es\/tienda\/wp-content\/uploads\/2025\/09\/kit-de-ganchillo-para-cal-flowers-forever-manta-de-flores-katia-150x150.webp 150w, https:\/\/molalalana.es\/tienda\/wp-content\/uploads\/2025\/09\/kit-de-ganchillo-para-cal-flowers-forever-manta-de-flores-katia-768x768.webp 768w, https:\/\/molalalana.es\/tienda\/wp-content\/uploads\/2025\/09\/kit-de-ganchillo-para-cal-flowers-forever-manta-de-flores-katia-441x441.webp 441w, https:\/\/molalalana.es\/tienda\/wp-content\/uploads\/2025\/09\/kit-de-ganchillo-para-cal-flowers-forever-manta-de-flores-katia-650x650.webp 650w\" sizes=\"(max-width: 800px) 100vw, 800px\" \/><\/figure>\n<\/figure>\n","protected":false},"excerpt":{"rendered":"<p>\u00danete al CAL Flowers Forever 2025 y vive una experiencia \u00fanica tejiendo en comunidad la espectacular Flowers Forever Blanket, dise\u00f1ada por Yvonne van Zijl (@bokkyshome).<br \/>\nUn proyecto avanzado lleno de flores vibrantes unidas con la t\u00e9cnica Pull Loop Through (PLT), \u00a1sin costuras!<\/p>\n","protected":false},"featured_media":18246,"comment_status":"open","ping_status":"closed","template":"","meta":[],"product_brand":[],"product_cat":[20,3340],"product_tag":[3542,3054,244],"class_list":{"0":"post-18229","1":"product","2":"type-product","3":"status-publish","4":"has-post-thumbnail","6":"product_cat-lanas","7":"product_cat-invierno","8":"product_tag-cal-flowers-foreve","9":"product_tag-merino","10":"product_tag-multicolor","11":"pa_color-102-magenta","12":"pa_color-104-azul-cyan","13":"pa_color-25-rosa","14":"pa_color-3-crudo","15":"pa_color-96-amarillo-trafico","16":"pa_color-97-naranja-vivo","17":"pa_color-98-fluor","18":"pa_composicion-52-lana-48-acrilico","19":"pa_familia-lanas","20":"pa_marca-katia","22":"first","23":"outofstock","24":"taxable","25":"shipping-taxable","26":"purchasable","27":"product-type-simple"},"_links":{"self":[{"href":"https:\/\/molalalana.es\/tienda\/wp-json\/wp\/v2\/product\/18229","targetHints":{"allow":["GET"]}}],"collection":[{"href":"https:\/\/molalalana.es\/tienda\/wp-json\/wp\/v2\/product"}],"about":[{"href":"https:\/\/molalalana.es\/tienda\/wp-json\/wp\/v2\/types\/product"}],"replies":[{"embeddable":true,"href":"https:\/\/molalalana.es\/tienda\/wp-json\/wp\/v2\/comments?post=18229"}],"wp:featuredmedia":[{"embeddable":true,"href":"https:\/\/molalalana.es\/tienda\/wp-json\/wp\/v2\/media\/18246"}],"wp:attachment":[{"href":"https:\/\/molalalana.es\/tienda\/wp-json\/wp\/v2\/media?parent=18229"}],"wp:term":[{"taxonomy":"product_brand","embeddable":true,"href":"https:\/\/molalalana.es\/tienda\/wp-json\/wp\/v2\/product_brand?post=18229"},{"taxonomy":"product_cat","embeddable":true,"href":"https:\/\/molalalana.es\/tienda\/wp-json\/wp\/v2\/product_cat?post=18229"},{"taxonomy":"product_tag","embeddable":true,"href":"https:\/\/molalalana.es\/tienda\/wp-json\/wp\/v2\/product_tag?post=18229"}],"curies":[{"name":"wp","href":"https:\/\/api.w.org\/{rel}","templated":true}]}}