{"id":18250,"date":"2025-09-10T16:23:19","date_gmt":"2025-09-10T14:23:19","guid":{"rendered":"https:\/\/molalalana.es\/tienda\/?post_type=product&#038;p=18250"},"modified":"2025-09-30T17:12:11","modified_gmt":"2025-09-30T15:12:11","slug":"kit-cal-flowers-forever-unico","status":"publish","type":"product","link":"https:\/\/molalalana.es\/tienda\/tienda\/kit-cal-flowers-forever-unico\/","title":{"rendered":"KIT CAL FLOWERS FOREVER UNICO"},"content":{"rendered":"\n<p>Vive una experiencia \u00fanica creando la espectacular <strong>manta de ganchillo Flowers Forever<\/strong>, dise\u00f1ada por <strong>Yvonne van Zijl (@bokkyshome)<\/strong>.<br>Un proyecto vibrante lleno de flores de colores, unidas mediante la innovadora t\u00e9cnica <strong>Pull Loop Through (PLT)<\/strong>, \u00a1sin costuras!<\/p>\n\n\n\n<p><strong>Detalles del proyecto<\/strong><\/p>\n\n\n\n<ul class=\"wp-block-list\">\n<li><strong>Dise\u00f1adora:<\/strong> @bokkyshome<\/li>\n\n\n\n<li><strong>Nivel:<\/strong> Avanzado<\/li>\n\n\n\n<li><strong>Medidas:<\/strong> 127X147cm aprox.<\/li>\n\n\n\n<li><strong>Inicio:<\/strong> 7 de octubre de 2025<\/li>\n\n\n\n<li><strong>Duraci\u00f3n:<\/strong> 5 semanas<\/li>\n\n\n\n<li><strong>Patr\u00f3n:<\/strong> Accede a nuevas partes cada semana en katia.com. Incluye instrucciones en espa\u00f1ol, ingl\u00e9s, franc\u00e9s, holand\u00e9s, alem\u00e1n e italiano, con <strong>abreviaturas, gr\u00e1ficos y v\u00eddeos paso a paso<\/strong>.<\/li>\n<\/ul>\n\n\n\n<p><strong>Comunidad Crochet-Along<\/strong><br>Acompa\u00f1a tu experiencia compartiendo avances y resolviendo dudas en el grupo oficial de Facebook <strong>Crochet-Along Katia<\/strong>.<\/p>\n\n\n\n<p><strong>Materiales incluidos en el kit CAL<\/strong><\/p>\n\n\n\n<ul class=\"wp-block-list\">\n<li>Ovillos <strong>Katia UNICO <\/strong>ACRILICO 100%: 16 OVILLOS\n<ul class=\"wp-block-list\">\n<li>UNICO CRUDO X4<\/li>\n\n\n\n<li>UNICO 20 TURQUESA X2<\/li>\n\n\n\n<li>UNICO 24 AMARILLO X 2<\/li>\n\n\n\n<li>UNICO 29 VIOLETA X2<\/li>\n\n\n\n<li>UNICO 34 ROSA MEDIO X2<\/li>\n\n\n\n<li>UNICO 36 FUCSIA X2<\/li>\n\n\n\n<li>UNICO 45NARANJA X2<\/li>\n<\/ul>\n<\/li>\n<\/ul>\n\n\n\n<p><strong>Materiales extra (no incluidos):<\/strong><\/p>\n\n\n\n<ul class=\"wp-block-list\">\n<li>Ganchillo 5 mm (US G6)<\/li>\n\n\n\n<li>Aguja lanera<\/li>\n\n\n\n<li>Tijeras<\/li>\n\n\n\n<li>Marcadores de puntos<\/li>\n<\/ul>\n\n\n\n<p><strong>Elige tu kit y dale vida a tu Flowers Forever Blanket con Katia.<\/strong><br>\u00a1Hazla tuya y disfruta de este viaje creativo lleno de color y flores!<\/p>\n\n\n\n<figure class=\"wp-block-gallery has-nested-images columns-default is-cropped wp-block-gallery-1 is-layout-flex wp-block-gallery-is-layout-flex\">\n<figure class=\"wp-block-image size-large\"><img fetchpriority=\"high\" decoding=\"async\" width=\"600\" height=\"600\" data-id=\"18256\" src=\"https:\/\/molalalana.es\/tienda\/wp-content\/uploads\/2025\/09\/kit-kit-cal-flowers-forever-unico-manta-de-flores-a-crochet-9726-os-s1-02-katia-n-1.webp\" alt=\"\" class=\"wp-image-18256\" srcset=\"https:\/\/molalalana.es\/tienda\/wp-content\/uploads\/2025\/09\/kit-kit-cal-flowers-forever-unico-manta-de-flores-a-crochet-9726-os-s1-02-katia-n-1.webp 600w, https:\/\/molalalana.es\/tienda\/wp-content\/uploads\/2025\/09\/kit-kit-cal-flowers-forever-unico-manta-de-flores-a-crochet-9726-os-s1-02-katia-n-1-300x300.webp 300w, https:\/\/molalalana.es\/tienda\/wp-content\/uploads\/2025\/09\/kit-kit-cal-flowers-forever-unico-manta-de-flores-a-crochet-9726-os-s1-02-katia-n-1-150x150.webp 150w, https:\/\/molalalana.es\/tienda\/wp-content\/uploads\/2025\/09\/kit-kit-cal-flowers-forever-unico-manta-de-flores-a-crochet-9726-os-s1-02-katia-n-1-441x441.webp 441w\" sizes=\"(max-width: 600px) 100vw, 600px\" \/><\/figure>\n\n\n\n<figure class=\"wp-block-image size-large\"><img decoding=\"async\" width=\"376\" height=\"376\" data-id=\"18257\" src=\"https:\/\/molalalana.es\/tienda\/wp-content\/uploads\/2025\/09\/lana-hilo-unico-tejer-acrilico-amarillo-otono-invierno-katia-24-p-1.webp\" alt=\"\" class=\"wp-image-18257\" srcset=\"https:\/\/molalalana.es\/tienda\/wp-content\/uploads\/2025\/09\/lana-hilo-unico-tejer-acrilico-amarillo-otono-invierno-katia-24-p-1.webp 376w, https:\/\/molalalana.es\/tienda\/wp-content\/uploads\/2025\/09\/lana-hilo-unico-tejer-acrilico-amarillo-otono-invierno-katia-24-p-1-300x300.webp 300w, https:\/\/molalalana.es\/tienda\/wp-content\/uploads\/2025\/09\/lana-hilo-unico-tejer-acrilico-amarillo-otono-invierno-katia-24-p-1-150x150.webp 150w\" sizes=\"(max-width: 376px) 100vw, 376px\" \/><\/figure>\n\n\n\n<figure class=\"wp-block-image size-large\"><img decoding=\"async\" width=\"376\" height=\"376\" data-id=\"18258\" src=\"https:\/\/molalalana.es\/tienda\/wp-content\/uploads\/2025\/09\/lana-hilo-unico-tejer-acrilico-crudo-otono-invierno-katia-3-p-1.webp\" alt=\"\" class=\"wp-image-18258\" srcset=\"https:\/\/molalalana.es\/tienda\/wp-content\/uploads\/2025\/09\/lana-hilo-unico-tejer-acrilico-crudo-otono-invierno-katia-3-p-1.webp 376w, https:\/\/molalalana.es\/tienda\/wp-content\/uploads\/2025\/09\/lana-hilo-unico-tejer-acrilico-crudo-otono-invierno-katia-3-p-1-300x300.webp 300w, https:\/\/molalalana.es\/tienda\/wp-content\/uploads\/2025\/09\/lana-hilo-unico-tejer-acrilico-crudo-otono-invierno-katia-3-p-1-150x150.webp 150w\" sizes=\"(max-width: 376px) 100vw, 376px\" \/><\/figure>\n\n\n\n<figure class=\"wp-block-image size-large\"><img loading=\"lazy\" decoding=\"async\" width=\"376\" height=\"376\" data-id=\"18254\" src=\"https:\/\/molalalana.es\/tienda\/wp-content\/uploads\/2025\/09\/lana-hilo-unico-tejer-acrilico-fucsia-otono-invierno-katia-36-p-1.webp\" alt=\"\" class=\"wp-image-18254\" srcset=\"https:\/\/molalalana.es\/tienda\/wp-content\/uploads\/2025\/09\/lana-hilo-unico-tejer-acrilico-fucsia-otono-invierno-katia-36-p-1.webp 376w, https:\/\/molalalana.es\/tienda\/wp-content\/uploads\/2025\/09\/lana-hilo-unico-tejer-acrilico-fucsia-otono-invierno-katia-36-p-1-300x300.webp 300w, https:\/\/molalalana.es\/tienda\/wp-content\/uploads\/2025\/09\/lana-hilo-unico-tejer-acrilico-fucsia-otono-invierno-katia-36-p-1-150x150.webp 150w\" sizes=\"(max-width: 376px) 100vw, 376px\" \/><\/figure>\n\n\n\n<figure class=\"wp-block-image size-full\"><img loading=\"lazy\" decoding=\"async\" width=\"376\" height=\"376\" data-id=\"18260\" src=\"https:\/\/molalalana.es\/tienda\/wp-content\/uploads\/2025\/09\/lana-hilo-unico-tejer-acrilico-naranja-otono-invierno-katia-45-p-2.webp\" alt=\"\" class=\"wp-image-18260\" srcset=\"https:\/\/molalalana.es\/tienda\/wp-content\/uploads\/2025\/09\/lana-hilo-unico-tejer-acrilico-naranja-otono-invierno-katia-45-p-2.webp 376w, https:\/\/molalalana.es\/tienda\/wp-content\/uploads\/2025\/09\/lana-hilo-unico-tejer-acrilico-naranja-otono-invierno-katia-45-p-2-300x300.webp 300w, https:\/\/molalalana.es\/tienda\/wp-content\/uploads\/2025\/09\/lana-hilo-unico-tejer-acrilico-naranja-otono-invierno-katia-45-p-2-150x150.webp 150w\" sizes=\"(max-width: 376px) 100vw, 376px\" \/><\/figure>\n\n\n\n<figure class=\"wp-block-image size-large\"><img loading=\"lazy\" decoding=\"async\" width=\"376\" height=\"376\" data-id=\"18253\" src=\"https:\/\/molalalana.es\/tienda\/wp-content\/uploads\/2025\/09\/lana-hilo-unico-tejer-acrilico-rosa-medio-otono-invierno-katia-34-p-1.webp\" alt=\"\" class=\"wp-image-18253\" srcset=\"https:\/\/molalalana.es\/tienda\/wp-content\/uploads\/2025\/09\/lana-hilo-unico-tejer-acrilico-rosa-medio-otono-invierno-katia-34-p-1.webp 376w, https:\/\/molalalana.es\/tienda\/wp-content\/uploads\/2025\/09\/lana-hilo-unico-tejer-acrilico-rosa-medio-otono-invierno-katia-34-p-1-300x300.webp 300w, https:\/\/molalalana.es\/tienda\/wp-content\/uploads\/2025\/09\/lana-hilo-unico-tejer-acrilico-rosa-medio-otono-invierno-katia-34-p-1-150x150.webp 150w\" sizes=\"(max-width: 376px) 100vw, 376px\" \/><\/figure>\n\n\n\n<figure class=\"wp-block-image size-large\"><img loading=\"lazy\" decoding=\"async\" width=\"376\" height=\"376\" data-id=\"18252\" src=\"https:\/\/molalalana.es\/tienda\/wp-content\/uploads\/2025\/09\/lana-hilo-unico-tejer-acrilico-turquesa-otono-invierno-katia-20-p-1.webp\" alt=\"\" class=\"wp-image-18252\" srcset=\"https:\/\/molalalana.es\/tienda\/wp-content\/uploads\/2025\/09\/lana-hilo-unico-tejer-acrilico-turquesa-otono-invierno-katia-20-p-1.webp 376w, https:\/\/molalalana.es\/tienda\/wp-content\/uploads\/2025\/09\/lana-hilo-unico-tejer-acrilico-turquesa-otono-invierno-katia-20-p-1-300x300.webp 300w, https:\/\/molalalana.es\/tienda\/wp-content\/uploads\/2025\/09\/lana-hilo-unico-tejer-acrilico-turquesa-otono-invierno-katia-20-p-1-150x150.webp 150w\" sizes=\"(max-width: 376px) 100vw, 376px\" \/><\/figure>\n\n\n\n<figure class=\"wp-block-image size-large\"><img loading=\"lazy\" decoding=\"async\" width=\"376\" height=\"376\" data-id=\"18251\" src=\"https:\/\/molalalana.es\/tienda\/wp-content\/uploads\/2025\/09\/lana-hilo-unico-tejer-acrilico-violeta-otono-invierno-katia-29-p-1.webp\" alt=\"\" class=\"wp-image-18251\" srcset=\"https:\/\/molalalana.es\/tienda\/wp-content\/uploads\/2025\/09\/lana-hilo-unico-tejer-acrilico-violeta-otono-invierno-katia-29-p-1.webp 376w, https:\/\/molalalana.es\/tienda\/wp-content\/uploads\/2025\/09\/lana-hilo-unico-tejer-acrilico-violeta-otono-invierno-katia-29-p-1-300x300.webp 300w, https:\/\/molalalana.es\/tienda\/wp-content\/uploads\/2025\/09\/lana-hilo-unico-tejer-acrilico-violeta-otono-invierno-katia-29-p-1-150x150.webp 150w\" sizes=\"(max-width: 376px) 100vw, 376px\" \/><\/figure>\n<\/figure>\n","protected":false},"excerpt":{"rendered":"<p>\u00danete al CAL Flowers Forever 2025 y vive una experiencia \u00fanica tejiendo en comunidad la espectacular Flowers Forever Blanket, dise\u00f1ada por Yvonne van Zijl (@bokkyshome).<br \/>\nUn proyecto avanzado lleno de flores vibrantes unidas con la t\u00e9cnica Pull Loop Through (PLT), \u00a1sin costuras!<\/p>\n","protected":false},"featured_media":18246,"comment_status":"open","ping_status":"closed","template":"","meta":[],"product_brand":[],"product_cat":[20,3340],"product_tag":[3542,244],"class_list":{"0":"post-18250","1":"product","2":"type-product","3":"status-publish","4":"has-post-thumbnail","6":"product_cat-lanas","7":"product_cat-invierno","8":"product_tag-cal-flowers-foreve","9":"product_tag-multicolor","10":"pa_composicion-100-acrilico","11":"pa_familia-lanas","12":"pa_marca-katia","14":"first","15":"outofstock","16":"taxable","17":"shipping-taxable","18":"purchasable","19":"product-type-simple"},"_links":{"self":[{"href":"https:\/\/molalalana.es\/tienda\/wp-json\/wp\/v2\/product\/18250","targetHints":{"allow":["GET"]}}],"collection":[{"href":"https:\/\/molalalana.es\/tienda\/wp-json\/wp\/v2\/product"}],"about":[{"href":"https:\/\/molalalana.es\/tienda\/wp-json\/wp\/v2\/types\/product"}],"replies":[{"embeddable":true,"href":"https:\/\/molalalana.es\/tienda\/wp-json\/wp\/v2\/comments?post=18250"}],"wp:featuredmedia":[{"embeddable":true,"href":"https:\/\/molalalana.es\/tienda\/wp-json\/wp\/v2\/media\/18246"}],"wp:attachment":[{"href":"https:\/\/molalalana.es\/tienda\/wp-json\/wp\/v2\/media?parent=18250"}],"wp:term":[{"taxonomy":"product_brand","embeddable":true,"href":"https:\/\/molalalana.es\/tienda\/wp-json\/wp\/v2\/product_brand?post=18250"},{"taxonomy":"product_cat","embeddable":true,"href":"https:\/\/molalalana.es\/tienda\/wp-json\/wp\/v2\/product_cat?post=18250"},{"taxonomy":"product_tag","embeddable":true,"href":"https:\/\/molalalana.es\/tienda\/wp-json\/wp\/v2\/product_tag?post=18250"}],"curies":[{"name":"wp","href":"https:\/\/api.w.org\/{rel}","templated":true}]}}