{"id":2704,"date":"2022-02-03T22:10:58","date_gmt":"2022-02-03T22:10:58","guid":{"rendered":"https:\/\/molalalana.es\/tenda\/producto\/merino-classic\/"},"modified":"2026-03-10T20:28:56","modified_gmt":"2026-03-10T18:28:56","slug":"merino-classic","status":"publish","type":"product","link":"https:\/\/molalalana.es\/tienda\/tienda\/merino-classic\/","title":{"rendered":"MERINO CLASSIC"},"content":{"rendered":"\n<p><\/p>\n\n\n<p><strong>Merino Classic de lanas Katia<\/strong>\u00a0son ovillos de lana fina perfectos para tejer las prendas m\u00e1s calentitas y c\u00f3modas para ni\u00f1os y adultos, se caracteriza por ser una lana lisa en gran variedad de colores.<\/p>\n<p>Crea conjuntos para ni\u00f1os y ni\u00f1as de m\u00e1xima calidad, desde complementos cl\u00e1sicos como bufandas, cuellos, gorros o guantes, hasta preciosos jerseys, vestidos, ponchos, chales, chaquetas, mantas, calcetines y muchas m\u00e1s prendas o accesorios, como unos originales cojines.<\/p>\n<h2>La lana Katia Merino Classic est\u00e1 compuesta por:<\/h2>\n<ul>\n<li>52% Merino Superwash<\/li>\n<li>48% Acr\u00edlico<\/li>\n<\/ul>\n<p>La lana merino es natural, con un tacto ideal para pieles sensibles. Muy suave y c\u00f3moda. Esta fibra es fina, ligera, suave y c\u00e1lida por lo que est\u00e1 indicada para beb\u00e9s, ni\u00f1os o adultos.<\/p>\n<p>Al estar tratada con el tratamiendo Superwash puedes lavarla sin problemas en tu lavadora.<\/p>\n<p>ldeal para combinar con la calidad Katia <a href=\"https:\/\/molalalana.es\/tienda\/tienda\/maravilla\/\">MARAVILLA\u00a0<\/a><\/p>\n<p>CARACTER\u00cdSTICAS T\u00c9CNICAS<\/p>\n<ul>\n<li>Cada ovillo de esta lana contiene 100 gramos y 240 metros.<\/li>\n<li>Esta lana es fina, por lo que recomendamos trabajar con agujas para punto de 3\u00bd &#8211; 4 mm.<\/li>\n<li>Tan s\u00f3lo necesitas 4 ovillos para tejer un jersey de manga larga en la talla 42.<\/li>\n<li>Para realizar un cuadrado de 10 x 10 cm monta 22 puntos y trabaja 29 vueltas.<\/li>\n<li>Es apta para el lavado a m\u00e1quina hasta 30\u00baC como m\u00e1ximo y en el programa lana.<\/li>\n<\/ul>\n<p>\u00a0<\/p>\n\n<div class=\"jet-listing-dynamic-field-block\"data-is-block=\"jet-engine\/dynamic-field\"><div class=\"jet-listing jet-listing-dynamic-field display-inline\"><div class=\"jet-listing-dynamic-field__inline-wrap\"><div class=\"jet-listing-dynamic-field__content\"><div class=\"jet-engine-gallery-grid grid-col-desk-1 grid-col-tablet-3 grid-col-mobile-1\"><div class=\"jet-engine-gallery-grid__item\"><span class=\"jet-engine-gallery-grid__item-wrap jet-engine-gallery-item-wrap\"><img decoding=\"async\" src=\"https:\/\/molalalana.es\/tienda\/wp-content\/uploads\/2022\/02\/Caracteristicas-Merino-Classic.jpg\" alt=\"\" class=\"jet-engine-gallery-grid__item-img\"><\/span><\/div><\/div><\/div><\/div><\/div><\/div>\n\n\n<h2 class=\"wp-block-heading has-medium-font-size\">PROYECTOS REALIZADOS<\/h2>\n\n\n<div class=\"jet-listing-dynamic-field-block\"data-is-block=\"jet-engine\/dynamic-field\"><div class=\"jet-listing jet-listing-dynamic-field display-inline\"><div class=\"jet-listing-dynamic-field__inline-wrap\"><div class=\"jet-listing-dynamic-field__content\"><div class=\"jet-engine-gallery-grid grid-col-desk-3 grid-col-tablet-3 grid-col-mobile-1\"><div class=\"jet-engine-gallery-grid__item\"><span class=\"jet-engine-gallery-grid__item-wrap jet-engine-gallery-item-wrap\"><img decoding=\"async\" src=\"https:\/\/molalalana.es\/tienda\/wp-content\/uploads\/2022\/02\/Jersey-ninos-merino-classic.jpg\" alt=\"\" class=\"jet-engine-gallery-grid__item-img\"><\/span><\/div><div class=\"jet-engine-gallery-grid__item\"><span class=\"jet-engine-gallery-grid__item-wrap jet-engine-gallery-item-wrap\"><img decoding=\"async\" src=\"https:\/\/molalalana.es\/tienda\/wp-content\/uploads\/2022\/02\/Jersey-rosa-mujer-merino-classic.jpg\" alt=\"\" class=\"jet-engine-gallery-grid__item-img\"><\/span><\/div><div class=\"jet-engine-gallery-grid__item\"><span class=\"jet-engine-gallery-grid__item-wrap jet-engine-gallery-item-wrap\"><img decoding=\"async\" src=\"https:\/\/molalalana.es\/tienda\/wp-content\/uploads\/2022\/02\/Poncho-mujer-merino-classic.jpg\" alt=\"\" class=\"jet-engine-gallery-grid__item-img\"><\/span><\/div><div class=\"jet-engine-gallery-grid__item\"><span class=\"jet-engine-gallery-grid__item-wrap jet-engine-gallery-item-wrap\"><img decoding=\"async\" src=\"https:\/\/molalalana.es\/tienda\/wp-content\/uploads\/2022\/02\/Chaqueta-otono-mujer-merino-classic.jpg\" alt=\"\" class=\"jet-engine-gallery-grid__item-img\"><\/span><\/div><div class=\"jet-engine-gallery-grid__item\"><span class=\"jet-engine-gallery-grid__item-wrap jet-engine-gallery-item-wrap\"><img decoding=\"async\" src=\"https:\/\/molalalana.es\/tienda\/wp-content\/uploads\/2022\/02\/Cojin-merino-classic.jpg\" alt=\"\" class=\"jet-engine-gallery-grid__item-img\"><\/span><\/div><div class=\"jet-engine-gallery-grid__item\"><span class=\"jet-engine-gallery-grid__item-wrap jet-engine-gallery-item-wrap\"><img decoding=\"async\" src=\"https:\/\/molalalana.es\/tienda\/wp-content\/uploads\/2022\/02\/Jersey-mujer-merino-classic.jpg\" alt=\"\" class=\"jet-engine-gallery-grid__item-img\"><\/span><\/div><\/div><\/div><\/div><\/div><\/div>\n\n\n<p><\/p>\n","protected":false},"excerpt":{"rendered":"<p>La lana merino es natural, con un tacto ideal para pieles sensibles. Muy suave y c\u00f3moda. Esta fibra es fina, ligera, suave y c\u00e1lida por lo que est\u00e1 indicada para beb\u00e9s, ni\u00f1os o adultos.<\/p>\n","protected":false},"featured_media":1690,"comment_status":"open","ping_status":"closed","template":"","meta":[],"product_brand":[],"product_cat":[20],"product_tag":[3053,3054,235,1852],"class_list":{"0":"post-2704","1":"product","2":"type-product","3":"status-publish","4":"has-post-thumbnail","6":"product_cat-lanas","7":"product_tag-lana","8":"product_tag-merino","9":"product_tag-suave","10":"product_tag-superwash","11":"pa_color-1-blanco","12":"pa_color-10-beige-claro","13":"pa_color-11-beige","14":"pa_color-12-gris-medio","15":"pa_color-13-gris","16":"pa_color-14-marengo","17":"pa_color-15-botella-oscuro","18":"pa_color-18-pistacho","19":"pa_color-2-negro","20":"pa_color-20-naranja-quemada","21":"pa_color-22-granate","22":"pa_color-23-granate-oscuro","23":"pa_color-24-fucsia-oscuro","24":"pa_color-25-rosa","25":"pa_color-26-maquillaje","26":"pa_color-28-morado","27":"pa_color-3-crudo","28":"pa_color-30-turquesa","29":"pa_color-32-azulado","30":"pa_color-33-azul-oxford","31":"pa_color-34-celeste","32":"pa_color-35-camel","33":"pa_color-38-gris-claro","34":"pa_color-39-petroleo","35":"pa_color-4-rojo","36":"pa_color-40-fucsia","37":"pa_color-41-mostaza","38":"pa_color-45-azul","39":"pa_color-5-marino","40":"pa_color-62-rosa-claro","41":"pa_color-64-amarillo","42":"pa_color-66-coral","43":"pa_color-68-vison","44":"pa_color-69-rosa-palo","45":"pa_color-70-kaki-claro","46":"pa_color-71-ocre","47":"pa_color-72-jeans","48":"pa_color-73-agua","49":"pa_color-74-rosado-oscuro","50":"pa_color-75-fambruesa","51":"pa_color-76-lila","52":"pa_color-77-lila-claro","53":"pa_color-78-esmeralda","54":"pa_color-79-vicuna","55":"pa_color-8-vison-oscuro","56":"pa_color-80-verde-agua","57":"pa_color-81-azul-petroleio","58":"pa_color-82-melocoton","59":"pa_color-83-beig-muy-claro","60":"pa_color-84-pollito","61":"pa_color-85-menta-bebe","62":"pa_color-86-celeste-bebe","63":"pa_color-87-salmon-claro","64":"pa_color-88-tierra","65":"pa_color-89-berenjena-oscuro","66":"pa_color-9-rata","67":"pa_color-90-kaki","68":"pa_color-91-rosa-sucio","69":"pa_color-92-mandarina","70":"pa_color-93-celeste-sucio","71":"pa_color-94-azul-ultramar","72":"pa_color-95-verde-fluor","73":"pa_color-96-amarillo-trafico","74":"pa_color-97-naranja-vivo","75":"pa_color-98-fucsia-fluor","76":"pa_color-100-lima","77":"pa_color-101-lila-oscuro","78":"pa_color-102-magenta","79":"pa_color-103-mint","80":"pa_color-104-azul-cyan","81":"pa_color-99-malva-claro","82":"pa_composicion-52-lana-virgen-48-acrilico","83":"pa_marca-katia","84":"pa_temporada-otono-invierno","86":"first","87":"instock","88":"taxable","89":"shipping-taxable","90":"purchasable","91":"product-type-variable"},"_links":{"self":[{"href":"https:\/\/molalalana.es\/tienda\/wp-json\/wp\/v2\/product\/2704","targetHints":{"allow":["GET"]}}],"collection":[{"href":"https:\/\/molalalana.es\/tienda\/wp-json\/wp\/v2\/product"}],"about":[{"href":"https:\/\/molalalana.es\/tienda\/wp-json\/wp\/v2\/types\/product"}],"replies":[{"embeddable":true,"href":"https:\/\/molalalana.es\/tienda\/wp-json\/wp\/v2\/comments?post=2704"}],"wp:featuredmedia":[{"embeddable":true,"href":"https:\/\/molalalana.es\/tienda\/wp-json\/wp\/v2\/media\/1690"}],"wp:attachment":[{"href":"https:\/\/molalalana.es\/tienda\/wp-json\/wp\/v2\/media?parent=2704"}],"wp:term":[{"taxonomy":"product_brand","embeddable":true,"href":"https:\/\/molalalana.es\/tienda\/wp-json\/wp\/v2\/product_brand?post=2704"},{"taxonomy":"product_cat","embeddable":true,"href":"https:\/\/molalalana.es\/tienda\/wp-json\/wp\/v2\/product_cat?post=2704"},{"taxonomy":"product_tag","embeddable":true,"href":"https:\/\/molalalana.es\/tienda\/wp-json\/wp\/v2\/product_tag?post=2704"}],"curies":[{"name":"wp","href":"https:\/\/api.w.org\/{rel}","templated":true}]}}