{"id":3042,"date":"2022-02-04T17:53:21","date_gmt":"2022-02-04T17:53:21","guid":{"rendered":"https:\/\/molalalana.es\/tenda\/producto\/menfis\/"},"modified":"2026-04-09T12:29:28","modified_gmt":"2026-04-09T10:29:28","slug":"menfis","status":"publish","type":"product","link":"https:\/\/molalalana.es\/tienda\/tienda\/menfis\/","title":{"rendered":"KATIA MENFIS"},"content":{"rendered":"<p><strong>Menfis de lanas Katia<\/strong>\u00a0es el hilo ideal para tus labores de primavera o verano. Con su variedad de colores y su grosor fino, tejer\u00e1s prendas coloridas y vivas a la vez que fresquitas, perfectas para los d\u00edas calurosos.<\/p>\n<p>Adem\u00e1s Menfis viene presentado en ovillos de 100 gramos y 240 metros, por lo que necesitar\u00e1s menos cantidad para realizar una labor.<\/p>\n<p>Este hilo te permite tejer a punto o crochet desde cl\u00e1sicos jers\u00e9is de verano hasta originales vestidos, tops, bolsos y m\u00e1s, con alegres colores que har\u00e1n que tus prendas y la de los m\u00e1s peque\u00f1os sean muy vistosas. Comb\u00ednalo con\u00a0<a href=\"https:\/\/molalalana.es\/tienda\/tienda\/menfis-color\/\">KATIA MENFIS COLOR<\/a> para crear prendas \u00fanicas y divertidas<\/p>\n<h2>El hilo Katia Menfis est\u00e1 compuesto por:<\/h2>\n<ul>\n<li>100% Algod\u00f3n<\/li>\n<\/ul>\n<p>Por su composici\u00f3n,\u00a0es uno de los hilos m\u00e1s c\u00f3modos y suaves, perfecto para pieles sensibles, como la de los ni\u00f1os y beb\u00e9s.<\/p>\n<p>La fibra del algod\u00f3n es mate, fresca y es apta para lavar a m\u00e1quina.<\/p>\n\n\n<h2 class=\"wp-block-heading\">CARACTER\u00cdSTICAS T\u00c9CNICAS<\/h2>\n\n\n\n<ul class=\"wp-block-list\">\n<li>Cada ovillo se compone de 100 gramos y 240 metros.<\/li>\n\n\n\n<li>Por su fino grosor es perfecto para tejer con agujas para punto de 2 \u00bd&nbsp; &#8211; 3 \u00bd mm y con ganchillo de 2 mm.<\/li>\n\n\n\n<li>Para tejer un jersey de manga corta en la talla 42 s\u00f3lo necesitas 4 ovillos.<\/li>\n\n\n\n<li>Para una muestra de 10 x 10 cm necesitas 24 puntos y 34 vueltas.<\/li>\n\n\n\n<li>Lavable a m\u00e1quina hasta 30\u00ba C de temperatura.<\/li>\n\n\n\n<li>Planchar a m\u00e1ximo 110\u00baC.<\/li>\n<\/ul>\n\n\n\n<h2 class=\"wp-block-heading\"><\/h2>\n\n\n\n<figure class=\"wp-block-gallery has-nested-images columns-default is-cropped wp-block-gallery-1 is-layout-flex wp-block-gallery-is-layout-flex\"><\/figure>\n\n\n\n<p><\/p>\n","protected":false},"excerpt":{"rendered":"<p>Este hilo te permite tejer a punto o crochet desde cl\u00e1sicos jerseys de verano hasta originales vestidos, tops, bolsos y m\u00e1s, con alegres colores que har\u00e1n que tus prendas y la de los m\u00e1s peque\u00f1os sean muy vistosas.<\/p>\n","protected":false},"featured_media":1479,"comment_status":"open","ping_status":"closed","template":"","meta":[],"product_brand":[],"product_cat":[20,3339],"product_tag":[734,867,234,235],"class_list":{"0":"post-3042","1":"product","2":"type-product","3":"status-publish","4":"has-post-thumbnail","6":"product_cat-lanas","7":"product_cat-primavera-verano-lanas","8":"product_tag-algodon","9":"product_tag-amigurumi","10":"product_tag-bebes","11":"product_tag-suave","12":"pa_color-1-blanco","13":"pa_color-10-azulina","14":"pa_color-11-tejano","15":"pa_color-12-azul","16":"pa_color-13-celeste","17":"pa_color-14-rosa","18":"pa_color-15-carne","19":"pa_color-16-salmon-claro","20":"pa_color-17-coral","21":"pa_color-2-negro","22":"pa_color-22-piscina","23":"pa_color-23-turquesa","24":"pa_color-25-fucsia","25":"pa_color-26-perla","26":"pa_color-27-malva-claro","27":"pa_color-28-rojo","28":"pa_color-29-naranja","29":"pa_color-3-crudo","30":"pa_color-30-amarillo","31":"pa_color-31-limon","32":"pa_color-33-lima","33":"pa_color-34-granate","34":"pa_color-35-chicle","35":"pa_color-36-morado","36":"pa_color-37-marron","37":"pa_color-38-verde-botella","38":"pa_color-39-verde-agua","39":"pa_color-40-pistacho-claro","40":"pa_color-41-gris-claro","41":"pa_color-42-verde-loro","42":"pa_color-43-maquillaje","43":"pa_color-44-verde-menta","44":"pa_color-45-lima-claro","45":"pa_color-46-miel","46":"pa_color-47-verde-pino","47":"pa_color-48-magenta","48":"pa_color-49-marron-oscuro","49":"pa_color-5-marino","50":"pa_color-50-verde-luminoso","51":"pa_color-51-naranja-palida","52":"pa_color-52-purpura-trafico","53":"pa_color-6-tabaco","54":"pa_color-7-beige-medio","55":"pa_color-8-beige-claro","56":"pa_color-9-gris","57":"pa_color-53-gris-basalto","58":"pa_color-54-amarillo-melon","59":"pa_color-55-beig","60":"pa_color-56-malva","61":"pa_color-57-celeste-claro","62":"pa_composicion-100-algodon","63":"pa_marca-katia","64":"pa_temporada-primavera-verano","66":"first","67":"instock","68":"taxable","69":"shipping-taxable","70":"purchasable","71":"product-type-variable"},"_links":{"self":[{"href":"https:\/\/molalalana.es\/tienda\/wp-json\/wp\/v2\/product\/3042","targetHints":{"allow":["GET"]}}],"collection":[{"href":"https:\/\/molalalana.es\/tienda\/wp-json\/wp\/v2\/product"}],"about":[{"href":"https:\/\/molalalana.es\/tienda\/wp-json\/wp\/v2\/types\/product"}],"replies":[{"embeddable":true,"href":"https:\/\/molalalana.es\/tienda\/wp-json\/wp\/v2\/comments?post=3042"}],"wp:featuredmedia":[{"embeddable":true,"href":"https:\/\/molalalana.es\/tienda\/wp-json\/wp\/v2\/media\/1479"}],"wp:attachment":[{"href":"https:\/\/molalalana.es\/tienda\/wp-json\/wp\/v2\/media?parent=3042"}],"wp:term":[{"taxonomy":"product_brand","embeddable":true,"href":"https:\/\/molalalana.es\/tienda\/wp-json\/wp\/v2\/product_brand?post=3042"},{"taxonomy":"product_cat","embeddable":true,"href":"https:\/\/molalalana.es\/tienda\/wp-json\/wp\/v2\/product_cat?post=3042"},{"taxonomy":"product_tag","embeddable":true,"href":"https:\/\/molalalana.es\/tienda\/wp-json\/wp\/v2\/product_tag?post=3042"}],"curies":[{"name":"wp","href":"https:\/\/api.w.org\/{rel}","templated":true}]}}