{"id":3628,"date":"2022-02-04T21:34:44","date_gmt":"2022-02-04T21:34:44","guid":{"rendered":"https:\/\/molalalana.es\/tenda\/producto\/mimosa\/"},"modified":"2026-03-14T22:40:57","modified_gmt":"2026-03-14T20:40:57","slug":"mimosa","status":"publish","type":"product","link":"https:\/\/molalalana.es\/tienda\/tienda\/mimosa\/","title":{"rendered":"MIMOSA"},"content":{"rendered":"<p>Informaci\u00f3n detallada<\/p>\n<div>\n<p><strong>Katia Mimosa<\/strong>\u00a0de la colecci\u00f3n Baby Love presenta un g\u00e9nero dulce, perfecto para estar en contacto con pieles sensibles. Su composici\u00f3n de algod\u00f3n consigue tejidos transpirables, frescos y c\u00f3modos para cualquier miembro de la familia.<\/p>\n<p>Gracias a su formato de 200 gramos en cada ovillo, permite tejer grandes labores tan solo utilizando una unidad. Puedes trabajar un pa\u00f1uelo, un peque\u00f1o chal o una mantita para beb\u00e9 con solo un ovillo.<\/p>\n<p>Su mezcla de colores combina trazos irregulares con un efecto decolorado, lo que consigue un jaspeado muy suave. Los colores que predeterminan en este hilo son tonos pasteles y empolvados, con el blanco como protagonista.<\/p>\n<h2>\u00bfCu\u00e1l es la composici\u00f3n de Katia Mimosa?<\/h2>\n<ul>\n<li>100% Algod\u00f3n<\/li>\n<\/ul>\n<h2>\u00bfCu\u00e1les son las caracter\u00edsticas de este hilo?<\/h2>\n<ul>\n<li>Cada ovillo contiene 200 gramos y 480 metros.<\/li>\n<li>Su grosor est\u00e1 indicado para tejer con agujas de punto de 3 a 3,5 mm o con ganchillo de 2,5 a 3 mm.<\/li>\n<li>Para realizar un cuadrado de 10 x 10 cm monta 23 puntos y trabaja 30 vueltas.<\/li>\n<li>Se puede lavar a m\u00e1quina a m\u00e1ximo 30\u00baC.<\/li>\n<li>No es apto para el uso de la secadora.<\/li>\n<li>Se puede planchar a baja temperatura.<\/li>\n<\/ul>\n<h2>\u00bfCu\u00e1ntos ovillos necesito para tejer mis labores?<\/h2>\n<ul>\n<li>Para tejer un pa\u00f1uelo, mantita o chal es necesario 1 ovillo.<\/li>\n<li>Con 2 ovillos puedes tejer un jersey b\u00e1sico de manga corta en la talla 42.<\/li>\n<\/ul>\n<p>El hilo que se utiliza para crear Mimosa es el hilo Katia Cotton 100%, por lo que podr\u00e1s combinar estos dos hilos y conseguir efectos \u00fanicos.<\/p>\n<\/div>\n\n<div class=\"jet-listing-dynamic-field-block\"data-is-block=\"jet-engine\/dynamic-field\"><div class=\"jet-listing jet-listing-dynamic-field display-inline\"><div class=\"jet-listing-dynamic-field__inline-wrap\"><div class=\"jet-listing-dynamic-field__content\"><div class=\"jet-engine-gallery-grid grid-col-desk-1 grid-col-tablet-3 grid-col-mobile-1\"><div class=\"jet-engine-gallery-grid__item\"><span class=\"jet-engine-gallery-grid__item-wrap jet-engine-gallery-item-wrap\"><img decoding=\"async\" src=\"https:\/\/molalalana.es\/tienda\/wp-content\/uploads\/2022\/02\/Caracteristicas-Mimosa.jpg\" alt=\"\" class=\"jet-engine-gallery-grid__item-img\"><\/span><\/div><\/div><\/div><\/div><\/div><\/div>\n\n\n<h2 class=\"wp-block-heading has-medium-font-size\">PROYECTOS REALIZADOS<\/h2>\n\n\n<div class=\"jet-listing-dynamic-field-block\"data-is-block=\"jet-engine\/dynamic-field\"><div class=\"jet-listing jet-listing-dynamic-field display-inline\"><div class=\"jet-listing-dynamic-field__inline-wrap\"><div class=\"jet-listing-dynamic-field__content\"><div class=\"jet-engine-gallery-grid grid-col-desk-3 grid-col-tablet-3 grid-col-mobile-1\"><div class=\"jet-engine-gallery-grid__item\"><span class=\"jet-engine-gallery-grid__item-wrap jet-engine-gallery-item-wrap\"><img decoding=\"async\" src=\"https:\/\/molalalana.es\/tienda\/wp-content\/uploads\/2022\/02\/Manta-bebe-corazones-Mimosa.jpg\" alt=\"\" class=\"jet-engine-gallery-grid__item-img\"><\/span><\/div><\/div><\/div><\/div><\/div><\/div>\n\n\n<p><\/p>\n","protected":false},"excerpt":{"rendered":"<p>Katia Mimosa\u00a0es un hilo de algod\u00f3n en el que encontrar\u00e1s colores pastel y empolvados de forma jaspeada sobre un fondo blanco. Estos colores se presentan de forma desgastada, por lo que su mezcla es muy suave y dulce. \u00a1Ideal para grandes proyectos utilizando solo un ovillo!<\/p>\n","protected":false},"featured_media":3113,"comment_status":"open","ping_status":"closed","template":"","meta":[],"product_brand":[],"product_cat":[20],"product_tag":[2203,730],"class_list":{"0":"post-3628","1":"product","2":"type-product","3":"status-publish","4":"has-post-thumbnail","6":"product_cat-lanas","7":"product_tag-jaspeado","8":"product_tag-pastel","9":"pa_color-300-naranja-coral-agua","10":"pa_color-301-rosas-lila","11":"pa_color-302-azules-lima","12":"pa_color-303-kaki-miel-azulina","13":"pa_color-305-lila-menta-agua-beig","14":"pa_color-306-salm-pist-blanc-agua","15":"pa_color-307-azules-beige-blanco","16":"pa_color-308-pasteles-blanco","17":"pa_color-309-verde-salmon-cobre","18":"pa_color-310-fucsia-naranj-pistac","19":"pa_color-311-azules-salmon-cobre","20":"pa_color-312-verdes-azul-amarillo","21":"pa_color-313-salmones-violeta","22":"pa_color-314-amarillo-naranj-azul","23":"pa_composicion-100-algodon","24":"pa_marca-katia","25":"pa_temporada-primavera-verano","27":"first","28":"instock","29":"taxable","30":"shipping-taxable","31":"purchasable","32":"product-type-variable"},"_links":{"self":[{"href":"https:\/\/molalalana.es\/tienda\/wp-json\/wp\/v2\/product\/3628","targetHints":{"allow":["GET"]}}],"collection":[{"href":"https:\/\/molalalana.es\/tienda\/wp-json\/wp\/v2\/product"}],"about":[{"href":"https:\/\/molalalana.es\/tienda\/wp-json\/wp\/v2\/types\/product"}],"replies":[{"embeddable":true,"href":"https:\/\/molalalana.es\/tienda\/wp-json\/wp\/v2\/comments?post=3628"}],"wp:featuredmedia":[{"embeddable":true,"href":"https:\/\/molalalana.es\/tienda\/wp-json\/wp\/v2\/media\/3113"}],"wp:attachment":[{"href":"https:\/\/molalalana.es\/tienda\/wp-json\/wp\/v2\/media?parent=3628"}],"wp:term":[{"taxonomy":"product_brand","embeddable":true,"href":"https:\/\/molalalana.es\/tienda\/wp-json\/wp\/v2\/product_brand?post=3628"},{"taxonomy":"product_cat","embeddable":true,"href":"https:\/\/molalalana.es\/tienda\/wp-json\/wp\/v2\/product_cat?post=3628"},{"taxonomy":"product_tag","embeddable":true,"href":"https:\/\/molalalana.es\/tienda\/wp-json\/wp\/v2\/product_tag?post=3628"}],"curies":[{"name":"wp","href":"https:\/\/api.w.org\/{rel}","templated":true}]}}