{"id":4168,"date":"2022-02-04T22:19:37","date_gmt":"2022-02-04T22:19:37","guid":{"rendered":"https:\/\/molalalana.es\/tenda\/producto\/paint\/"},"modified":"2026-03-16T18:48:32","modified_gmt":"2026-03-16T16:48:32","slug":"paint","status":"publish","type":"product","link":"https:\/\/molalalana.es\/tienda\/tienda\/paint\/","title":{"rendered":"PAINT"},"content":{"rendered":"<p><strong>Paint de lanas Katia<\/strong>\u00a0es una lana de grosor medio disponible en preciosos colores degradados, que forman una bonita mezcla en tus labores en tonos perfectamente combinados.<\/p>\n<p>\u00bfBuscas una lana con la que tan s\u00f3lo utilizando 1 ovillo puedas hacer un precioso chal o pa\u00f1uelo? Con Paint es posible. Sus 150 gramos de lana te ofrecen que puedas tejer tus complementos con s\u00f3lo un ovillo y otras prendas como ponchos utilizando 2 ovillos.<\/p>\n<p>Su mezcla de colores te encantar\u00e1. Formar\u00e1 tramos de diferentes colores sin utilizar diferentes hilos.<\/p>\n<h2>La lana Katia Paint est\u00e1 compuesta por:<\/h2>\n<ul>\n<li>80% Acr\u00edlico<\/li>\n<li>20% Lana<\/li>\n<\/ul>\n<p>Esta mezcla de fibras confiere un tacto muy agradable. La cantidad de fibra de lana que contiene aporta un g\u00e9nero con una calidez muy dulce, que te abrigar\u00e1 y regular\u00e1 tu temperatura corporal para mantenerla estable.<\/p>\n\n\n<h2 class=\"wp-block-heading\">CARACTER\u00cdSTICAS T\u00c9CNICAS<\/h2>\n\n\n\n<ul class=\"wp-block-list\">\n<li>Cada ovillo se compone de 150 gramos y 540 metros.<\/li>\n\n\n\n<li>Su grosor est\u00e1 recomendado para trabajar con agujas de punto de 4,5 &#8211; 5 mm o con ganchillo de 3,5 &#8211; 4 mm.<\/li>\n\n\n\n<li>Con s\u00f3lo 1 ovillo puedes tejer un fant\u00e1stico pa\u00f1uelo para el cuello.<\/li>\n\n\n\n<li>Con 2 ovillos puedes realizar un chal o poncho.<\/li>\n\n\n\n<li>Para realizar un cuadrado de 10 x 10 cm monta 18 puntos y trabaja 24 vueltas.<\/li>\n\n\n\n<li>Es apta para lavar a m\u00e1quina a hasta 30\u00baC como m\u00e1ximo en el ciclo de lana de tu lavadora.<\/li>\n\n\n\n<li>Se puede planchar a m\u00e1ximo 110\u00baC.<\/li>\n\n\n\n<li>No es apta para usar secadora.<\/li>\n\n\n\n<li>Se recomienda el secado en horizontal sin tender.<\/li>\n<\/ul>\n\n\n<div class=\"jet-listing-dynamic-field-block\"data-is-block=\"jet-engine\/dynamic-field\"><div class=\"jet-listing jet-listing-dynamic-field display-inline\"><div class=\"jet-listing-dynamic-field__inline-wrap\"><div class=\"jet-listing-dynamic-field__content\"><div class=\"jet-engine-gallery-grid grid-col-desk-1 grid-col-tablet-3 grid-col-mobile-1\"><div class=\"jet-engine-gallery-grid__item\"><span class=\"jet-engine-gallery-grid__item-wrap jet-engine-gallery-item-wrap\"><img decoding=\"async\" src=\"https:\/\/molalalana.es\/tienda\/wp-content\/uploads\/2022\/02\/Caracteristicas-Paint.jpg\" alt=\"\" class=\"jet-engine-gallery-grid__item-img\"><\/span><\/div><\/div><\/div><\/div><\/div><\/div>\n\n\n<h2 class=\"wp-block-heading has-medium-font-size\">PROYECTOS REALIZADOS<\/h2>\n\n\n<div class=\"jet-listing-dynamic-field-block\"data-is-block=\"jet-engine\/dynamic-field\"><div class=\"jet-listing jet-listing-dynamic-field display-inline\"><div class=\"jet-listing-dynamic-field__inline-wrap\"><div class=\"jet-listing-dynamic-field__content\"><div class=\"jet-engine-gallery-grid grid-col-desk-3 grid-col-tablet-3 grid-col-mobile-1\"><div class=\"jet-engine-gallery-grid__item\"><span class=\"jet-engine-gallery-grid__item-wrap jet-engine-gallery-item-wrap\"><img decoding=\"async\" src=\"https:\/\/molalalana.es\/tienda\/wp-content\/uploads\/2022\/02\/Jersey-mujer-paint.jpg\" alt=\"\" class=\"jet-engine-gallery-grid__item-img\"><\/span><\/div><div class=\"jet-engine-gallery-grid__item\"><span class=\"jet-engine-gallery-grid__item-wrap jet-engine-gallery-item-wrap\"><img decoding=\"async\" src=\"https:\/\/molalalana.es\/tienda\/wp-content\/uploads\/2022\/02\/Burfanda-mujer-paint.jpg\" alt=\"\" class=\"jet-engine-gallery-grid__item-img\"><\/span><\/div><div class=\"jet-engine-gallery-grid__item\"><span class=\"jet-engine-gallery-grid__item-wrap jet-engine-gallery-item-wrap\"><img decoding=\"async\" src=\"https:\/\/molalalana.es\/tienda\/wp-content\/uploads\/2022\/02\/Poncho-nino-paint.jpg\" alt=\"\" class=\"jet-engine-gallery-grid__item-img\"><\/span><\/div><\/div><\/div><\/div><\/div><\/div>\n\n\n<p><\/p>\n","protected":false},"excerpt":{"rendered":"<p>Lana multicolor ideal para tejer un precioso chal tanto a dos agujas como a ganchillo. Tambi\u00e9n se pueden confeccionar preciosas mantas o chaquetas\u00a0<\/p>\n","protected":false},"featured_media":3245,"comment_status":"open","ping_status":"closed","template":"","meta":[],"product_brand":[],"product_cat":[20],"product_tag":[2206,244],"class_list":{"0":"post-4168","1":"product","2":"type-product","3":"status-publish","4":"has-post-thumbnail","6":"product_cat-lanas","7":"product_tag-invierno","8":"product_tag-multicolor","9":"pa_color-52-azules-grises","10":"pa_color-56-grises-rojos-marron","11":"pa_color-65-azules-ama-narj-rosa","12":"pa_color-66-azil-esm-marr-rosas","13":"pa_color-68-marrones-turquesa","14":"pa_color-72-azul-verd-fucs-grise","15":"pa_color-73-rosa-tej-ama-ver-azu","16":"pa_color-74-azules-verdes-carne","17":"pa_color-75-roj-naran-gris-azu","18":"pa_color-76-tejas-verde-limon","19":"pa_color-77-berenjena-rosa-ocre","20":"pa_color-78-naranjas-tosta-burde","21":"pa_color-79-verdes-marr-violetas","22":"pa_color-80-azules-naranjas","23":"pa_color-81-parchis-fucsias","24":"pa_color-82-naranjas-ocre-petrol","25":"pa_composicion-80-acrilico-20-lana","26":"pa_marca-katia","27":"pa_temporada-otono-invierno","29":"first","30":"instock","31":"taxable","32":"shipping-taxable","33":"purchasable","34":"product-type-variable"},"_links":{"self":[{"href":"https:\/\/molalalana.es\/tienda\/wp-json\/wp\/v2\/product\/4168","targetHints":{"allow":["GET"]}}],"collection":[{"href":"https:\/\/molalalana.es\/tienda\/wp-json\/wp\/v2\/product"}],"about":[{"href":"https:\/\/molalalana.es\/tienda\/wp-json\/wp\/v2\/types\/product"}],"replies":[{"embeddable":true,"href":"https:\/\/molalalana.es\/tienda\/wp-json\/wp\/v2\/comments?post=4168"}],"wp:featuredmedia":[{"embeddable":true,"href":"https:\/\/molalalana.es\/tienda\/wp-json\/wp\/v2\/media\/3245"}],"wp:attachment":[{"href":"https:\/\/molalalana.es\/tienda\/wp-json\/wp\/v2\/media?parent=4168"}],"wp:term":[{"taxonomy":"product_brand","embeddable":true,"href":"https:\/\/molalalana.es\/tienda\/wp-json\/wp\/v2\/product_brand?post=4168"},{"taxonomy":"product_cat","embeddable":true,"href":"https:\/\/molalalana.es\/tienda\/wp-json\/wp\/v2\/product_cat?post=4168"},{"taxonomy":"product_tag","embeddable":true,"href":"https:\/\/molalalana.es\/tienda\/wp-json\/wp\/v2\/product_tag?post=4168"}],"curies":[{"name":"wp","href":"https:\/\/api.w.org\/{rel}","templated":true}]}}