{"id":4775,"date":"2022-02-08T17:55:24","date_gmt":"2022-02-08T17:55:24","guid":{"rendered":"https:\/\/molalalana.es\/tenda\/producto\/savana-degrade\/"},"modified":"2026-03-26T22:19:41","modified_gmt":"2026-03-26T20:19:41","slug":"savana-degrade","status":"publish","type":"product","link":"https:\/\/molalalana.es\/tienda\/tienda\/savana-degrade\/","title":{"rendered":"SAVANA DEGRADE"},"content":{"rendered":"<p>Disfruta de los preciosos degradados de color de Savana Degrad\u00e9. Estudiados tonos, perfectos para tejer prendas a la moda como jers\u00e9is, chaquetas o accesorios. Puedes a\u00f1adir a tus prendas un toque de color extra con unos ovillos de Savana Moulin\u00e9 en los mismos colores porque \u00a1son totalmente combinables!<\/p>\n\n<div class=\"jet-listing-dynamic-field-block\"data-is-block=\"jet-engine\/dynamic-field\"><div class=\"jet-listing jet-listing-dynamic-field display-inline\"><div class=\"jet-listing-dynamic-field__inline-wrap\"><div class=\"jet-listing-dynamic-field__content\"><div class=\"jet-engine-gallery-grid grid-col-desk-1 grid-col-tablet-3 grid-col-mobile-1\"><div class=\"jet-engine-gallery-grid__item\"><span class=\"jet-engine-gallery-grid__item-wrap jet-engine-gallery-item-wrap\"><img decoding=\"async\" src=\"https:\/\/molalalana.es\/tienda\/wp-content\/uploads\/2022\/02\/Caracteristicas-Savana-Degrade.jpg\" alt=\"\" class=\"jet-engine-gallery-grid__item-img\"><\/span><\/div><\/div><\/div><\/div><\/div><\/div>\n\n\n<h2 class=\"wp-block-heading has-medium-font-size\">PROYECTOS REALIZADOS<\/h2>\n\n\n<div class=\"jet-listing-dynamic-field-block\"data-is-block=\"jet-engine\/dynamic-field\"><div class=\"jet-listing jet-listing-dynamic-field display-inline\"><div class=\"jet-listing-dynamic-field__inline-wrap\"><div class=\"jet-listing-dynamic-field__content\"><div class=\"jet-engine-gallery-grid grid-col-desk-3 grid-col-tablet-3 grid-col-mobile-1\"><div class=\"jet-engine-gallery-grid__item\"><span class=\"jet-engine-gallery-grid__item-wrap jet-engine-gallery-item-wrap\"><img decoding=\"async\" src=\"https:\/\/molalalana.es\/tienda\/wp-content\/uploads\/2022\/02\/sueter-nino-lana-savana-degrade.jpg\" alt=\"\" class=\"jet-engine-gallery-grid__item-img\"><\/span><\/div><div class=\"jet-engine-gallery-grid__item\"><span class=\"jet-engine-gallery-grid__item-wrap jet-engine-gallery-item-wrap\"><img decoding=\"async\" src=\"https:\/\/molalalana.es\/tienda\/wp-content\/uploads\/2022\/02\/Cuello-tejido-lana-savana-degrade.jpg\" alt=\"\" class=\"jet-engine-gallery-grid__item-img\"><\/span><\/div><div class=\"jet-engine-gallery-grid__item\"><span class=\"jet-engine-gallery-grid__item-wrap jet-engine-gallery-item-wrap\"><img decoding=\"async\" src=\"https:\/\/molalalana.es\/tienda\/wp-content\/uploads\/2022\/02\/jersey-mujer-lana-katia-savana-degrade.jpg\" alt=\"\" class=\"jet-engine-gallery-grid__item-img\"><\/span><\/div><\/div><\/div><\/div><\/div><\/div>\n\n\n<p><\/p>\n","protected":false},"excerpt":{"rendered":"<p>La textura de la lana Savana Degrad\u00e9 es rustica y c\u00e1lida. Proporciona un alto abrigo gracias a las fibras de lana y alpaca que contiene. es una lana de oto\u00f1o e invierno disponible en mezclas de colores con una secuencia larga, lo que quiere decir que cambia de color en tramos m\u00e1s largos. Esto proporciona un aspecto de colores degradados muy originales en tus proyectos, que ir\u00e1n cambiando de color de forma suave mientras los tejes.<\/p>\n","protected":false},"featured_media":4620,"comment_status":"open","ping_status":"closed","template":"","meta":[],"product_brand":[],"product_cat":[20,2921],"product_tag":[868],"class_list":{"0":"post-4775","1":"product","2":"type-product","3":"status-publish","4":"has-post-thumbnail","6":"product_cat-lanas","7":"product_cat-outlet","8":"product_tag-degradados-colores","9":"pa_color-101-marrones","10":"pa_color-102-lila-naranja-amarilo","11":"pa_color-103-ocre-marrones","12":"pa_color-104-verdes-beige","13":"pa_color-105-azules-marron","14":"pa_color-106-beige-gris-marron","15":"pa_color-107-beige-pasteles","16":"pa_color-108-rosa-verde-gris","17":"pa_color-109-rojo-gris-negro","18":"pa_composicion-75-acrilico-15-lana-10-alpaca","19":"pa_marca-katia","20":"pa_temporada-otono-invierno","22":"first","23":"instock","24":"sale","25":"taxable","26":"shipping-taxable","27":"purchasable","28":"product-type-variable"},"_links":{"self":[{"href":"https:\/\/molalalana.es\/tienda\/wp-json\/wp\/v2\/product\/4775","targetHints":{"allow":["GET"]}}],"collection":[{"href":"https:\/\/molalalana.es\/tienda\/wp-json\/wp\/v2\/product"}],"about":[{"href":"https:\/\/molalalana.es\/tienda\/wp-json\/wp\/v2\/types\/product"}],"replies":[{"embeddable":true,"href":"https:\/\/molalalana.es\/tienda\/wp-json\/wp\/v2\/comments?post=4775"}],"wp:featuredmedia":[{"embeddable":true,"href":"https:\/\/molalalana.es\/tienda\/wp-json\/wp\/v2\/media\/4620"}],"wp:attachment":[{"href":"https:\/\/molalalana.es\/tienda\/wp-json\/wp\/v2\/media?parent=4775"}],"wp:term":[{"taxonomy":"product_brand","embeddable":true,"href":"https:\/\/molalalana.es\/tienda\/wp-json\/wp\/v2\/product_brand?post=4775"},{"taxonomy":"product_cat","embeddable":true,"href":"https:\/\/molalalana.es\/tienda\/wp-json\/wp\/v2\/product_cat?post=4775"},{"taxonomy":"product_tag","embeddable":true,"href":"https:\/\/molalalana.es\/tienda\/wp-json\/wp\/v2\/product_tag?post=4775"}],"curies":[{"name":"wp","href":"https:\/\/api.w.org\/{rel}","templated":true}]}}