{"id":6514,"date":"2022-04-25T10:59:17","date_gmt":"2022-04-25T10:59:17","guid":{"rendered":"https:\/\/molalalana.es\/tienda\/producto\/canada\/"},"modified":"2026-01-19T21:15:42","modified_gmt":"2026-01-19T19:15:42","slug":"canada","status":"publish","type":"product","link":"https:\/\/molalalana.es\/tienda\/tienda\/canada\/","title":{"rendered":"CANADA"},"content":{"rendered":"<p>Canada es un hilo de tonos lisos y jaspeados y acabado satinado. Con Canada se pueden tejer bufandas f\u00e1ciles y r\u00e1pidas para j\u00f3venes. Esta lana es perfecta para accesorios del hogar como c\u00f3modos cojines o alfombras de ganchillo<\/p>\n\n<div class=\"jet-listing-dynamic-field-block\"data-is-block=\"jet-engine\/dynamic-field\"><div class=\"jet-listing jet-listing-dynamic-field display-inline\"><div class=\"jet-listing-dynamic-field__inline-wrap\"><div class=\"jet-listing-dynamic-field__content\"><div class=\"jet-engine-gallery-grid grid-col-desk-1 grid-col-tablet-3 grid-col-mobile-1\"><div class=\"jet-engine-gallery-grid__item\"><span class=\"jet-engine-gallery-grid__item-wrap jet-engine-gallery-item-wrap\"><img decoding=\"async\" src=\"https:\/\/molalalana.es\/tienda\/wp-content\/uploads\/2022\/04\/Caracteristicas-tecnicas-lanas-canada.jpg\" alt=\"\" class=\"jet-engine-gallery-grid__item-img\"><\/span><\/div><\/div><\/div><\/div><\/div><\/div>\n\n\n<h2 class=\"wp-block-heading has-medium-font-size\">PROYECTOS REALIZADOS<\/h2>\n\n\n<div class=\"jet-listing-dynamic-field-block\"data-is-block=\"jet-engine\/dynamic-field\"><div class=\"jet-listing jet-listing-dynamic-field display-inline\"><div class=\"jet-listing-dynamic-field__inline-wrap\"><div class=\"jet-listing-dynamic-field__content\"><div class=\"jet-engine-gallery-grid grid-col-desk-3 grid-col-tablet-3 grid-col-mobile-1\"><div class=\"jet-engine-gallery-grid__item\"><span class=\"jet-engine-gallery-grid__item-wrap jet-engine-gallery-item-wrap\"><img decoding=\"async\" src=\"https:\/\/molalalana.es\/tienda\/wp-content\/uploads\/2022\/04\/Jersey-Mujer-Canada.jpg\" alt=\"\" class=\"jet-engine-gallery-grid__item-img\"><\/span><\/div><div class=\"jet-engine-gallery-grid__item\"><span class=\"jet-engine-gallery-grid__item-wrap jet-engine-gallery-item-wrap\"><img decoding=\"async\" src=\"https:\/\/molalalana.es\/tienda\/wp-content\/uploads\/2022\/04\/Poncho-mujer-canada.jpg\" alt=\"\" class=\"jet-engine-gallery-grid__item-img\"><\/span><\/div><div class=\"jet-engine-gallery-grid__item\"><span class=\"jet-engine-gallery-grid__item-wrap jet-engine-gallery-item-wrap\"><img decoding=\"async\" src=\"https:\/\/molalalana.es\/tienda\/wp-content\/uploads\/2022\/04\/Cojines-casa-canada.jpg\" alt=\"\" class=\"jet-engine-gallery-grid__item-img\"><\/span><\/div><\/div><\/div><\/div><\/div><\/div>\n\n\n<p><\/p>\n","protected":false},"excerpt":{"rendered":"<p>Lana de tonos lisos, f\u00e1cil de tejer para hacer prendas para j\u00f3venes<\/p>\n","protected":false},"featured_media":6195,"comment_status":"open","ping_status":"closed","template":"","meta":[],"product_brand":[],"product_cat":[20],"product_tag":[1409,1410],"class_list":{"0":"post-6514","1":"product","2":"type-product","3":"status-publish","4":"has-post-thumbnail","6":"product_cat-lanas","7":"product_tag-jaspeados","8":"product_tag-satinado","9":"pa_color-1-blanco","10":"pa_color-10-piedra-mezcla","11":"pa_color-100-marron-beige-merengo","12":"pa_color-101-marron-beige-crudo","13":"pa_color-102-gris-beige-crudo","14":"pa_color-104-crudo-merengo-gris","15":"pa_color-105-negro-merengo-gris","16":"pa_color-11-gris-claro","17":"pa_color-12-gris","18":"pa_color-14-loden","19":"pa_color-15-pistacho","20":"pa_color-17-fucsia","21":"pa_color-2-negro","22":"pa_color-20-burdeos","23":"pa_color-21-grana","24":"pa_color-25-morado","25":"pa_color-26-botella","26":"pa_color-3-crudo","27":"pa_color-31-mostaza","28":"pa_color-35-rosa-chicle","29":"pa_color-37-vison","30":"pa_color-38-gris","31":"pa_color-39-tejano","32":"pa_color-42-rosa","33":"pa_color-43-camel","34":"pa_color-44-azulina","35":"pa_color-45-rosado","36":"pa_color-46-naranja","37":"pa_color-47-crema","38":"pa_color-48-verde-agua","39":"pa_color-49-esmeralda","40":"pa_color-5-marino","41":"pa_color-50-menta","42":"pa_color-51-azul-verdoso","43":"pa_color-52-maquillaje","44":"pa_color-53-rosado-oscuro","45":"pa_color-54-marron","46":"pa_color-55-celeste","47":"pa_color-56-verde-militar","48":"pa_color-6-beige","49":"pa_composicion-100-acrilico","50":"pa_marca-katia","51":"pa_temporada-otono-invierno","53":"first","54":"instock","55":"taxable","56":"shipping-taxable","57":"purchasable","58":"product-type-variable"},"_links":{"self":[{"href":"https:\/\/molalalana.es\/tienda\/wp-json\/wp\/v2\/product\/6514","targetHints":{"allow":["GET"]}}],"collection":[{"href":"https:\/\/molalalana.es\/tienda\/wp-json\/wp\/v2\/product"}],"about":[{"href":"https:\/\/molalalana.es\/tienda\/wp-json\/wp\/v2\/types\/product"}],"replies":[{"embeddable":true,"href":"https:\/\/molalalana.es\/tienda\/wp-json\/wp\/v2\/comments?post=6514"}],"wp:featuredmedia":[{"embeddable":true,"href":"https:\/\/molalalana.es\/tienda\/wp-json\/wp\/v2\/media\/6195"}],"wp:attachment":[{"href":"https:\/\/molalalana.es\/tienda\/wp-json\/wp\/v2\/media?parent=6514"}],"wp:term":[{"taxonomy":"product_brand","embeddable":true,"href":"https:\/\/molalalana.es\/tienda\/wp-json\/wp\/v2\/product_brand?post=6514"},{"taxonomy":"product_cat","embeddable":true,"href":"https:\/\/molalalana.es\/tienda\/wp-json\/wp\/v2\/product_cat?post=6514"},{"taxonomy":"product_tag","embeddable":true,"href":"https:\/\/molalalana.es\/tienda\/wp-json\/wp\/v2\/product_tag?post=6514"}],"curies":[{"name":"wp","href":"https:\/\/api.w.org\/{rel}","templated":true}]}}