{"id":7723,"date":"2022-04-26T08:15:58","date_gmt":"2022-04-26T08:15:58","guid":{"rendered":"https:\/\/molalalana.es\/tienda\/producto\/cotton-100\/"},"modified":"2026-04-01T21:12:32","modified_gmt":"2026-04-01T19:12:32","slug":"cotton-100","status":"publish","type":"product","link":"https:\/\/molalalana.es\/tienda\/tienda\/cotton-100\/","title":{"rendered":"COTTON 100%"},"content":{"rendered":"<p>Cotton 100% es un hilo suave y mate disponible en muchos colores lisos. Hilo de algod\u00f3n para hacer alegres chaquetas de ni\u00f1o, frescos jers\u00e9is de punto o chalecos calados de primavera y verano. Con Cotton 100% se pueden realizar originales amigurumis.<\/p>\n\n<div class=\"jet-listing-dynamic-field-block\"data-is-block=\"jet-engine\/dynamic-field\"><div class=\"jet-listing jet-listing-dynamic-field display-inline\"><div class=\"jet-listing-dynamic-field__inline-wrap\"><div class=\"jet-listing-dynamic-field__content\"><div class=\"jet-engine-gallery-grid grid-col-desk-1 grid-col-tablet-3 grid-col-mobile-1\"><div class=\"jet-engine-gallery-grid__item\"><span class=\"jet-engine-gallery-grid__item-wrap jet-engine-gallery-item-wrap\"><img decoding=\"async\" src=\"https:\/\/molalalana.es\/tienda\/wp-content\/uploads\/2022\/04\/Caracteristicas-tecnicas-Cotton-100.jpg\" alt=\"\" class=\"jet-engine-gallery-grid__item-img\"><\/span><\/div><\/div><\/div><\/div><\/div><\/div>\n\n\n<h2 class=\"wp-block-heading has-medium-font-size\">PROYECTOS REALIZADOS<\/h2>\n\n\n<div class=\"jet-listing-dynamic-field-block\"data-is-block=\"jet-engine\/dynamic-field\"><div class=\"jet-listing jet-listing-dynamic-field display-inline\"><div class=\"jet-listing-dynamic-field__inline-wrap\"><div class=\"jet-listing-dynamic-field__content\"><div class=\"jet-engine-gallery-grid grid-col-desk-3 grid-col-tablet-3 grid-col-mobile-1\"><div class=\"jet-engine-gallery-grid__item\"><span class=\"jet-engine-gallery-grid__item-wrap jet-engine-gallery-item-wrap\"><img decoding=\"async\" src=\"https:\/\/molalalana.es\/tienda\/wp-content\/uploads\/2022\/04\/Jersey-estampado-cotton-100.jpg\" alt=\"\" class=\"jet-engine-gallery-grid__item-img\"><\/span><\/div><div class=\"jet-engine-gallery-grid__item\"><span class=\"jet-engine-gallery-grid__item-wrap jet-engine-gallery-item-wrap\"><img decoding=\"async\" src=\"https:\/\/molalalana.es\/tienda\/wp-content\/uploads\/2022\/04\/Cardigan-nina-en-punto-calada-cotton-100.jpg\" alt=\"\" class=\"jet-engine-gallery-grid__item-img\"><\/span><\/div><div class=\"jet-engine-gallery-grid__item\"><span class=\"jet-engine-gallery-grid__item-wrap jet-engine-gallery-item-wrap\"><img decoding=\"async\" src=\"https:\/\/molalalana.es\/tienda\/wp-content\/uploads\/2022\/04\/Pelele-de-verano-estampado-en-cotton-100.jpg\" alt=\"\" class=\"jet-engine-gallery-grid__item-img\"><\/span><\/div><\/div><\/div><\/div><\/div><\/div>\n\n\n<p><\/p>\n","protected":false},"excerpt":{"rendered":"<p>Hilo suave y mate con una inacabable carta de colores para poder escoger el color perfecto<\/p>\n","protected":false},"featured_media":7030,"comment_status":"open","ping_status":"closed","template":"","meta":[],"product_brand":[],"product_cat":[20],"product_tag":[1689,1688,235],"class_list":{"0":"post-7723","1":"product","2":"type-product","3":"status-publish","4":"has-post-thumbnail","6":"product_cat-lanas","7":"product_tag-amigurumis","8":"product_tag-mate","9":"product_tag-suave","10":"pa_color-1-blanco","11":"pa_color-10-piedra","12":"pa_color-12-beige","13":"pa_color-13-hueso","14":"pa_color-14-perla","15":"pa_color-15-gris-medio","16":"pa_color-19-limon","17":"pa_color-2-negro","18":"pa_color-20-pistacho","19":"pa_color-23-turquesa","20":"pa_color-24-fucsia","21":"pa_color-25-morado","22":"pa_color-27-verde-militar","23":"pa_color-3-crudo","24":"pa_color-30-naranja","25":"pa_color-31-coral","26":"pa_color-34-verde-agua","27":"pa_color-35-azul","28":"pa_color-37-beig-claro","29":"pa_color-38-jeans","30":"pa_color-4-rojo","31":"pa_color-40-chicle","32":"pa_color-41-rosa-palo","33":"pa_color-46-jeans-claro","34":"pa_color-47-menta-claro","35":"pa_color-48-agua","36":"pa_color-5-marino","37":"pa_color-50-salmon-rosado","38":"pa_color-51-amarillo","39":"pa_color-54-granate","40":"pa_color-56-melocoton","41":"pa_color-57-marron-claro","42":"pa_color-58-verde-botella","43":"pa_color-59-hierbabuena","44":"pa_color-60-gris-oscuro","45":"pa_color-61-pistacho-claro","46":"pa_color-62-teja-claro","47":"pa_color-63-lima","48":"pa_color-64-teja","49":"pa_color-65-lila-pastel","50":"pa_color-66-verde-pino","51":"pa_color-67-marron-oscuro","52":"pa_color-68-verde-luminoso","53":"pa_color-69-malva-claro","54":"pa_color-8-rosa-bebe","55":"pa_color-9-marron","56":"pa_color-70-marfil","57":"pa_color-71-celeste","58":"pa_composicion-100-algodon","59":"pa_marca-katia","60":"pa_temporada-primavera-verano","62":"first","63":"instock","64":"taxable","65":"shipping-taxable","66":"purchasable","67":"product-type-variable"},"_links":{"self":[{"href":"https:\/\/molalalana.es\/tienda\/wp-json\/wp\/v2\/product\/7723","targetHints":{"allow":["GET"]}}],"collection":[{"href":"https:\/\/molalalana.es\/tienda\/wp-json\/wp\/v2\/product"}],"about":[{"href":"https:\/\/molalalana.es\/tienda\/wp-json\/wp\/v2\/types\/product"}],"replies":[{"embeddable":true,"href":"https:\/\/molalalana.es\/tienda\/wp-json\/wp\/v2\/comments?post=7723"}],"wp:featuredmedia":[{"embeddable":true,"href":"https:\/\/molalalana.es\/tienda\/wp-json\/wp\/v2\/media\/7030"}],"wp:attachment":[{"href":"https:\/\/molalalana.es\/tienda\/wp-json\/wp\/v2\/media?parent=7723"}],"wp:term":[{"taxonomy":"product_brand","embeddable":true,"href":"https:\/\/molalalana.es\/tienda\/wp-json\/wp\/v2\/product_brand?post=7723"},{"taxonomy":"product_cat","embeddable":true,"href":"https:\/\/molalalana.es\/tienda\/wp-json\/wp\/v2\/product_cat?post=7723"},{"taxonomy":"product_tag","embeddable":true,"href":"https:\/\/molalalana.es\/tienda\/wp-json\/wp\/v2\/product_tag?post=7723"}],"curies":[{"name":"wp","href":"https:\/\/api.w.org\/{rel}","templated":true}]}}