{"id":7851,"date":"2022-04-26T08:16:40","date_gmt":"2022-04-26T08:16:40","guid":{"rendered":"https:\/\/molalalana.es\/tienda\/producto\/easy-knit-cotton\/"},"modified":"2026-02-06T21:17:10","modified_gmt":"2026-02-06T19:17:10","slug":"easy-knit-cotton","status":"publish","type":"product","link":"https:\/\/molalalana.es\/tienda\/tienda\/easy-knit-cotton\/","title":{"rendered":"EASY KNIT COTTON"},"content":{"rendered":"<p><strong>Katia Easy Knit Cotton<\/strong>\u00a0es un hilo de algod\u00f3n de grosor XL, perfecto para trabajar accesorios para el hogar. Est\u00e1 indicado para tejer con agujas de 5 a 6 mm de grosor, por lo que es f\u00e1cil y r\u00e1pido de tejer, perfecto para principiantes.<\/p>\n<p>El acabado de este hilo es mate, por lo que podr\u00e1s conseguir acabados de aspecto r\u00fastico. Est\u00e1 compuesto por m\u00faltiples cabos de doble torsi\u00f3n. Es perfecto para crear labores con texturas gracias a su grosor. Adem\u00e1s de ser id\u00f3neo para tejer accesorios podr\u00e1s utilizar este hilo para trabajar prendas de primavera o verano. \u00a1El resultado te sorprender\u00e1!<\/p>\n\n\n<h2 class=\"wp-block-heading\">COMPOSICI\u00d3N<\/h2>\n\n\n\n<ul class=\"wp-block-list\">\n<li>100% Algod\u00f3n<\/li>\n<\/ul>\n\n\n\n<h2 class=\"wp-block-heading\">CARACTER\u00cdSTICAS T\u00c9CNICAS<\/h2>\n\n\n\n<ul class=\"wp-block-list\">\n<li>Cada ovillo contiene 100 gramos y 100 metros.<\/li>\n\n\n\n<li>Su grosor est\u00e1 indicado para tejer con agujas de punto de 5 a 5,5 mm o con ganchillo de 5,5 a 6 mm.<\/li>\n\n\n\n<li>Para realizar una muestra de 10 x 10 cm monta 15 puntos y trabaja 19 vueltas.<\/li>\n\n\n\n<li>Es apto para lavar en lavadora a m\u00e1ximo 30\u00baC.<\/li>\n\n\n\n<li>Es apto para planchar a 110\u00baC como m\u00e1ximo.<\/li>\n\n\n\n<li>No es apto para usar la secadora.<\/li>\n<\/ul>\n\n\n\n<h2 class=\"wp-block-heading\">\u00bfCu\u00e1ntos ovillos necesito para tejer mis labores?<\/h2>\n\n\n\n<ul class=\"wp-block-list\">\n<li>Para tejer un jersey de la talla 42 se necesitan 6 ovillos.<\/li>\n<\/ul>\n\n\n<div class=\"jet-listing-dynamic-field-block\"data-is-block=\"jet-engine\/dynamic-field\"><div class=\"jet-listing jet-listing-dynamic-field display-inline\"><div class=\"jet-listing-dynamic-field__inline-wrap\"><div class=\"jet-listing-dynamic-field__content\"><div class=\"jet-engine-gallery-grid grid-col-desk-1 grid-col-tablet-3 grid-col-mobile-1\"><div class=\"jet-engine-gallery-grid__item\"><span class=\"jet-engine-gallery-grid__item-wrap jet-engine-gallery-item-wrap\"><img decoding=\"async\" src=\"https:\/\/molalalana.es\/tienda\/wp-content\/uploads\/2022\/04\/Caracteristicas-tecnicas-Easy-knit-cotton.jpg\" alt=\"\" class=\"jet-engine-gallery-grid__item-img\"><\/span><\/div><\/div><\/div><\/div><\/div><\/div>\n\n\n<h2 class=\"wp-block-heading has-medium-font-size\">PROYECTOS REALIZADOS<\/h2>\n\n\n<div class=\"jet-listing-dynamic-field-block\"data-is-block=\"jet-engine\/dynamic-field\"><div class=\"jet-listing jet-listing-dynamic-field display-inline\"><div class=\"jet-listing-dynamic-field__inline-wrap\"><div class=\"jet-listing-dynamic-field__content\"><div class=\"jet-engine-gallery-grid grid-col-desk-3 grid-col-tablet-3 grid-col-mobile-1\"><div class=\"jet-engine-gallery-grid__item\"><span class=\"jet-engine-gallery-grid__item-wrap jet-engine-gallery-item-wrap\"><img decoding=\"async\" src=\"https:\/\/molalalana.es\/tienda\/wp-content\/uploads\/2022\/04\/jersey-a-rayas-punto-de-arroz-easy-knit-cotton.jpg\" alt=\"\" class=\"jet-engine-gallery-grid__item-img\"><\/span><\/div><div class=\"jet-engine-gallery-grid__item\"><span class=\"jet-engine-gallery-grid__item-wrap jet-engine-gallery-item-wrap\"><img decoding=\"async\" src=\"https:\/\/molalalana.es\/tienda\/wp-content\/uploads\/2022\/04\/chaqueta-de-hombro-easy-knit-cotton.jpg\" alt=\"\" class=\"jet-engine-gallery-grid__item-img\"><\/span><\/div><div class=\"jet-engine-gallery-grid__item\"><span class=\"jet-engine-gallery-grid__item-wrap jet-engine-gallery-item-wrap\"><img decoding=\"async\" src=\"https:\/\/molalalana.es\/tienda\/wp-content\/uploads\/2022\/04\/Jersey-con-rombos-calados-easy-knit-cotton.jpg\" alt=\"\" class=\"jet-engine-gallery-grid__item-img\"><\/span><\/div><\/div><\/div><\/div><\/div><\/div>\n\n\n<p><\/p>\n","protected":false},"excerpt":{"rendered":"<p>Hilo de algod\u00f3n con gran grosor para tejer de manera sencilla y r\u00e1pida prendas de entretiempo.<\/p>\n","protected":false},"featured_media":7156,"comment_status":"open","ping_status":"closed","template":"","meta":[],"product_brand":[],"product_cat":[20],"product_tag":[1697,1696],"class_list":{"0":"post-7851","1":"product","2":"type-product","3":"status-publish","4":"has-post-thumbnail","6":"product_cat-lanas","7":"product_tag-facil","8":"product_tag-grosor-xl","9":"pa_color-1-blanco","10":"pa_color-10-gris-oscuro","11":"pa_color-11-azulina","12":"pa_color-12-militar","13":"pa_color-13-pistacho","14":"pa_color-14-limon","15":"pa_color-15-mostaza","16":"pa_color-16-mandarina","17":"pa_color-17-teja","18":"pa_color-18-fucsia","19":"pa_color-19-purpura","20":"pa_color-2-negro","21":"pa_color-20-lavanda","22":"pa_color-21-pardo-cobre","23":"pa_color-22-gris-parduzco","24":"pa_color-23-pistacho","25":"pa_color-24-purpura-trafico","26":"pa_color-25-verde-luminoso","27":"pa_color-3-crudo","28":"pa_color-4-rojizo","29":"pa_color-5-marino","30":"pa_color-6-rosa-sucio","31":"pa_color-7-piedra","32":"pa_color-8-beige","33":"pa_color-9-gris-claro","34":"pa_color-26-azul","35":"pa_composicion-100-algodon","36":"pa_marca-katia","37":"pa_temporada-primavera-verano","39":"first","40":"instock","41":"taxable","42":"shipping-taxable","43":"purchasable","44":"product-type-variable"},"_links":{"self":[{"href":"https:\/\/molalalana.es\/tienda\/wp-json\/wp\/v2\/product\/7851","targetHints":{"allow":["GET"]}}],"collection":[{"href":"https:\/\/molalalana.es\/tienda\/wp-json\/wp\/v2\/product"}],"about":[{"href":"https:\/\/molalalana.es\/tienda\/wp-json\/wp\/v2\/types\/product"}],"replies":[{"embeddable":true,"href":"https:\/\/molalalana.es\/tienda\/wp-json\/wp\/v2\/comments?post=7851"}],"wp:featuredmedia":[{"embeddable":true,"href":"https:\/\/molalalana.es\/tienda\/wp-json\/wp\/v2\/media\/7156"}],"wp:attachment":[{"href":"https:\/\/molalalana.es\/tienda\/wp-json\/wp\/v2\/media?parent=7851"}],"wp:term":[{"taxonomy":"product_brand","embeddable":true,"href":"https:\/\/molalalana.es\/tienda\/wp-json\/wp\/v2\/product_brand?post=7851"},{"taxonomy":"product_cat","embeddable":true,"href":"https:\/\/molalalana.es\/tienda\/wp-json\/wp\/v2\/product_cat?post=7851"},{"taxonomy":"product_tag","embeddable":true,"href":"https:\/\/molalalana.es\/tienda\/wp-json\/wp\/v2\/product_tag?post=7851"}],"curies":[{"name":"wp","href":"https:\/\/api.w.org\/{rel}","templated":true}]}}