{"id":7903,"date":"2022-04-26T08:16:55","date_gmt":"2022-04-26T08:16:55","guid":{"rendered":"https:\/\/molalalana.es\/tienda\/producto\/fama\/"},"modified":"2026-04-01T21:09:37","modified_gmt":"2026-04-01T19:09:37","slug":"fama","status":"publish","type":"product","link":"https:\/\/molalalana.es\/tienda\/tienda\/fama\/","title":{"rendered":"FAMA"},"content":{"rendered":"<p><strong>Fama de lanas Katia<\/strong>\u00a0es una lana de la gama de los b\u00e1sicos de esta marca, con un grosor fino disponible en much\u00edsimos colores para que idees todo tipo de labores y manualidades con diferentes combinaciones.<\/p>\n<p>Fama es una de las lanas b\u00e1sicas que nos ofrece Katia en una gran variedad de colores. Es muy utilizada para diferentes labores, como granny squares muy coloridos y divertidos, as\u00ed como jers\u00e9is, bufandas, cuellos, chalecos y muchas prendas m\u00e1s. Es una lana de las que puedes utilizar para todo tipo de labores.<\/p>\n<p>Puedes elegir el color que m\u00e1s te guste entre toda su diversidad de colores disponibles.<\/p>\n<h2>La lana Katia Fama est\u00e1 compuesta por:<\/h2>\n<ul>\n<li>Es una lana 100% acr\u00edlica. Proporciona un tacto realmente suave y agradable.<\/li>\n<\/ul>\n<p>Adem\u00e1s de poder tejer ropa para ti, puedes tejer accesorios para el hogar. \u00a1Tiene un precio muy econ\u00f3mico!<\/p>\n\n\n<h2 class=\"wp-block-heading\">CARACTERISTICAS TECNICAS<\/h2>\n\n\n\n<ul class=\"wp-block-list\">\n<li>Cada ovillo tiene 100 gramos y 340 metros. <\/li>\n\n\n\n<li>Este hilo es de grosor fino, recomendamos usar agujas del 3-3,5. <\/li>\n\n\n\n<li>Para realizar un jersey de mujer de manga larga talla 42 se necesitan 4 ovillos. <\/li>\n\n\n\n<li>Para la muestra 10&#215;10 cm trabajar 25 puntos y 32 vueltas. Lavable a m\u00e1quina hasta 30\u00baC. <\/li>\n\n\n\n<li>No usar secadora.<\/li>\n<\/ul>\n\n\n<div class=\"jet-listing-dynamic-field-block\"data-is-block=\"jet-engine\/dynamic-field\"><div class=\"jet-listing jet-listing-dynamic-field display-inline\"><div class=\"jet-listing-dynamic-field__inline-wrap\"><div class=\"jet-listing-dynamic-field__content\"><div class=\"jet-engine-gallery-grid grid-col-desk-1 grid-col-tablet-3 grid-col-mobile-1\"><div class=\"jet-engine-gallery-grid__item\"><span class=\"jet-engine-gallery-grid__item-wrap jet-engine-gallery-item-wrap\"><img decoding=\"async\" src=\"https:\/\/molalalana.es\/tienda\/wp-content\/uploads\/2022\/04\/Caracteristicas-tecnicas-fama.jpg\" alt=\"\" class=\"jet-engine-gallery-grid__item-img\"><\/span><\/div><\/div><\/div><\/div><\/div><\/div>\n\n\n<h2 class=\"wp-block-heading has-medium-font-size\">PROYECTOS REALIZADOS<\/h2>\n\n\n<div class=\"jet-listing-dynamic-field-block\"data-is-block=\"jet-engine\/dynamic-field\"><div class=\"jet-listing jet-listing-dynamic-field display-inline\"><div class=\"jet-listing-dynamic-field__inline-wrap\"><div class=\"jet-listing-dynamic-field__content\"><\/div><\/div><\/div><\/div>\n\n\n<p><\/p>\n","protected":false},"excerpt":{"rendered":"<p>Lana acr\u00edlica basica con casi todos los colores imaginables para que tus prendas sean las m\u00e1s variadas.<\/p>\n","protected":false},"featured_media":7267,"comment_status":"open","ping_status":"closed","template":"","meta":[],"product_brand":[],"product_cat":[20],"product_tag":[1698],"class_list":{"0":"post-7903","1":"product","2":"type-product","3":"status-publish","4":"has-post-thumbnail","6":"product_cat-lanas","7":"product_tag-basica","8":"pa_color-160-naranja","9":"pa_color-161-rosa","10":"pa_color-162-billar","11":"pa_color-163-azulina","12":"pa_color-169-frambuesa","13":"pa_color-3204-azul","14":"pa_color-501-blanco","15":"pa_color-506-negro","16":"pa_color-518-marino","17":"pa_color-541-amarillo-pollito","18":"pa_color-556-verde-pastel","19":"pa_color-572-gris-claro","20":"pa_color-579-rubi","21":"pa_color-580-granate","22":"pa_color-583-marron","23":"pa_color-585-lila-claro","24":"pa_color-587-pistacho","25":"pa_color-592-turquesa","26":"pa_color-595-fucsia","27":"pa_color-597-azul-oxford","28":"pa_color-598-verde","29":"pa_color-600-cardenal","30":"pa_color-601-piedra","31":"pa_color-602-beige-claro","32":"pa_color-603-crudo","33":"pa_color-605-rosa-claro","34":"pa_color-606-celeste","35":"pa_color-607-pistacho-claro","36":"pa_color-608-malva","37":"pa_color-609-azul-medio","38":"pa_color-612-loden","39":"pa_color-613-marino","40":"pa_color-614-morado","41":"pa_color-616-esmeralda","42":"pa_color-619-beige-claro","43":"pa_color-620-vison-claro","44":"pa_color-621-gris","45":"pa_color-623-granate","46":"pa_color-7203-cardenal-claro","47":"pa_color-810-rojo","48":"pa_color-812-gris-medio","49":"pa_color-839-mostaza","50":"pa_color-842-turquesa-claro","51":"pa_color-843-lila-oscuro","52":"pa_color-846-beig-mezcla","53":"pa_color-848-rosa-palo","54":"pa_color-852-botella-oscuro","55":"pa_color-853-tejano","56":"pa_color-855-pollito","57":"pa_color-857-turquesa-claro","58":"pa_color-858-salmon","59":"pa_color-859-agua","60":"pa_color-860-maquillaje-claro","61":"pa_color-861-rosa-pastel","62":"pa_color-862-rosa-chicle","63":"pa_color-863-purpura-claro","64":"pa_color-864-rosado-oscuro","65":"pa_color-865-crema","66":"pa_color-866-rata","67":"pa_color-867-verde-agua","68":"pa_color-868-hierbabuena","69":"pa_color-869-lila-azulado","70":"pa_color-870-camel-oscuro","71":"pa_color-871-maquillaje-oscuro","72":"pa_color-872-violeta","73":"pa_color-873-azul-canard","74":"pa_color-874-teja","75":"pa_color-875-verde-militar","76":"pa_color-159-amarillo-huevo","77":"pa_color-876-salmon","78":"pa_color-877-lima","79":"pa_color-878-salvia","80":"pa_color-879-antracita","81":"pa_composicion-50-algodon-50-acrilico","82":"pa_marca-katia","83":"pa_temporada-otono-invierno","85":"first","86":"instock","87":"taxable","88":"shipping-taxable","89":"purchasable","90":"product-type-variable"},"_links":{"self":[{"href":"https:\/\/molalalana.es\/tienda\/wp-json\/wp\/v2\/product\/7903","targetHints":{"allow":["GET"]}}],"collection":[{"href":"https:\/\/molalalana.es\/tienda\/wp-json\/wp\/v2\/product"}],"about":[{"href":"https:\/\/molalalana.es\/tienda\/wp-json\/wp\/v2\/types\/product"}],"replies":[{"embeddable":true,"href":"https:\/\/molalalana.es\/tienda\/wp-json\/wp\/v2\/comments?post=7903"}],"wp:featuredmedia":[{"embeddable":true,"href":"https:\/\/molalalana.es\/tienda\/wp-json\/wp\/v2\/media\/7267"}],"wp:attachment":[{"href":"https:\/\/molalalana.es\/tienda\/wp-json\/wp\/v2\/media?parent=7903"}],"wp:term":[{"taxonomy":"product_brand","embeddable":true,"href":"https:\/\/molalalana.es\/tienda\/wp-json\/wp\/v2\/product_brand?post=7903"},{"taxonomy":"product_cat","embeddable":true,"href":"https:\/\/molalalana.es\/tienda\/wp-json\/wp\/v2\/product_cat?post=7903"},{"taxonomy":"product_tag","embeddable":true,"href":"https:\/\/molalalana.es\/tienda\/wp-json\/wp\/v2\/product_tag?post=7903"}],"curies":[{"name":"wp","href":"https:\/\/api.w.org\/{rel}","templated":true}]}}