{"id":8209,"date":"2022-04-26T10:18:24","date_gmt":"2022-04-26T10:18:24","guid":{"rendered":"https:\/\/molalalana.es\/tienda\/producto\/cotton-merino-fine\/"},"modified":"2026-01-31T14:49:25","modified_gmt":"2026-01-31T12:49:25","slug":"cotton-merino-fine","status":"publish","type":"product","link":"https:\/\/molalalana.es\/tienda\/tienda\/cotton-merino-fine\/","title":{"rendered":"COTTON-MERINO FINE"},"content":{"rendered":"<p>Lana con volumen compuesta por un alma de algod\u00f3n org\u00e1nico tipo cadeneta y la mejor lana Merino. Un hilo vers\u00e1til perfecto tanto para tejer a dos agujas como a ganchillo, en este caso, de 3 mm por su grosor. Como puede lavarse a m\u00e1quina, te recomendamos Cotton-Merino Fine para tejer prendas a los m\u00e1s peque\u00f1os o prendas de diario para ti. Materia prima de gran calidad cuyo algod\u00f3n org\u00e1nico cuenta con el certificado de GOTS (Global Organic Textile Standard).<\/p>\n\n<div class=\"jet-listing-dynamic-field-block\"data-is-block=\"jet-engine\/dynamic-field\"><div class=\"jet-listing jet-listing-dynamic-field display-inline\"><div class=\"jet-listing-dynamic-field__inline-wrap\"><div class=\"jet-listing-dynamic-field__content\"><div class=\"jet-engine-gallery-grid grid-col-desk-1 grid-col-tablet-3 grid-col-mobile-1\"><div class=\"jet-engine-gallery-grid__item\"><span class=\"jet-engine-gallery-grid__item-wrap jet-engine-gallery-item-wrap\"><img decoding=\"async\" src=\"https:\/\/molalalana.es\/tienda\/wp-content\/uploads\/2022\/04\/Caracteristicas-tecnicas-cotton-merino-fine.jpg\" alt=\"\" class=\"jet-engine-gallery-grid__item-img\"><\/span><\/div><\/div><\/div><\/div><\/div><\/div>\n\n\n<h2 class=\"wp-block-heading has-medium-font-size\">PROYECTOS REALIZADOS<\/h2>\n\n\n<div class=\"jet-listing-dynamic-field-block\"data-is-block=\"jet-engine\/dynamic-field\"><div class=\"jet-listing jet-listing-dynamic-field display-inline\"><div class=\"jet-listing-dynamic-field__inline-wrap\"><div class=\"jet-listing-dynamic-field__content\"><div class=\"jet-engine-gallery-grid grid-col-desk-3 grid-col-tablet-3 grid-col-mobile-1\"><div class=\"jet-engine-gallery-grid__item\"><span class=\"jet-engine-gallery-grid__item-wrap jet-engine-gallery-item-wrap\"><img decoding=\"async\" src=\"https:\/\/molalalana.es\/tienda\/wp-content\/uploads\/2022\/04\/Rebeca-calada-nina-cotton-merino-fine.jpg\" alt=\"\" class=\"jet-engine-gallery-grid__item-img\"><\/span><\/div><div class=\"jet-engine-gallery-grid__item\"><span class=\"jet-engine-gallery-grid__item-wrap jet-engine-gallery-item-wrap\"><img decoding=\"async\" src=\"https:\/\/molalalana.es\/tienda\/wp-content\/uploads\/2022\/04\/Jersey-cuello-alto-nino-cotton-merino-fine.jpg\" alt=\"\" class=\"jet-engine-gallery-grid__item-img\"><\/span><\/div><div class=\"jet-engine-gallery-grid__item\"><span class=\"jet-engine-gallery-grid__item-wrap jet-engine-gallery-item-wrap\"><img decoding=\"async\" src=\"https:\/\/molalalana.es\/tienda\/wp-content\/uploads\/2022\/04\/sueter-primera-puesta-bebe-cotton-merino-fine.jpg\" alt=\"\" class=\"jet-engine-gallery-grid__item-img\"><\/span><\/div><\/div><\/div><\/div><\/div><\/div>\n\n\n<p><\/p>\n","protected":false},"excerpt":{"rendered":"<p>Lana fina con volumen con un alma de algod\u00f3n org\u00e1ncio y la meor lana Merino. Excelente para tejer prendas de usuo diario.<\/p>\n","protected":false},"featured_media":7083,"comment_status":"open","ping_status":"closed","template":"","meta":[],"product_brand":[],"product_cat":[20],"product_tag":[734,1692],"class_list":{"0":"post-8209","1":"product","2":"type-product","3":"status-publish","4":"has-post-thumbnail","6":"product_cat-lanas","7":"product_tag-algodon","8":"product_tag-organico","9":"pa_color-80-crudo","10":"pa_color-81-piel","11":"pa_color-82-mandarina","12":"pa_color-83-limon","13":"pa_color-84-agua","14":"pa_color-85-celeste","15":"pa_color-86-morado","16":"pa_color-87-malva","17":"pa_color-88-rosa-palo","18":"pa_color-89-rojizo","19":"pa_color-90-naranja","20":"pa_color-91-amarillo","21":"pa_color-92-militar","22":"pa_color-93-canard","23":"pa_color-94-azul-royal","24":"pa_color-95-petroleo","25":"pa_color-96-berenjena","26":"pa_color-97-gris-azulado","27":"pa_color-98-rosa-sucio","28":"pa_color-99-rosado-oscuro","29":"pa_composicion-70-algodon-organico-gots-30-lana","30":"pa_marca-katia","31":"pa_temporada-otono-invierno","33":"first","34":"instock","35":"taxable","36":"shipping-taxable","37":"purchasable","38":"product-type-variable","39":"has-default-attributes"},"_links":{"self":[{"href":"https:\/\/molalalana.es\/tienda\/wp-json\/wp\/v2\/product\/8209","targetHints":{"allow":["GET"]}}],"collection":[{"href":"https:\/\/molalalana.es\/tienda\/wp-json\/wp\/v2\/product"}],"about":[{"href":"https:\/\/molalalana.es\/tienda\/wp-json\/wp\/v2\/types\/product"}],"replies":[{"embeddable":true,"href":"https:\/\/molalalana.es\/tienda\/wp-json\/wp\/v2\/comments?post=8209"}],"wp:featuredmedia":[{"embeddable":true,"href":"https:\/\/molalalana.es\/tienda\/wp-json\/wp\/v2\/media\/7083"}],"wp:attachment":[{"href":"https:\/\/molalalana.es\/tienda\/wp-json\/wp\/v2\/media?parent=8209"}],"wp:term":[{"taxonomy":"product_brand","embeddable":true,"href":"https:\/\/molalalana.es\/tienda\/wp-json\/wp\/v2\/product_brand?post=8209"},{"taxonomy":"product_cat","embeddable":true,"href":"https:\/\/molalalana.es\/tienda\/wp-json\/wp\/v2\/product_cat?post=8209"},{"taxonomy":"product_tag","embeddable":true,"href":"https:\/\/molalalana.es\/tienda\/wp-json\/wp\/v2\/product_tag?post=8209"}],"curies":[{"name":"wp","href":"https:\/\/api.w.org\/{rel}","templated":true}]}}