{"id":827,"date":"2022-01-08T13:45:37","date_gmt":"2022-01-08T13:45:37","guid":{"rendered":"https:\/\/molalalana.es\/tenda\/producto\/azulejo\/"},"modified":"2025-08-23T11:30:33","modified_gmt":"2025-08-23T09:30:33","slug":"azulejo","status":"publish","type":"product","link":"https:\/\/molalalana.es\/tienda\/tienda\/azulejo\/","title":{"rendered":"AZULEJO"},"content":{"rendered":"<p>Lana fantas\u00eda con una base de suave mecha salpicada con sutiles puntos multicolor. Teje jers\u00e9is de mujer con trenzas y cuello alto, as\u00ed como chaquetas de punto largas con solapas con Katia Azulejo. Esta vers\u00e1til lana es perfecta para tejer cardigans y su\u00e9teres de ni\u00f1os gracias a su facilidad de lavado.<\/p>\n\n<div class=\"jet-listing-dynamic-field-block\"data-is-block=\"jet-engine\/dynamic-field\"><div class=\"jet-listing jet-listing-dynamic-field display-inline\"><div class=\"jet-listing-dynamic-field__inline-wrap\"><div class=\"jet-listing-dynamic-field__content\"><div class=\"jet-engine-gallery-grid grid-col-desk-1 grid-col-tablet-3 grid-col-mobile-1\"><div class=\"jet-engine-gallery-grid__item\"><span class=\"jet-engine-gallery-grid__item-wrap jet-engine-gallery-item-wrap\"><img decoding=\"async\" src=\"https:\/\/molalalana.es\/tienda\/wp-content\/uploads\/2022\/01\/Caracteristicas-Azulejo.jpg\" alt=\"\" class=\"jet-engine-gallery-grid__item-img\"><\/span><\/div><\/div><\/div><\/div><\/div><\/div>\n\n\n<h2 class=\"wp-block-heading has-medium-font-size\">PROYECTOS REALIZADOS<\/h2>\n\n\n<div class=\"jet-listing-dynamic-field-block\"data-is-block=\"jet-engine\/dynamic-field\"><div class=\"jet-listing jet-listing-dynamic-field display-inline\"><div class=\"jet-listing-dynamic-field__inline-wrap\"><div class=\"jet-listing-dynamic-field__content\"><div class=\"jet-engine-gallery-grid grid-col-desk-3 grid-col-tablet-3 grid-col-mobile-1\"><div class=\"jet-engine-gallery-grid__item\"><span class=\"jet-engine-gallery-grid__item-wrap jet-engine-gallery-item-wrap\"><img decoding=\"async\" src=\"https:\/\/molalalana.es\/tienda\/wp-content\/uploads\/2022\/01\/vestido-manga-larga-lana-azulejo.jpg\" alt=\"\" class=\"jet-engine-gallery-grid__item-img\"><\/span><\/div><div class=\"jet-engine-gallery-grid__item\"><span class=\"jet-engine-gallery-grid__item-wrap jet-engine-gallery-item-wrap\"><img decoding=\"async\" src=\"https:\/\/molalalana.es\/tienda\/wp-content\/uploads\/2022\/01\/Abrigo-largo-con-punos-vueltos-lana-azulejo.jpg\" alt=\"\" class=\"jet-engine-gallery-grid__item-img\"><\/span><\/div><div class=\"jet-engine-gallery-grid__item\"><span class=\"jet-engine-gallery-grid__item-wrap jet-engine-gallery-item-wrap\"><img decoding=\"async\" src=\"https:\/\/molalalana.es\/tienda\/wp-content\/uploads\/2022\/01\/Jersy-con-trenzas-azulejo.jpg\" alt=\"\" class=\"jet-engine-gallery-grid__item-img\"><\/span><\/div><\/div><\/div><\/div><\/div><\/div>\n\n\n<p><\/p>\n","protected":false},"excerpt":{"rendered":"<p>Lana fantas\u00eda con una base de suave mecha salpicada con sutiles puntos multicolor<\/p>\n","protected":false},"featured_media":533,"comment_status":"open","ping_status":"closed","template":"","meta":[],"product_brand":[],"product_cat":[20],"product_tag":[241,243,244],"class_list":{"0":"post-827","1":"product","2":"type-product","3":"status-publish","4":"has-post-thumbnail","6":"product_cat-lanas","7":"product_tag-fantasia","8":"product_tag-mecha","9":"product_tag-multicolor","10":"pa_color-300-chicle-rosas-vison","11":"pa_color-301-beige-azules-lima","12":"pa_color-302-piedra-marrones","13":"pa_color-303-crudo-pasteles","14":"pa_color-304-gris-grises-rojizos","15":"pa_color-305-azul-verdes-azules","16":"pa_color-306-lima-etnicos","17":"pa_color-307-agua-morados-naranja","18":"pa_color-308-limon-lilas-verde","19":"pa_color-309-rosa-rostados-verdes","20":"pa_color-310-perla-jeans-ocre","21":"pa_color-400-jeans-parchis","22":"pa_color-401-lila-pet-rosas","23":"pa_color-402-negro-beiges-naranja","24":"pa_color-403-vison-camel-rosas","25":"pa_color-404-kaki-etnicos","26":"pa_color-405-ocre-petro-camels","27":"pa_color-406-teja-morados-rojo","28":"pa_color-407-rojo-vivos-nina","29":"pa_color-408-petroleo-malva-paste","30":"pa_color-409-burdeos-camel-rojos","31":"pa_color-410-pardo-fucsias-petrol","32":"pa_color-411-naranja-fucsia-azule","33":"pa_composicion-65-acrilico-17-poliamida-11-lana-7-alpaca","34":"pa_marca-katia","35":"pa_temporada-otono-invierno","37":"first","38":"instock","39":"sale","40":"taxable","41":"shipping-taxable","42":"purchasable","43":"product-type-variable"},"_links":{"self":[{"href":"https:\/\/molalalana.es\/tienda\/wp-json\/wp\/v2\/product\/827","targetHints":{"allow":["GET"]}}],"collection":[{"href":"https:\/\/molalalana.es\/tienda\/wp-json\/wp\/v2\/product"}],"about":[{"href":"https:\/\/molalalana.es\/tienda\/wp-json\/wp\/v2\/types\/product"}],"replies":[{"embeddable":true,"href":"https:\/\/molalalana.es\/tienda\/wp-json\/wp\/v2\/comments?post=827"}],"wp:featuredmedia":[{"embeddable":true,"href":"https:\/\/molalalana.es\/tienda\/wp-json\/wp\/v2\/media\/533"}],"wp:attachment":[{"href":"https:\/\/molalalana.es\/tienda\/wp-json\/wp\/v2\/media?parent=827"}],"wp:term":[{"taxonomy":"product_brand","embeddable":true,"href":"https:\/\/molalalana.es\/tienda\/wp-json\/wp\/v2\/product_brand?post=827"},{"taxonomy":"product_cat","embeddable":true,"href":"https:\/\/molalalana.es\/tienda\/wp-json\/wp\/v2\/product_cat?post=827"},{"taxonomy":"product_tag","embeddable":true,"href":"https:\/\/molalalana.es\/tienda\/wp-json\/wp\/v2\/product_tag?post=827"}],"curies":[{"name":"wp","href":"https:\/\/api.w.org\/{rel}","templated":true}]}}