{"id":8779,"date":"2022-04-27T15:48:02","date_gmt":"2022-04-27T15:48:02","guid":{"rendered":"https:\/\/molalalana.es\/tienda\/producto\/harmonia\/"},"modified":"2026-03-07T05:16:32","modified_gmt":"2026-03-07T03:16:32","slug":"harmonia","status":"publish","type":"product","link":"https:\/\/molalalana.es\/tienda\/tienda\/harmonia\/","title":{"rendered":"KATIA HARMONIA"},"content":{"rendered":"<p data-start=\"211\" data-end=\"525\">Descubre <strong data-start=\"220\" data-end=\"241\">Harmonia de Katia<\/strong>, un precioso <strong data-start=\"255\" data-end=\"281\">ovillo de algod\u00f3n 100%<\/strong> en <strong data-start=\"285\" data-end=\"305\">edici\u00f3n limitada<\/strong>, ideal para tejer prendas frescas, ligeras y llenas de color. Su efecto <strong data-start=\"378\" data-end=\"409\">degradado suave y armonioso<\/strong> transforma cada labor en una pieza \u00fanica, con transiciones de tonos que aportan un acabado moderno y muy vistoso.<\/p>\n<p data-start=\"527\" data-end=\"857\">Gracias a su <strong data-start=\"540\" data-end=\"574\">composici\u00f3n de algod\u00f3n natural<\/strong>, es perfecto para las temporadas de primavera y verano. Con un solo ovillo puedes crear proyectos completos como un <strong data-start=\"691\" data-end=\"709\">chal veraniego<\/strong>, un <strong data-start=\"714\" data-end=\"737\">top fresco de mujer<\/strong> o incluso <strong data-start=\"748\" data-end=\"786\">prendas c\u00f3modas para ni\u00f1os y beb\u00e9s<\/strong>, siempre con la garant\u00eda de suavidad y transpirabilidad del algod\u00f3n.<\/p>\n<p data-start=\"859\" data-end=\"1129\"><span data-start=\"892\" data-end=\"917\">Con <\/span><strong data-start=\"892\" data-end=\"917\">Katia Harmonia puedes <\/strong>\u00a0disfrutar de un hilo vers\u00e1til que se adapta tanto a <strong data-start=\"972\" data-end=\"981\">punto<\/strong> como a <strong data-start=\"989\" data-end=\"1000\">crochet<\/strong>. Sus <strong data-start=\"1006\" data-end=\"1030\">colores equilibrados<\/strong> son la elecci\u00f3n ideal para quienes buscan creatividad, originalidad y comodidad en cada puntada.<\/p>\n<h2>\u00a0Composici\u00f3n de Katia Harmonia?<\/h2>\n<ul>\n<li>100% Algod\u00f3n<\/li>\n<\/ul>\n<p>Gracias a su composici\u00f3n, este hilo se sentir\u00e1 c\u00f3modo y fresco sobre cualquier tipo de piel.<\/p>\n<h2>\u00bfCu\u00e1ntos ovillos necesito para tejer mis labores?<\/h2>\n<ul>\n<li>Para tejer un chal o pico se necesita 1 solo ovillo.<\/li>\n<li>Para tejer un jersey de mujer en la talla L utiliza 2 ovillos<\/li>\n<\/ul>\n\n\n<h2 class=\"wp-block-heading\">CARACTER\u00cdSTICAS T\u00c9CNICAS<\/h2>\n\n\n\n<ul class=\"wp-block-list\">\n<li>Cada ovillo contiene 150 gramos y 540 metros de hilo.<\/li>\n\n\n\n<li>Su grosor est\u00e1 indicado para trabajar tanto agujas de punto como aguja de ganchillo de 3 a 3,5 mm.<\/li>\n\n\n\n<li>Para realizar un cuadrado de 10 x 10 cm monta 23 puntos y trabaja 30 vueltas.<\/li>\n\n\n\n<li>Es un hilo apto para lavar a m\u00e1quina a 30\u00baC como m\u00e1ximo.<\/li>\n\n\n\n<li>Es apto para usar la plancha.<\/li>\n\n\n\n<li>No se puede usar la secadora.<\/li>\n\n\n\n<li>\u00bfCu\u00e1ntos ovillos necesito para tejer mis labores?<\/li>\n\n\n\n<li>Para tejer un chal o pico se necesita 1 solo ovillo.<\/li>\n\n\n\n<li>Para tejer un jersey de mujer en la talla L utiliza 2 ovillos.<\/li>\n<\/ul>\n\n\n<div class=\"jet-listing-dynamic-field-block\"data-is-block=\"jet-engine\/dynamic-field\"><div class=\"jet-listing jet-listing-dynamic-field display-inline\"><div class=\"jet-listing-dynamic-field__inline-wrap\"><div class=\"jet-listing-dynamic-field__content\"><div class=\"jet-engine-gallery-grid grid-col-desk-1 grid-col-tablet-3 grid-col-mobile-1\"><div class=\"jet-engine-gallery-grid__item\"><span class=\"jet-engine-gallery-grid__item-wrap jet-engine-gallery-item-wrap\"><img decoding=\"async\" src=\"https:\/\/molalalana.es\/tienda\/wp-content\/uploads\/2022\/04\/Especificaciones-tecnicas-harmonia.jpg\" alt=\"\" class=\"jet-engine-gallery-grid__item-img\"><\/span><\/div><\/div><\/div><\/div><\/div><\/div>\n\n\n<h2 class=\"wp-block-heading has-medium-font-size\">PROYECTOS REALIZADOS<\/h2>\n\n\n<div class=\"jet-listing-dynamic-field-block\"data-is-block=\"jet-engine\/dynamic-field\"><div class=\"jet-listing jet-listing-dynamic-field display-inline\"><div class=\"jet-listing-dynamic-field__inline-wrap\"><div class=\"jet-listing-dynamic-field__content\"><div class=\"jet-engine-gallery-grid grid-col-desk-3 grid-col-tablet-3 grid-col-mobile-1\"><div class=\"jet-engine-gallery-grid__item\"><span class=\"jet-engine-gallery-grid__item-wrap jet-engine-gallery-item-wrap\"><img decoding=\"async\" src=\"https:\/\/molalalana.es\/tienda\/wp-content\/uploads\/2022\/04\/top-ninos-harmonia.jpg\" alt=\"\" class=\"jet-engine-gallery-grid__item-img\"><\/span><\/div><div class=\"jet-engine-gallery-grid__item\"><span class=\"jet-engine-gallery-grid__item-wrap jet-engine-gallery-item-wrap\"><img decoding=\"async\" src=\"https:\/\/molalalana.es\/tienda\/wp-content\/uploads\/2022\/04\/Maxichal-calado-a-ganchillo-harmonia.jpg\" alt=\"\" class=\"jet-engine-gallery-grid__item-img\"><\/span><\/div><div class=\"jet-engine-gallery-grid__item\"><span class=\"jet-engine-gallery-grid__item-wrap jet-engine-gallery-item-wrap\"><img decoding=\"async\" src=\"https:\/\/molalalana.es\/tienda\/wp-content\/uploads\/2022\/04\/vestido-mujer-harmonia.jpg\" alt=\"\" class=\"jet-engine-gallery-grid__item-img\"><\/span><\/div><\/div><\/div><\/div><\/div><\/div>\n\n\n<p><\/p>\n\n\n\n<p>\u00a1Deja volar tu creatividad! A\u00f1ade Katia Harmonia a tu carrito y empieza hoy mismo tu pr\u00f3ximo proyecto lleno de color.<\/p>\n\n\n\n<p><\/p>\n","protected":false},"excerpt":{"rendered":"<p>Harmonia de Katia es un hilo en ovillos de edici\u00f3n limitada que combina a la perfecci\u00f3n color y suavidad. Su dise\u00f1o \u00fanico con efecto degradado permite crear prendas modernas y originales, con cambios de tono suaves y armoniosos.<\/p>\n","protected":false},"featured_media":8507,"comment_status":"open","ping_status":"closed","template":"","meta":[],"product_brand":[],"product_cat":[20,3339],"product_tag":[3515,3516,244,235],"class_list":{"0":"post-8779","1":"product","2":"type-product","3":"status-publish","4":"has-post-thumbnail","6":"product_cat-lanas","7":"product_cat-primavera-verano-lanas","8":"product_tag-efecto-degradado","9":"product_tag-ligero-y-resistente","10":"product_tag-multicolor","11":"product_tag-suave","12":"pa_color-206-pasteles-vison","13":"pa_color-207-parchis-marino","14":"pa_color-208-rojizos-aguas","15":"pa_color-209-verdes-agua-huevo","16":"pa_color-210-vison-ocre-jeans","17":"pa_color-211-rojo-salmon-verd-azu","18":"pa_color-212-lila-amarillo-gris","19":"pa_color-213-rosas-ocre-azules","20":"pa_color-214-azulina-beige-fucsia","21":"pa_color-215-ocre-morado-agua","22":"pa_color-216-ocre-marron-turquesa","23":"pa_composicion-100-algodon","24":"pa_marca-katia","25":"pa_temporada-primavera-verano","27":"first","28":"instock","29":"sale","30":"taxable","31":"shipping-taxable","32":"purchasable","33":"product-type-variable"},"_links":{"self":[{"href":"https:\/\/molalalana.es\/tienda\/wp-json\/wp\/v2\/product\/8779","targetHints":{"allow":["GET"]}}],"collection":[{"href":"https:\/\/molalalana.es\/tienda\/wp-json\/wp\/v2\/product"}],"about":[{"href":"https:\/\/molalalana.es\/tienda\/wp-json\/wp\/v2\/types\/product"}],"replies":[{"embeddable":true,"href":"https:\/\/molalalana.es\/tienda\/wp-json\/wp\/v2\/comments?post=8779"}],"wp:featuredmedia":[{"embeddable":true,"href":"https:\/\/molalalana.es\/tienda\/wp-json\/wp\/v2\/media\/8507"}],"wp:attachment":[{"href":"https:\/\/molalalana.es\/tienda\/wp-json\/wp\/v2\/media?parent=8779"}],"wp:term":[{"taxonomy":"product_brand","embeddable":true,"href":"https:\/\/molalalana.es\/tienda\/wp-json\/wp\/v2\/product_brand?post=8779"},{"taxonomy":"product_cat","embeddable":true,"href":"https:\/\/molalalana.es\/tienda\/wp-json\/wp\/v2\/product_cat?post=8779"},{"taxonomy":"product_tag","embeddable":true,"href":"https:\/\/molalalana.es\/tienda\/wp-json\/wp\/v2\/product_tag?post=8779"}],"curies":[{"name":"wp","href":"https:\/\/api.w.org\/{rel}","templated":true}]}}