{"id":8859,"date":"2022-04-27T15:48:29","date_gmt":"2022-04-27T15:48:29","guid":{"rendered":"https:\/\/molalalana.es\/tienda\/producto\/kaleido\/"},"modified":"2024-08-31T13:38:27","modified_gmt":"2024-08-31T11:38:27","slug":"kaleido","status":"publish","type":"product","link":"https:\/\/molalalana.es\/tienda\/tienda\/kaleido\/","title":{"rendered":"KALEIDO"},"content":{"rendered":"<p>Suave y esponjosa lana tipo mecha. Logra mullidas prendas con Kirei, una lana 100% merino superwash. Crea con estos ovillos de alto rendimiento y agujas del 5, jers\u00e9is de tonos naturales perfectos para tu d\u00eda a d\u00eda<\/p>\n\n<div class=\"jet-listing-dynamic-field-block\"data-is-block=\"jet-engine\/dynamic-field\"><div class=\"jet-listing jet-listing-dynamic-field display-inline\"><div class=\"jet-listing-dynamic-field__inline-wrap\"><div class=\"jet-listing-dynamic-field__content\"><div class=\"jet-engine-gallery-grid grid-col-desk-1 grid-col-tablet-3 grid-col-mobile-1\"><div class=\"jet-engine-gallery-grid__item\"><span class=\"jet-engine-gallery-grid__item-wrap jet-engine-gallery-item-wrap\"><img decoding=\"async\" src=\"https:\/\/molalalana.es\/tienda\/wp-content\/uploads\/2022\/04\/Especificaciones-tecnicas-lana-kaleido.jpg\" alt=\"\" class=\"jet-engine-gallery-grid__item-img\"><\/span><\/div><\/div><\/div><\/div><\/div><\/div>\n\n\n<h2 class=\"wp-block-heading has-medium-font-size\">PROYECTOS REALIZADOS<\/h2>\n\n\n<div class=\"jet-listing-dynamic-field-block\"data-is-block=\"jet-engine\/dynamic-field\"><div class=\"jet-listing jet-listing-dynamic-field display-inline\"><div class=\"jet-listing-dynamic-field__inline-wrap\"><div class=\"jet-listing-dynamic-field__content\"><div class=\"jet-engine-gallery-grid grid-col-desk-3 grid-col-tablet-3 grid-col-mobile-1\"><div class=\"jet-engine-gallery-grid__item\"><span class=\"jet-engine-gallery-grid__item-wrap jet-engine-gallery-item-wrap\"><img decoding=\"async\" src=\"https:\/\/molalalana.es\/tienda\/wp-content\/uploads\/2022\/04\/chal-de-medialuna-kaleido.jpg\" alt=\"\" class=\"jet-engine-gallery-grid__item-img\"><\/span><\/div><div class=\"jet-engine-gallery-grid__item\"><span class=\"jet-engine-gallery-grid__item-wrap jet-engine-gallery-item-wrap\"><img decoding=\"async\" src=\"https:\/\/molalalana.es\/tienda\/wp-content\/uploads\/2022\/04\/bufanda-mujer-lana-kaleido.jpg\" alt=\"\" class=\"jet-engine-gallery-grid__item-img\"><\/span><\/div><div class=\"jet-engine-gallery-grid__item\"><span class=\"jet-engine-gallery-grid__item-wrap jet-engine-gallery-item-wrap\"><img decoding=\"async\" src=\"https:\/\/molalalana.es\/tienda\/wp-content\/uploads\/2022\/04\/chal-mujer-kaleido.jpg\" alt=\"\" class=\"jet-engine-gallery-grid__item-img\"><\/span><\/div><\/div><\/div><\/div><\/div><\/div>\n\n\n<p><\/p>\n","protected":false},"excerpt":{"rendered":"<p>Lana tipo mecha natural muy suave y esponjosa<\/p>\n","protected":false},"featured_media":8597,"comment_status":"open","ping_status":"closed","template":"","meta":[],"product_brand":[],"product_cat":[20],"product_tag":[1849,243,1852],"class_list":{"0":"post-8859","1":"product","2":"type-product","3":"status-publish","4":"has-post-thumbnail","6":"product_cat-lanas","7":"product_tag-esponjosa","8":"product_tag-mecha","9":"product_tag-superwash","10":"pa_color-300-rojo-gris-ocre","11":"pa_color-301-marrones-grises","12":"pa_color-302-azules-grrises","13":"pa_color-303-verdes-marrons-turq","14":"pa_color-304-camels-kaki-azules","15":"pa_color-305-ocre-tostado-petrole","16":"pa_color-306-acidos-azules-lila","17":"pa_color-307-pasteles","18":"pa_color-308-burdeos-gris-naranja","19":"pa_color-309-kakis-naranjas","20":"pa_color-310-turquesas-lilas","21":"pa_composicion-10-alpaca","22":"pa_composicion-100-acrilico","23":"pa_composicion-100-algodon","24":"pa_composicion-100-algodon-organico-gots","25":"pa_composicion-100-angora","26":"pa_composicion-100-hihland-peruvian-wool","27":"pa_composicion-100-lana","28":"pa_composicion-100-lana-virgen","29":"pa_composicion-100-merino-superwash","30":"pa_composicion-100-poliamida","31":"pa_composicion-100-poliester","32":"pa_composicion-100-viscosa","33":"pa_composicion-29-algodon-25-alpaca-25-lana-21-poliamida","34":"pa_composicion-35-poliamida-23-alpaca-23-mohair-19-poliester","35":"pa_composicion-39-viscosa-38-poliester-16-algodon-7-poliamida","36":"pa_composicion-40-lana-40-acrilico-12-algodon-8-poliamida","37":"pa_composicion-40-lana-40-acrilico-20-poliamida","38":"pa_composicion-40-merino-superwash","39":"pa_composicion-42-poliester-40-poliamida-18-viscosa","40":"pa_composicion-45-algodon-42-lana-13-poliamida","41":"pa_composicion-46-lana-46-acrilico-8-poliamida","42":"pa_composicion-47-lana-47-acrilico-6-viscosa","43":"pa_composicion-47-lana-virgen-40-algodon-13-poliamida","44":"pa_composicion-50-acrilico-50-poliamida","45":"pa_composicion-50-algodon-47-poliester-3-otras-fibras","46":"pa_composicion-50-algodon-50-acrilico","47":"pa_composicion-50-algodon-50-poliester","48":"pa_composicion-50-algodon-17-poliester-16-poliamida-10-wool-7-alpaca","49":"pa_composicion-50-bambu","50":"pa_composicion-50-lana-25-algodon-15-poliamida-10-mohair","51":"pa_composicion-50-lana-50-acrilico","52":"pa_composicion-50-merino-superwash-50-algodon","53":"pa_composicion-50-merino-superwash-50-algodon-organico","54":"pa_composicion-50-modal-50-acrilico","55":"pa_composicion-50-poliamida-50-acrilico","56":"pa_composicion-50-superfine-alpaca-50-lana","57":"pa_composicion-52-lana-45-acrilico-3-poliester","58":"pa_composicion-52-lana-48-acrilico","59":"pa_composicion-52-lana-virgen-48-acrilico","60":"pa_composicion-53-acrilico-30-algodon-10-lana-7-alpaca","61":"pa_composicion-53-algodon-reciclado-rcs-25-lana-22-poliester-reciclado-rcs","62":"pa_composicion-53-lana-47-acrilico","63":"pa_composicion-55-acrilico-22-poliamida-11-lana-8-alpaca-4-poliester","64":"pa_composicion-55-lana-virgen-45-acrilico","65":"pa_composicion-56-algodon-22-lino-22-viscosa","66":"pa_composicion-60-algodon-40-acrilico","67":"pa_composicion-60-algodon-40-viscosa","68":"pa_composicion-60-poliamida-40-poliester","69":"pa_composicion-60-poliester-40-algodon","70":"pa_composicion-65-acrilico-17-poliamida-11-lana-7-alpaca","71":"pa_composicion-65-algodon-25-poliester-10-otras-fibras","72":"pa_composicion-67-algodon-reciclado-30-poliester-reciclado-3-poliamida","73":"pa_composicion-67-lana-33-poliamida","74":"pa_composicion-68-acrilico-15-lana-10-poliester-7-alpaca","75":"pa_composicion-68-algodon-32-poliamida","76":"pa_composicion-70-acrilico-30-lana","77":"pa_composicion-70-algodon-30-lana-virgen","78":"pa_composicion-70-algodon-30-poliamida","79":"pa_composicion-70-algodon-30-poliester","80":"pa_composicion-70-algodon-organico-gots-30-lana","81":"pa_composicion-70-poliester-30-viscosa","82":"pa_composicion-75-acrilico-15-lana-10-alpaca","83":"pa_composicion-75-acrilico-25-lana-virgen","84":"pa_composicion-75-algodon-18-viscosa-7-poliester","85":"pa_composicion-75-algodon-25-poliamida","86":"pa_composicion-75-lana-25-poliamida","87":"pa_composicion-75-lana-virgen-25-poliamida","88":"pa_composicion-77-algodon-reciclado-10-poliester-reciclado-13-poliamida","89":"pa_composicion-77-viscosa-15-poliamida-8-poliester","90":"pa_composicion-78-mohair-13-poliamida-9-lana-virgen","91":"pa_composicion-78-viscosa-22-poliamida","92":"pa_composicion-80-acrilico-10-mohair-10-lana","93":"pa_composicion-80-acrilico-10-mohair-10-poliamida","94":"pa_composicion-80-acrilico-15-lana-5-viscosa","95":"pa_composicion-80-acrilico-20-lana","96":"pa_composicion-80-acrilico-20-poliamida","97":"pa_composicion-80-poliamida-20-poliester","98":"pa_composicion-85-lana-15-alpaca","99":"pa_composicion-88-viscosa-12-poliester","100":"pa_composicion-89-algodon-11-poliester-reciclado","101":"pa_composicion-90-algodon-9-poliester-1-poliamida","102":"pa_composicion-94-lana-6-seda","103":"pa_composicion-95-algodon-reciclado-5-otras-fibras","104":"pa_composicion-96-viscosa-3-poliester-1-poliamida","105":"pa_composicion-97-acrilico-3-poliester","106":"pa_composicion-97-viscosa-2-poliester-1-poliamida","107":"pa_marca-katia","108":"pa_temporada-otono-invierno","110":"first","111":"outofstock","112":"taxable","113":"shipping-taxable","114":"product-type-variable","115":"has-default-attributes"},"_links":{"self":[{"href":"https:\/\/molalalana.es\/tienda\/wp-json\/wp\/v2\/product\/8859","targetHints":{"allow":["GET"]}}],"collection":[{"href":"https:\/\/molalalana.es\/tienda\/wp-json\/wp\/v2\/product"}],"about":[{"href":"https:\/\/molalalana.es\/tienda\/wp-json\/wp\/v2\/types\/product"}],"replies":[{"embeddable":true,"href":"https:\/\/molalalana.es\/tienda\/wp-json\/wp\/v2\/comments?post=8859"}],"wp:featuredmedia":[{"embeddable":true,"href":"https:\/\/molalalana.es\/tienda\/wp-json\/wp\/v2\/media\/8597"}],"wp:attachment":[{"href":"https:\/\/molalalana.es\/tienda\/wp-json\/wp\/v2\/media?parent=8859"}],"wp:term":[{"taxonomy":"product_brand","embeddable":true,"href":"https:\/\/molalalana.es\/tienda\/wp-json\/wp\/v2\/product_brand?post=8859"},{"taxonomy":"product_cat","embeddable":true,"href":"https:\/\/molalalana.es\/tienda\/wp-json\/wp\/v2\/product_cat?post=8859"},{"taxonomy":"product_tag","embeddable":true,"href":"https:\/\/molalalana.es\/tienda\/wp-json\/wp\/v2\/product_tag?post=8859"}],"curies":[{"name":"wp","href":"https:\/\/api.w.org\/{rel}","templated":true}]}}