{"id":9392,"date":"2022-04-28T10:00:39","date_gmt":"2022-04-28T10:00:39","guid":{"rendered":"https:\/\/molalalana.es\/tienda\/producto\/merino-100\/"},"modified":"2024-06-26T20:14:08","modified_gmt":"2024-06-26T18:14:08","slug":"merino-100","status":"publish","type":"product","link":"https:\/\/molalalana.es\/tienda\/tienda\/merino-100\/","title":{"rendered":"MERINO 100%"},"content":{"rendered":"<p>Merino 100% es un hilo satinado y en gran cantidad de bonitos colores. Lana fabulosa para jers\u00e9is infantiles con dibujos, chaquetas largas y abrigos tejidos a punto para oto\u00f1o e invierno. Merino 100% es espl\u00e9ndido para cojines de ochos y sencillas mantas para la casa.<\/p>\n\n<div class=\"jet-listing-dynamic-field-block\"data-is-block=\"jet-engine\/dynamic-field\"><div class=\"jet-listing jet-listing-dynamic-field display-inline\"><div class=\"jet-listing-dynamic-field__inline-wrap\"><div class=\"jet-listing-dynamic-field__content\"><div class=\"jet-engine-gallery-grid grid-col-desk-1 grid-col-tablet-3 grid-col-mobile-1\"><div class=\"jet-engine-gallery-grid__item\"><span class=\"jet-engine-gallery-grid__item-wrap jet-engine-gallery-item-wrap\"><img decoding=\"async\" src=\"https:\/\/molalalana.es\/tienda\/wp-content\/uploads\/2022\/04\/Caracteristicas-tecnicas-lana-katia-merino-10.jpg\" alt=\"\" class=\"jet-engine-gallery-grid__item-img\"><\/span><\/div><\/div><\/div><\/div><\/div><\/div>\n\n\n<h2 class=\"wp-block-heading has-medium-font-size\">PROYECTOS REALIZADOS<\/h2>\n\n\n<div class=\"jet-listing-dynamic-field-block\"data-is-block=\"jet-engine\/dynamic-field\"><div class=\"jet-listing jet-listing-dynamic-field display-inline\"><div class=\"jet-listing-dynamic-field__inline-wrap\"><div class=\"jet-listing-dynamic-field__content\"><div class=\"jet-engine-gallery-grid grid-col-desk-3 grid-col-tablet-3 grid-col-mobile-1\"><div class=\"jet-engine-gallery-grid__item\"><span class=\"jet-engine-gallery-grid__item-wrap jet-engine-gallery-item-wrap\"><img decoding=\"async\" src=\"https:\/\/molalalana.es\/tienda\/wp-content\/uploads\/2022\/04\/jersey-chevor-lana-merino-100.jpg\" alt=\"\" class=\"jet-engine-gallery-grid__item-img\"><\/span><\/div><div class=\"jet-engine-gallery-grid__item\"><span class=\"jet-engine-gallery-grid__item-wrap jet-engine-gallery-item-wrap\"><img decoding=\"async\" src=\"https:\/\/molalalana.es\/tienda\/wp-content\/uploads\/2022\/04\/sueter-hombre-lana-katia-merino-100.jpg\" alt=\"\" class=\"jet-engine-gallery-grid__item-img\"><\/span><\/div><div class=\"jet-engine-gallery-grid__item\"><span class=\"jet-engine-gallery-grid__item-wrap jet-engine-gallery-item-wrap\"><img decoding=\"async\" src=\"https:\/\/molalalana.es\/tienda\/wp-content\/uploads\/2022\/04\/jersey-mujer-lana-merino-100.jpg\" alt=\"\" class=\"jet-engine-gallery-grid__item-img\"><\/span><\/div><\/div><\/div><\/div><\/div><\/div>\n\n\n<p><\/p>\n","protected":false},"excerpt":{"rendered":"<p>Merino 100% es un hilo satinado y en gran cantidad de bonitos colores<\/p>\n","protected":false},"featured_media":9128,"comment_status":"open","ping_status":"closed","template":"","meta":[],"product_brand":[],"product_cat":[20],"product_tag":[1410],"class_list":{"0":"post-9392","1":"product","2":"type-product","3":"status-publish","4":"has-post-thumbnail","6":"product_cat-lanas","7":"product_tag-satinado","8":"pa_color-1-blanco","9":"pa_color-13-amarillo-anaranjado","10":"pa_color-16-fucsia","11":"pa_color-2-negro","12":"pa_color-20-naranja-quemada","13":"pa_color-23-botella","14":"pa_color-25-burdeos","15":"pa_color-29-pistacho","16":"pa_color-3-crudo","17":"pa_color-34-petroleo","18":"pa_color-37-maquillaje","19":"pa_color-4-rojo","20":"pa_color-40-piedra","21":"pa_color-43-morado","22":"pa_color-48-botella-oscuro","23":"pa_color-49-granate","24":"pa_color-5-marino","25":"pa_color-500-beige-claro","26":"pa_color-501-beige","27":"pa_color-502-vison-oscuro","28":"pa_color-503-gris-oscuro","29":"pa_color-504-gris-medio-melange","30":"pa_color-505-gris-claro","31":"pa_color-51-azulete","32":"pa_color-52-granate","33":"pa_color-53-tejano-oscuro","34":"pa_color-54-verde","35":"pa_color-55-tejano-claro","36":"pa_color-58-tejano","37":"pa_color-62-maquillaje-claro","38":"pa_color-63-limon","39":"pa_color-65-camel","40":"pa_color-67-celeste","41":"pa_color-7-rosa","42":"pa_color-75-agua","43":"pa_color-76-ponche","44":"pa_color-77-purpura","45":"pa_color-78-jeans","46":"pa_color-79-frambuesa","47":"pa_color-8-azul","48":"pa_color-80-purpura-claro","49":"pa_color-81-lila-claro","50":"pa_color-82-vicuna","51":"pa_color-83-crema","52":"pa_color-84-verde-salvia","53":"pa_color-85-rata","54":"pa_color-86-perla","55":"pa_color-87-berenjena","56":"pa_color-88-kaki","57":"pa_color-89-verde-helecho","58":"pa_color-90-gris-medio","59":"pa_color-91-mostaza","60":"pa_color-92-marron","61":"pa_color-93-mandarina","62":"pa_composicion-100-lana-virgen","63":"pa_marca-katia","64":"pa_temporada-otono-invierno","66":"first","67":"instock","68":"taxable","69":"shipping-taxable","70":"purchasable","71":"product-type-variable"},"_links":{"self":[{"href":"https:\/\/molalalana.es\/tienda\/wp-json\/wp\/v2\/product\/9392","targetHints":{"allow":["GET"]}}],"collection":[{"href":"https:\/\/molalalana.es\/tienda\/wp-json\/wp\/v2\/product"}],"about":[{"href":"https:\/\/molalalana.es\/tienda\/wp-json\/wp\/v2\/types\/product"}],"replies":[{"embeddable":true,"href":"https:\/\/molalalana.es\/tienda\/wp-json\/wp\/v2\/comments?post=9392"}],"wp:featuredmedia":[{"embeddable":true,"href":"https:\/\/molalalana.es\/tienda\/wp-json\/wp\/v2\/media\/9128"}],"wp:attachment":[{"href":"https:\/\/molalalana.es\/tienda\/wp-json\/wp\/v2\/media?parent=9392"}],"wp:term":[{"taxonomy":"product_brand","embeddable":true,"href":"https:\/\/molalalana.es\/tienda\/wp-json\/wp\/v2\/product_brand?post=9392"},{"taxonomy":"product_cat","embeddable":true,"href":"https:\/\/molalalana.es\/tienda\/wp-json\/wp\/v2\/product_cat?post=9392"},{"taxonomy":"product_tag","embeddable":true,"href":"https:\/\/molalalana.es\/tienda\/wp-json\/wp\/v2\/product_tag?post=9392"}],"curies":[{"name":"wp","href":"https:\/\/api.w.org\/{rel}","templated":true}]}}